{"id":58,"date":"2025-10-28T04:39:00","date_gmt":"2025-10-28T04:39:00","guid":{"rendered":"https:\/\/towerrush.eu\/?page_id=58"},"modified":"2026-01-20T16:02:50","modified_gmt":"2026-01-20T16:02:50","slug":"home1","status":"publish","type":"page","link":"https:\/\/towerrush.eu\/cs\/","title":{"rendered":"home1"},"content":{"rendered":"<section class=\"gb-element-c0819d6c banner\">\n<div class=\"gb-element-0659d418\">\n<div class=\"wp-block-columns is-layout-flex wp-container-core-columns-is-layout-9d6595d7 wp-block-columns-is-layout-flex\">\n<div class=\"wp-block-column is-layout-flow wp-block-column-is-layout-flow\">\n<h2 class=\"gb-text gb-text-155ce4c1\">TOWER RUSH CASINO: Zapojte se do hry tiktok trik\u016f<\/h2>\n\n\n\n<p class=\"has-text-align-center has-base-3-color has-text-color has-link-color wp-elements-9fa386176fcb4b4f3cddaf06d17d756b\"><strong>Zahrajte si nyn\u00ed hru Towers, ve kter\u00e9 sta\u010d\u00ed skl\u00e1dat domy na sebe a vyhr\u00e1t pen\u00edze! 5000 vstupn\u00ed bonus<\/strong><\/p>\n\n\n\n<div class=\"wp-block-columns is-layout-flex wp-container-core-columns-is-layout-9d6595d7 wp-block-columns-is-layout-flex\">\n<div class=\"wp-block-column is-layout-flow wp-block-column-is-layout-flow\" style=\"flex-basis:20px\"><\/div>\n\n\n\n<div class=\"wp-block-column is-layout-flow wp-block-column-is-layout-flow\">\n<a class=\"gb-text gb-text-50c1af7c\" href=\"\/play\/\">HR\u00c1T NYN\u00cd (DEMO)<\/a>\n<\/div>\n\n\n\n<div class=\"wp-block-column is-layout-flow wp-block-column-is-layout-flow\">\n<a class=\"gb-text gb-text-6d7e1e7e\" href=\"\/play\/\">HRAN\u00cd S RE\u00c1LN\u00ddMI PEN\u011aZI<\/a>\n<\/div>\n\n\n\n<div class=\"wp-block-column is-layout-flow wp-block-column-is-layout-flow\" style=\"flex-basis:20px\"><\/div>\n<\/div>\n<\/div>\n<\/div>\n<\/div>\n<\/section>\n\n\n\n<div class=\"gb-element-cebc5281\">\n<h2 class=\"wp-block-heading\">Tower Rush Kasino: n\u00e1zory a strategie pro rok 2026<\/h2>\n\n\n\n<p>U\u017e v\u00e1s nebav\u00ed sledovat, jak se v\u00e1lce to\u010d\u00ed, ani\u017e byste mohli ovlivnit osud sv\u00e9 s\u00e1zky? Tower Rush Casino tento z\u00e1\u017eitek znovu objevuje, proto\u017ee v\u00e1m d\u00e1v\u00e1 plnou kontrolu nad konstrukc\u00ed va\u0161eho rozto\u010den\u00ed a z ka\u017ed\u00e9ho kliknut\u00ed d\u011bl\u00e1 strategick\u00e9 dilema mezi okam\u017eitou v\u00fdhrou a vypo\u010d\u00edtan\u00fdm rizikem. Zde v\u00e1m odhal\u00edme p\u0159esn\u00e1 \u010d\u00edsla a speci\u00e1ln\u00ed bonusov\u00e9 tipy, kter\u00e9 v\u00e1m pomohou vyhnout se n\u00e1strah\u00e1m t\u00e9to vysoce volatiln\u00ed hry.<\/p>\n\n\n\n<ol class=\"wp-block-list\">\n<li><a href=\"#tower-rush-bien-plus-quun-simple-jeu-de-crash\">Tower Rush, mnohem v\u00edc ne\u017e jen hra s crashem<\/a><\/li>\n\n\n\n<li><a href=\"#la-mecanique-de-jeu-entre-construction-et-prise-de-risque\">Hern\u00ed mechanismy: mezi konstrukc\u00ed a riskov\u00e1n\u00edm<\/a><\/li>\n\n\n\n<li><a href=\"#les-bonus-et-malus-qui-pimentent-chaque-partie\">Bonusy a tresty pro zpest\u0159en\u00ed ka\u017ed\u00e9 hry<\/a><\/li>\n\n\n\n<li><a href=\"#tower-rush-face-aux-autres-jeux-lapproche-strategique\">Tower Rush versus jin\u00e9 hry: strategick\u00fd p\u0159\u00edstup<\/a><\/li>\n<\/ol>\n\n\n\n<h2 class=\"wp-block-heading\" id=\"tower-rush-bien-plus-quun-simple-jeu-de-crash\">Tower Rush, mnohem v\u00edc ne\u017e jen hra s crashem<\/h2>\n\n\n\n<h3 class=\"wp-block-heading\">Spojen\u00ed stavebnictv\u00ed a hazardn\u00edch her<\/h3>\n\n\n\n<p>Zapome\u0148te na hrac\u00ed automaty, kde pasivn\u011b trp\u00edte v\u00fdsledek. S Tower Rush Casino, <strong>st\u00e1v\u00e1te se str\u016fjcem sv\u00e9ho \u0161t\u011bst\u00ed.<\/strong>cihlu po cihle. Je to v\u00fdtvor spole\u010dnosti Galaxsys, kter\u00fd m\u011bn\u00ed pravidla hry. V\u011b\u017e stav\u00edte doslova patro po patru v re\u00e1ln\u00e9m \u010dase.<\/p>\n\n\n\n<p>Princip je krut\u00fd: ka\u017ed\u00e1 dokon\u010den\u00e1 \u00farove\u0148 zvy\u0161uje v\u00e1\u0161 n\u00e1sobitel v\u00fdhry. Ale pozor, struktura se m\u016f\u017ee bez varov\u00e1n\u00ed zhroutit p\u0159i sebemen\u0161\u00ed chyb\u011b. Je to <strong>toxick\u00e1 sm\u011bs vn\u00edman\u00e9 dovednosti a brut\u00e1ln\u00ed n\u00e1hody<\/strong>.<\/p>\n\n\n\n<p>Tato dynamika poh\u0159b\u00edv\u00e1 star\u00e9 zapr\u00e1\u0161en\u00e9 stoln\u00ed hry. Pro jednou budete m\u00edt pocit, \u017ee jste pr\u00e1v\u011b hr\u00e1li. <strong>va\u0161e ruce na volantu va\u0161eho osudu<\/strong>.<\/p>\n\n\n\n<h3 class=\"wp-block-heading\">Kl\u00ed\u010dov\u00e9 \u00fadaje, kter\u00e9 je t\u0159eba zn\u00e1t<\/h3>\n\n\n\n<p>Koncept je to l\u00e1kav\u00fd, ale vyplat\u00ed se to? Pod\u00edvejme se na chladnou matematiku za oponou. Tato nezpracovan\u00e1 data jsou z\u00e1sadn\u00ed pro <strong>posoudit, zda hra stoj\u00ed za va\u0161e pen\u00edze.<\/strong>.<\/p>\n\n\n\n<p>Zde je technick\u00fd list <strong>odd\u011bluje amat\u00e9ry od profesion\u00e1l\u016f<\/strong> tohoto titulu.<\/p>\n\n\n\n<figure class=\"wp-block-table\"><table class=\"has-fixed-layout\"><thead><tr><th>Funkce<\/th><th>Hodnota<\/th><\/tr><\/thead><tbody><tr><td>V\u00fdvoj\u00e1\u0159<\/td><td>Galaxsys<\/td><\/tr><tr><td>Typ hry<\/td><td>Turbo hra \/ Mini stavebn\u00ed hra<\/td><\/tr><tr><td>RTP (m\u00edra n\u00e1vratnosti hr\u00e1\u010d\u016f)<\/td><td>96.12% a\u017e 97%<\/td><\/tr><tr><td>Minim\u00e1ln\u00ed vklad<\/td><td>0.01 \u20ac<\/td><\/tr><tr><td>Maxim\u00e1ln\u00ed vklad<\/td><td>100 \u20ac<\/td><\/tr><tr><td>Kompatibilita<\/td><td>Mobiln\u00ed za\u0159\u00edzen\u00ed (HTML5), Po\u010d\u00edta\u010d<\/td><\/tr><\/tbody><\/table><\/figure>\n\n\n\n<h3 class=\"wp-block-heading\">C\u00edl: vyd\u011blat pen\u00edze p\u0159ed kolapsem<\/h3>\n\n\n\n<p>Va\u0161\u00edm c\u00edlem nen\u00ed dotknout se nebe, v\u011b\u0159te mi. C\u00edlem je <strong>zajist\u011bte si sv\u00e9 p\u0159\u00edjmy<\/strong> ne\u017e se to v\u0161echno rozpadne. Jedin\u00e9, na \u010dem p\u0159i t\u00e9to zku\u0161enosti opravdu z\u00e1le\u017e\u00ed, je na\u010dasov\u00e1n\u00ed.<\/p>\n\n\n\n<p>Ka\u017ed\u00e9 dal\u0161\u00ed patro na v\u00e1s k\u0159i\u010d\u00ed, abyste pokra\u010dovali, je to ment\u00e1ln\u00ed past. Neust\u00e1le se zm\u00edt\u00e1te mezi l\u00e1kadlem vy\u0161\u0161\u00edho n\u00e1sobitele a nitern\u00fdm strachem, \u017ee ve vte\u0159in\u011b p\u0159ijdete o v\u0161echno. Je to <strong>slastn\u00e9 psychick\u00e9 mu\u010den\u00ed<\/strong>.<\/p>\n\n\n\n<p>Stisknut\u00edm tla\u010d\u00edtka \"Cash Out\" z\u00edsk\u00e1te jedinou skute\u010dnou kontrolu. Teprve tehdy m\u016f\u017eete vyhr\u00e1t nad strojem.<\/p>\n\n\n\n<h2 class=\"wp-block-heading\" id=\"la-mecanique-de-jeu-entre-construction-et-prise-de-risque\">Hern\u00ed mechanismy: mezi konstrukc\u00ed a riskov\u00e1n\u00edm<\/h2>\n\n\n\n<p>Nyn\u00ed, kdy\u017e jsme si p\u0159ipravili sc\u00e9nu, se pod\u00edv\u00e1me na to, jak se hra Tower Rush Casino hraje a pro\u010d. <strong>prov\u011b\u0159\u00ed va\u0161e nervy<\/strong>.<\/p>\n\n\n\n<h3 class=\"wp-block-heading\">Princip stohov\u00e1n\u00ed<\/h3>\n\n\n\n<p>Stisknut\u00edm tla\u010d\u00edtka \"BUILD\" polo\u017ete prvn\u00ed k\u00e1men. Kv\u00e1dr se p\u0159id\u00e1 k va\u0161\u00ed nejist\u00e9 stavb\u011b. Nic se zde neot\u00e1\u010d\u00ed samo od sebe - spr\u00e1vcem stavby jste vy. Ka\u017ed\u00e9 dal\u0161\u00ed patro vy\u017eaduje va\u0161e ru\u010dn\u00ed schv\u00e1len\u00ed.<\/p>\n\n\n\n<p>Ka\u017ed\u00e9 \u00fasp\u011b\u0161n\u00e9 kliknut\u00ed upevn\u00ed v\u00e1\u0161 tah a <strong>zvy\u0161uje v\u00e1\u0161 potenci\u00e1ln\u00ed v\u00fdd\u011blek<\/strong>. Rozhran\u00ed je nen\u00e1ro\u010dn\u00e9, tak\u017ee nikdy neru\u0161\u00ed v\u00e1\u0161 v\u00fdhled. A\u0165 u\u017e na mobilu nebo po\u010d\u00edta\u010di, v\u0161e reaguje okam\u017eit\u011b.<\/p>\n\n\n\n<p>D\u00edky technologii HTML5 je hra <strong>spust\u00ed bez stahov\u00e1n\u00ed<\/strong>. Z\u00e1\u017eitek z\u016fst\u00e1v\u00e1 dokonale plynul\u00fd bez ohledu na za\u0159\u00edzen\u00ed.<\/p>\n\n\n\n<h3 class=\"wp-block-heading\">Multiplik\u00e1tor: dvoj\u00ed odm\u011bna<\/h3>\n\n\n\n<p>Multiplik\u00e1tor v\u00fdd\u011blku nem\u00e1 plynulou k\u0159ivku. <strong>Doslova exploduje<\/strong> \u010d\u00edm v\u00fd\u0161e stoup\u00e1te. Jeho hodnota z\u00e1vis\u00ed pouze na z\u00e1vratn\u00e9 v\u00fd\u0161ce, do kter\u00e9 se v\u00e1m poda\u0159\u00ed vystoupat. Je exponenci\u00e1ln\u00ed.<\/p>\n\n\n\n<p>To je klasick\u00e1 ment\u00e1ln\u00ed past, kter\u00e1 na hr\u00e1\u010de \u010dek\u00e1. \u010c\u00edm vy\u0161\u0161\u00ed je v\u00e1\u0161 tah, t\u00edm l\u00e1kav\u011bj\u0161\u00ed jsou figurky. Ale pozor, <strong>pravd\u011bpodobnost, \u017ee se v\u0161e zhrout\u00ed, se v\u00fdrazn\u011b zvy\u0161uje.<\/strong> na ka\u017ed\u00e9 nov\u00e9 \u00farovni.<\/p>\n\n\n\n<p>Tento pom\u011br rizika a odm\u011bny vytv\u00e1\u0159\u00ed ka\u017edou vte\u0159inu hmatateln\u00e9 nap\u011bt\u00ed. Ka\u017ed\u00e9 kliknut\u00ed se st\u00e1v\u00e1 hazardem s dalekos\u00e1hl\u00fdmi d\u016fsledky. Puls se v\u00e1m zrychluje, kdy\u017e <strong>jedna chyba vyma\u017ee v\u0161e<\/strong>.<\/p>\n\n\n\n<h3 class=\"wp-block-heading\">Cash out: um\u011bn\u00ed v\u011bd\u011bt, kdy p\u0159estat<\/h3>\n\n\n\n<p>Tla\u010d\u00edtko \"CASH OUT\" je zde va\u0161\u00edm jedin\u00fdm skute\u010dn\u00fdm spojencem. Je to jedin\u00fd p\u0159\u00edkaz, kter\u00fd zastav\u00ed bezprost\u0159edn\u00ed nebezpe\u010d\u00ed. Je to <strong>okam\u017eit\u011b p\u0159em\u011bn\u00ed va\u0161e virtu\u00e1ln\u00ed \u010d\u00edsla na skute\u010dn\u00e9 pen\u00edze.<\/strong>.<\/p>\n\n\n\n<p>Ve va\u0161\u00ed hlav\u011b se pak odehr\u00e1v\u00e1 prudk\u00fd vnit\u0159n\u00ed konflikt. Pokud vyb\u00edr\u00e1te pen\u00edze p\u0159\u00edli\u0161 rychle, vztek\u00e1te se na zisky, o kter\u00e9 jste p\u0159i\u0161li. Pokud budete \u010dekat o vte\u0159inu d\u00e9le, v\u011b\u017e se zhrout\u00ed. Na <strong>ztratit \u00fapln\u011b v\u0161echny pen\u00edze<\/strong>.<\/p>\n\n\n\n<p>Jedin\u00e1 dovednost, kter\u00e1 se vyplat\u00ed, je ovl\u00e1dnout nervy a u\u010dinit toto rozhodnut\u00ed. V tomto p\u0159\u00edpad\u011b je <strong>rozd\u00edl mezi v\u00fdhrou a prohrou<\/strong>.<\/p>\n\n\n\n<h2 class=\"wp-block-heading\" id=\"les-bonus-et-malus-qui-pimentent-chaque-partie\">Bonusy a tresty pro zpest\u0159en\u00ed ka\u017ed\u00e9 hry<\/h2>\n\n\n\n<p>Z\u00e1kladn\u00ed konstrukce je v\u0161ak jen za\u010d\u00e1tek. Skute\u010dn\u00e9 vzru\u0161en\u00ed p\u0159in\u00e1\u0161\u00ed <strong>n\u00e1hodn\u00e9 ud\u00e1losti, kter\u00e9 v\u00e1s mohou zachr\u00e1nit nebo zkomplikovat v\u00e1\u0161 \u00fakol.<\/strong>.<\/p>\n\n\n\n<h3 class=\"wp-block-heading\">T\u0159i bonusy, kter\u00e9 mohou v\u0161e zm\u011bnit<\/h3>\n\n\n\n<p>Zapome\u0148te na monot\u00f3nn\u00ed rutinu, kdy se cihly jednodu\u0161e skl\u00e1daj\u00ed jedna na druhou. N\u011bkdy zas\u00e1hne n\u00e1hoda a bez varov\u00e1n\u00ed zam\u00edch\u00e1 kartami. Tehdy <strong>tower rush casino je opravdu krut\u00e9<\/strong>.<\/p>\n\n\n\n<p>Tyto \u017eol\u00edky nejsou jen vizu\u00e1ln\u00edmi triky, ale tak\u00e9 <strong>strategick\u00e9 zbran\u011b pro v\u00e1\u0161 bankroll<\/strong> :<\/p>\n\n\n\n<ul class=\"wp-block-list\">\n<li>Zmrzl\u00e1 podlaha: \"Zmrzl\u00e1\" podlaha, kter\u00e1 <strong>zaru\u010duje \u00fasp\u011b\u0161nou v\u00fdstavbu dal\u0161\u00edho bloku<\/strong>. Je to do\u010dasn\u00e9 poji\u0161t\u011bn\u00ed, kter\u00e9 v\u00e1s vyb\u00edz\u00ed k v\u011bt\u0161\u00edmu riziku.<\/li>\n\n\n\n<li>Chr\u00e1mov\u00e1 podlaha: Speci\u00e1ln\u00ed podlaha, na kterou se aplikuje <strong>v\u00fdznamn\u00fd bonusov\u00fd n\u00e1sobitel<\/strong> k va\u0161emu aktu\u00e1ln\u00edmu v\u00fdd\u011blku, \u010d\u00edm\u017e se odm\u011bna exponenci\u00e1ln\u011b zvy\u0161uje.<\/li>\n\n\n\n<li><strong>Trojit\u00e9 sestaven\u00ed<\/strong> Umo\u017e\u0148uje postavit t\u0159i patra najednou, co\u017e v\u00fdrazn\u011b urychluje postup v\u011b\u017ee a zisky, ale koncentruje riziko.<\/li>\n<\/ul>\n\n\n\n<h3 class=\"wp-block-heading\">Past z\u00e1porn\u00fdch multiplik\u00e1tor\u016f<\/h3>\n\n\n\n<p>Ale pozor, 90 % hr\u00e1\u010d\u016f zapom\u00edn\u00e1, \u017ee vzestup nen\u00ed v\u017edy line\u00e1rn\u00ed a bezpe\u010dn\u00fd. Nav\u0161tivte <strong>syst\u00e9m skr\u00fdv\u00e1 z\u00e1ludn\u00e9 pasti<\/strong> kter\u00e9 mnoho lid\u00ed ignoruje. M\u016f\u017eete se setkat s proklet\u00fdmi podlahami se z\u00e1porn\u00fdmi n\u00e1sobiteli, nap\u0159\u00edklad s ob\u00e1van\u00fdm x0,5.<\/p>\n\n\n\n<p>Z praktick\u00e9ho hlediska je v\u00e1\u0161 nashrom\u00e1\u017ed\u011bn\u00fd majetek <strong>okam\u017eit\u00e9 sn\u00ed\u017een\u00ed na polovinu<\/strong> bez varov\u00e1n\u00ed. Je to jako studen\u00e1 sprcha. Ve\u0161ker\u00e9 va\u0161e p\u0159edchoz\u00ed \u00fasil\u00ed se ve zlomku vte\u0159iny rozplyne v kou\u0159i.<\/p>\n\n\n\n<p>Tato neviditeln\u00e1 hrozba v\u00e1m hraje na nervy a p\u0159id\u00e1v\u00e1 stra\u0161livou vrstvu nejistoty. Strach, \u017ee jednoduch\u00fdm matematick\u00fdm d\u011blen\u00edm p\u0159ijdete o v\u0161echno, v\u00e1s ochromuje. V\u00e1h\u00e1te, t\u0159esete se a v tu chv\u00edli ud\u011bl\u00e1te chybu. <strong>fat\u00e1ln\u00ed chyba<\/strong>.<\/p>\n\n\n\n<h3 class=\"wp-block-heading\">Jak tyto funkce m\u011bn\u00ed strategii<\/h3>\n\n\n\n<p>Tato nebezpe\u010d\u00ed zcela rozb\u00edjej\u00ed monot\u00f3nnost opakovan\u00e9ho klik\u00e1n\u00ed a zabra\u0148uj\u00ed tomu, aby se v nich ujala jak\u00e1koli rutina. Je nemo\u017en\u00e9 dodr\u017eovat rigidn\u00ed pl\u00e1n. Ka\u017ed\u00e9 sezen\u00ed se st\u00e1v\u00e1 <strong>nep\u0159edv\u00eddateln\u00e1 \u0161elma, kterou je t\u0159eba zkrotit.<\/strong> na pracovi\u0161ti.<\/p>\n\n\n\n<p>Zmrzl\u00e1 podlaha r\u00e1zem zm\u011bn\u00ed nesm\u011bl\u00e9ho hr\u00e1\u010de v horkou hlavu p\u0159ipravenou na cokoli. A naopak, prost\u00fd strach ze z\u00e1porn\u00e9ho n\u00e1sobitele nut\u00ed hr\u00e1\u010de s vysok\u00fdmi vklady, aby si p\u0159ed\u010dasn\u011b zajistili v\u00fdhru. <strong>Tepov\u00e1 frekvence diktuje kliknut\u00ed<\/strong>. Je to brut\u00e1ln\u00ed.<\/p>\n\n\n\n<p>Stru\u010dn\u011b \u0159e\u010deno, abyste zde p\u0159e\u017eili, pot\u0159ebujete. <strong>neust\u00e1l\u00e9 p\u0159izp\u016fsobov\u00e1n\u00ed se chaosu<\/strong>. Proto je tento z\u00e1\u017eitek mnohem intenzivn\u011bj\u0161\u00ed ne\u017e klasick\u00e1 hazardn\u00ed hra.<\/p>\n\n\n\n<h2 class=\"wp-block-heading\" id=\"tower-rush-face-aux-autres-jeux-lapproche-strategique\">Tower Rush versus jin\u00e9 hry: strategick\u00fd p\u0159\u00edstup<\/h2>\n\n\n\n<h3 class=\"wp-block-heading\">V\u00edce ne\u017e hra o p\u00e1dy, hra o na\u010dasov\u00e1n\u00ed<\/h3>\n\n\n\n<p>Zapome\u0148te na pasivn\u00ed \u010dek\u00e1n\u00ed na vzlet letadla, kter\u00e9 trv\u00e1 nekone\u010dn\u011b dlouho, jako tomu bylo v letadle Aviator. V kasinu Tower Rush nejste pouh\u00fdm div\u00e1kem, <strong>jste aktivn\u00ed stavitel<\/strong>. Vy jste ten, kdo pokl\u00e1d\u00e1 ka\u017edou cihlu podlahu po podlaze a ru\u010dn\u011b ji zved\u00e1. Tento rozd\u00edl m\u011bn\u00ed celou psychologickou dynamiku hry.<\/p>\n\n\n\n<p>Tato konstruk\u010dn\u00ed mechanika nab\u00edz\u00ed mnohem intenzivn\u011bj\u0161\u00ed pocit ovl\u00e1d\u00e1n\u00ed ne\u017e konkurence. Pokud se v\u011b\u017e z\u0159\u00edt\u00ed, osobn\u011b se na sebe zlob\u00edte, \u017ee jste byli p\u0159i klik\u00e1n\u00ed p\u0159\u00edli\u0161 chamtiv\u00ed. Opravdu se c\u00edt\u00edte <strong>spoluautor kone\u010dn\u00e9ho v\u00fdsledku<\/strong>.<\/p>\n\n\n\n<p>Kone\u010dn\u011b se dost\u00e1v\u00e1me od klasick\u00e9 \"hry na ku\u0159e\" k j\u00e1dru v\u011bci. <strong>dovednostn\u00ed hra<\/strong>. Je to t\u00e9m\u011b\u0159 rytmick\u00e1 hra, kde o v\u0161em rozhoduje na\u010dasov\u00e1n\u00ed va\u0161eho rozhodnut\u00ed.<\/p>\n\n\n\n<h3 class=\"wp-block-heading\">V\u00fdznam demoverze<\/h3>\n\n\n\n<p>Bylo by bl\u00e1znovstv\u00edm vsadit vlastn\u00ed pen\u00edze, ani\u017e byste nejprve vyzkou\u0161eli ter\u00e9n. Nav\u0161tivte <strong>ihned k dispozici bezplatn\u00e1 demoverze<\/strong>Nen\u00ed nutn\u00e9 stahovat. Je to nutnost pro ka\u017ed\u00e9ho hr\u00e1\u010de, kter\u00fd si v\u00e1\u017e\u00ed s\u00e1m sebe.<\/p>\n\n\n\n<p>Poskytuje 10 000 virtu\u00e1ln\u00edch kredit\u016f, abyste pochopili skute\u010dnou \u010detnost hav\u00e1ri\u00ed. Mus\u00edte poc\u00edtit tu frustraci, kdy\u017e v\u011b\u017e spadne na \u00farove\u0148 2, ani\u017e by v\u00e1s to st\u00e1lo jedin\u00fd cent. Lep\u0161\u00ed je p\u0159ij\u00edt o fale\u0161n\u00e9 pen\u00edze. <strong>pou\u010den\u00ed<\/strong>.<\/p>\n\n\n\n<p>Brzy zjist\u00edte, zda va\u0161e nervy zvl\u00e1dnou tlak. <strong>Otestujte sv\u00e9 limity<\/strong> ani\u017e byste riskovali sv\u016fj plat, je to tak jednoduch\u00e9.<\/p>\n\n\n\n<h3 class=\"wp-block-heading\">\u0158\u00edzen\u00ed rizik: n\u011bkolik n\u00e1m\u011bt\u016f k zamy\u0161len\u00ed<\/h3>\n\n\n\n<p>Aby bylo jasno, \u017e\u00e1dn\u00e1 z\u00e1zra\u010dn\u00e1 metoda nep\u0159ekon\u00e1 n\u00e1hodnost naprogramovanou v\u00fdvoj\u00e1\u0159i Galaxsys. <strong>Hra z\u016fst\u00e1v\u00e1 ze sv\u00e9 podstaty nep\u0159edv\u00eddateln\u00e1<\/strong>Nez\u00e1le\u017e\u00ed na tom, jak jste talentovan\u00ed. Jedin\u00e9, co skute\u010dn\u011b m\u016f\u017eete ovlivnit, je zp\u016fsob, jak\u00fdm spravujete sv\u00e9 portfolio.<\/p>\n\n\n\n<p>Abyste se ujistili, \u017ee v\u00e1m pen\u00edze nep\u016fjdou z kapsy, zde je n\u00e1vod, jak na to. <strong>co veter\u00e1ni sv\u011bdomit\u011b aplikuj\u00ed, aby vydr\u017eeli.<\/strong> :<\/p>\n\n\n\n<ul class=\"wp-block-list\">\n<li>P\u0159ed kliknut\u00edm definujte pevn\u00fd c\u00edl sta\u017een\u00ed, jako nap\u0159. <strong>systematicky se zastav\u00ed na n\u00e1sobku x3.<\/strong>.<\/li>\n\n\n\n<li>Uzav\u0159ete p\u0159\u00edsn\u00fd rozpo\u010det relace a <strong>zav\u0159\u00edt kartu po dosa\u017een\u00ed limitu<\/strong>bez v\u00fdjimky.<\/li>\n\n\n\n<li><strong>Pouze reinvestov\u00e1n\u00ed zisk\u016f<\/strong> p\u0159edchoz\u00edch kol, aby si vyzkou\u0161eli velk\u00e1 patra, ani\u017e by se dotkli po\u010d\u00e1te\u010dn\u00edho kapit\u00e1lu.<\/li>\n<\/ul>\n\n\n\n<p>Tower Rush <strong>znovuobjevuje hru na boura\u010dky<\/strong> d\u00edky interaktivn\u00ed konstruk\u010dn\u00ed mechanice navr\u017een\u00e9 spole\u010dnost\u00ed Galaxsys. Je to v\u00edc ne\u017e jen s\u00e1zka, kter\u00e1 vy\u017eaduje klid a na\u010dasov\u00e1n\u00ed. <strong>zajist\u011bte si sv\u00e9 zisky p\u0159ed kolapsem<\/strong>. Vyzkou\u0161ejte si demoverzi a seznamte se s touto vertik\u00e1ln\u00ed v\u00fdzvou, kde ka\u017ed\u00e9 nov\u00e9 patro osciluje mezi... <strong>\u010dist\u00fd adrenalin a promy\u0161len\u00e1 strategie<\/strong>.<\/p>\n<\/div>\n\n\n\n<p><\/p>","protected":false},"excerpt":{"rendered":"<p>TOWER RUSH CASINO : JOuer au jeu des tours de tiktok Jouez maintenant au jeu des tours o\u00f9 ils suffit d&#8217;empiler des maisons pour gagner de l&rsquo;argent ! Bonus de 5000\u20ac \u00e0 l&rsquo;inscription JOUER MAINTENANT (DEMO) JOUER AVEC DE l&rsquo;argent r\u00e9el Tower Rush Casino : avis et strat\u00e9gies pour 2026 \u00cates-vous lass\u00e9 de regarder les &#8230; <a title=\"home1\" class=\"read-more\" href=\"https:\/\/towerrush.eu\/cs\/\" aria-label=\"\u010c\u00edst v\u00edce o home1\">Read more<\/a><\/p>","protected":false},"author":1,"featured_media":0,"parent":0,"menu_order":0,"comment_status":"closed","ping_status":"closed","template":"","meta":{"footnotes":""},"class_list":["post-58","page","type-page","status-publish"],"_links":{"self":[{"href":"https:\/\/towerrush.eu\/cs\/wp-json\/wp\/v2\/pages\/58","targetHints":{"allow":["GET"]}}],"collection":[{"href":"https:\/\/towerrush.eu\/cs\/wp-json\/wp\/v2\/pages"}],"about":[{"href":"https:\/\/towerrush.eu\/cs\/wp-json\/wp\/v2\/types\/page"}],"author":[{"embeddable":true,"href":"https:\/\/towerrush.eu\/cs\/wp-json\/wp\/v2\/users\/1"}],"replies":[{"embeddable":true,"href":"https:\/\/towerrush.eu\/cs\/wp-json\/wp\/v2\/comments?post=58"}],"version-history":[{"count":59,"href":"https:\/\/towerrush.eu\/cs\/wp-json\/wp\/v2\/pages\/58\/revisions"}],"predecessor-version":[{"id":265,"href":"https:\/\/towerrush.eu\/cs\/wp-json\/wp\/v2\/pages\/58\/revisions\/265"}],"wp:attachment":[{"href":"https:\/\/towerrush.eu\/cs\/wp-json\/wp\/v2\/media?parent=58"}],"curies":[{"name":"wp","href":"https:\/\/api.w.org\/{rel}","templated":true}]}}