{"id":58,"date":"2025-10-28T04:39:00","date_gmt":"2025-10-28T04:39:00","guid":{"rendered":"https:\/\/towerrush.eu\/?page_id=58"},"modified":"2026-01-20T16:02:50","modified_gmt":"2026-01-20T16:02:50","slug":"home1","status":"publish","type":"page","link":"https:\/\/towerrush.eu\/es\/","title":{"rendered":"home1"},"content":{"rendered":"<section class=\"gb-element-c0819d6c banner\">\n<div class=\"gb-element-0659d418\">\n<div class=\"wp-block-columns is-layout-flex wp-container-core-columns-is-layout-9d6595d7 wp-block-columns-is-layout-flex\">\n<div class=\"wp-block-column is-layout-flow wp-block-column-is-layout-flow\">\n<h2 class=\"gb-text gb-text-155ce4c1\">TOWER RUSH CASINO: JOuer en el juego de trucos tiktok<\/h2>\n\n\n\n<p class=\"has-text-align-center has-base-3-color has-text-color has-link-color wp-elements-9fa386176fcb4b4f3cddaf06d17d756b\"><strong>Juega ahora al juego Towers, \u00a1donde todo lo que tienes que hacer es apilar casas para ganar dinero! Bono de inscripci\u00f3n de 5000<\/strong><\/p>\n\n\n\n<div class=\"wp-block-columns is-layout-flex wp-container-core-columns-is-layout-9d6595d7 wp-block-columns-is-layout-flex\">\n<div class=\"wp-block-column is-layout-flow wp-block-column-is-layout-flow\" style=\"flex-basis:20px\"><\/div>\n\n\n\n<div class=\"wp-block-column is-layout-flow wp-block-column-is-layout-flow\">\n<a class=\"gb-text gb-text-50c1af7c\" href=\"\/play\/\">JUGAR AHORA (DEMO)<\/a>\n<\/div>\n\n\n\n<div class=\"wp-block-column is-layout-flow wp-block-column-is-layout-flow\">\n<a class=\"gb-text gb-text-6d7e1e7e\" href=\"\/play\/\">JUGAR CON DINERO REAL<\/a>\n<\/div>\n\n\n\n<div class=\"wp-block-column is-layout-flow wp-block-column-is-layout-flow\" style=\"flex-basis:20px\"><\/div>\n<\/div>\n<\/div>\n<\/div>\n<\/div>\n<\/section>\n\n\n\n<div class=\"gb-element-cebc5281\">\n<h2 class=\"wp-block-heading\">Tower Rush Casino: opiniones y estrategias para 2026<\/h2>\n\n\n\n<p>\u00bfEst\u00e1 cansado de ver girar los rodillos sin poder influir en el destino de su apuesta? Tower Rush Casino reinventa la experiencia d\u00e1ndole un control total sobre la construcci\u00f3n de su giro, convirtiendo cada clic en un dilema estrat\u00e9gico entre la ganancia inmediata y el riesgo calculado. Aqu\u00ed le revelamos los n\u00fameros exactos y consejos especiales de bonificaci\u00f3n para ayudarle a evitar las trampas de este juego de alta volatilidad.<\/p>\n\n\n\n<ol class=\"wp-block-list\">\n<li><a href=\"#tower-rush-bien-plus-quun-simple-jeu-de-crash\">Tower Rush, mucho m\u00e1s que un juego de choque<\/a><\/li>\n\n\n\n<li><a href=\"#la-mecanique-de-jeu-entre-construction-et-prise-de-risque\">Mec\u00e1nica de juego: entre la construcci\u00f3n y la asunci\u00f3n de riesgos<\/a><\/li>\n\n\n\n<li><a href=\"#les-bonus-et-malus-qui-pimentent-chaque-partie\">Bonificaciones y penalizaciones para animar cada partida<\/a><\/li>\n\n\n\n<li><a href=\"#tower-rush-face-aux-autres-jeux-lapproche-strategique\">Tower Rush frente a otros juegos: el enfoque estrat\u00e9gico<\/a><\/li>\n<\/ol>\n\n\n\n<h2 class=\"wp-block-heading\" id=\"tower-rush-bien-plus-quun-simple-jeu-de-crash\">Tower Rush, mucho m\u00e1s que un juego de choque<\/h2>\n\n\n\n<h3 class=\"wp-block-heading\">Una fusi\u00f3n de construcci\u00f3n y juego<\/h3>\n\n\n\n<p>Olv\u00eddate de las m\u00e1quinas tragaperras en las que sufres pasivamente el resultado. Con Tower Rush Casino, <strong>te conviertes en el arquitecto de tu propia fortuna<\/strong>ladrillo a ladrillo. Es una creaci\u00f3n de Galaxsys que est\u00e1 cambiando el juego. Construyes literalmente tu torre, piso a piso, en tiempo real.<\/p>\n\n\n\n<p>El principio es vicioso: cada nivel que completas infla tu multiplicador de ganancias. Pero cuidado, la estructura puede derrumbarse sin previo aviso al menor error. Es un <strong>mezcla t\u00f3xica de habilidad percibida y azar brutal<\/strong>.<\/p>\n\n\n\n<p>Esta din\u00e1mica entierra los viejos y polvorientos juegos de mesa. Por una vez, te sentir\u00e1s como si acabaras de <strong>tus manos en el volante de tu destino<\/strong>.<\/p>\n\n\n\n<h3 class=\"wp-block-heading\">Cifras clave<\/h3>\n\n\n\n<p>El concepto es atractivo, pero \u00bfrealmente compensa? Echemos un vistazo a las fr\u00edas matem\u00e1ticas que se esconden tras el tel\u00f3n. Estos datos en bruto son esenciales para <strong>evaluar si el juego merece la pena<\/strong>.<\/p>\n\n\n\n<p>Aqu\u00ed est\u00e1 la ficha t\u00e9cnica <strong>separa a los aficionados de los profesionales<\/strong> de este t\u00edtulo.<\/p>\n\n\n\n<figure class=\"wp-block-table\"><table class=\"has-fixed-layout\"><thead><tr><th>Caracter\u00edsticas<\/th><th>Valor<\/th><\/tr><\/thead><tbody><tr><td>Desarrollador<\/td><td>Galaxsys<\/td><\/tr><tr><td>Tipo de juego<\/td><td>Turbo juego \/ Mini juego de construcci\u00f3n<\/td><\/tr><tr><td>RTP (Tasa de retorno del jugador)<\/td><td>96.12% a 97%<\/td><\/tr><tr><td>Participaci\u00f3n m\u00ednima<\/td><td>0.01 \u20ac<\/td><\/tr><tr><td>Apuesta m\u00e1xima<\/td><td>100 \u20ac<\/td><\/tr><tr><td>Compatibilidad<\/td><td>M\u00f3vil (HTML5), Ordenador<\/td><\/tr><\/tbody><\/table><\/figure>\n\n\n\n<h3 class=\"wp-block-heading\">El objetivo: cobrar antes del colapso<\/h3>\n\n\n\n<p>Tu objetivo no es tocar el cielo, cr\u00e9eme. El objetivo es <strong>asegure sus ingresos<\/strong> antes de que todo se venga abajo. La sincronizaci\u00f3n es lo \u00fanico que realmente cuenta en esta experiencia.<\/p>\n\n\n\n<p>Cada piso adicional te grita que sigas adelante, es una trampa mental. Te debates constantemente entre el atractivo de un multiplicador m\u00e1s alto y el miedo visceral a perderlo todo en un segundo. Es una <strong>deliciosa tortura psicol\u00f3gica<\/strong>.<\/p>\n\n\n\n<p>Pulsar \"Cobrar\" es tu \u00fanico momento real de control. Es entonces, y solo entonces, cuando ganas contra la m\u00e1quina.<\/p>\n\n\n\n<h2 class=\"wp-block-heading\" id=\"la-mecanique-de-jeu-entre-construction-et-prise-de-risque\">Mec\u00e1nica de juego: entre la construcci\u00f3n y la asunci\u00f3n de riesgos<\/h2>\n\n\n\n<p>Ahora que hemos preparado el escenario, echemos un vistazo a c\u00f3mo se juega una partida de Tower Rush Casino y por qu\u00e9. <strong>pone tus nervios a prueba<\/strong>.<\/p>\n\n\n\n<h3 class=\"wp-block-heading\">El principio de apilamiento<\/h3>\n\n\n\n<p>Pulsa el bot\u00f3n \"CONSTRUIR\" para colocar la primera piedra. Se a\u00f1ade un bloque a tu precario edificio. Aqu\u00ed nada gira por s\u00ed solo: t\u00fa eres el jefe de obra. Cada planta adicional requiere tu aprobaci\u00f3n manual.<\/p>\n\n\n\n<p>Cada clic acertado consolida tu turno y <strong>aumenta tus ingresos potenciales<\/strong>. La interfaz no est\u00e1 recargada, por lo que nunca se interpone en tu visi\u00f3n. Tanto en el m\u00f3vil como en el PC, todo reacciona al instante.<\/p>\n\n\n\n<p>Gracias a la tecnolog\u00eda HTML5, el juego <strong>se inicia sin ninguna descarga<\/strong>. La experiencia sigue siendo perfectamente fluida, sea cual sea tu dispositivo.<\/p>\n\n\n\n<h3 class=\"wp-block-heading\">El multiplicador: una recompensa de doble filo<\/h3>\n\n\n\n<p>El multiplicador de los ingresos no sigue una curva suave. <strong>Literalmente explota<\/strong> cuanto m\u00e1s alto subas. Su valor depende \u00fanicamente de la vertiginosa altura que consigas alcanzar. Es exponencial.<\/p>\n\n\n\n<p>Esta es la cl\u00e1sica trampa mental que espera a los jugadores. Cuanto m\u00e1s sube tu turno, m\u00e1s tentadoras se vuelven las cifras. Pero cuidado, <strong>la probabilidad de que todo se derrumbe aumenta dr\u00e1sticamente<\/strong> en cada nuevo nivel.<\/p>\n\n\n\n<p>Esta relaci\u00f3n riesgo\/recompensa crea una tensi\u00f3n palpable a cada segundo. Cada clic se convierte en una apuesta con consecuencias de largo alcance. El pulso se acelera <strong>un error lo borra todo<\/strong>.<\/p>\n\n\n\n<h3 class=\"wp-block-heading\">Cobrar en efectivo: el arte de saber cu\u00e1ndo parar<\/h3>\n\n\n\n<p>El bot\u00f3n \"SALIR\" es tu \u00fanico aliado real aqu\u00ed. Es el \u00fanico comando que detiene el peligro inmediato. En <strong>transforma al instante tus cifras virtuales en dinero real<\/strong>.<\/p>\n\n\n\n<p>En tu cabeza se desarrolla un violento conflicto interno. Si cobras demasiado r\u00e1pido, te enfureces por las ganancias perdidas. Si esperas un segundo de m\u00e1s, la torre se derrumba. Usted <strong>perder absolutamente todo su dinero<\/strong>.<\/p>\n\n\n\n<p>Controlar los nervios para tomar esta decisi\u00f3n sigue siendo la \u00fanica habilidad que merece la pena. Aqu\u00ed es donde el <strong>la diferencia entre ganar y perder<\/strong>.<\/p>\n\n\n\n<h2 class=\"wp-block-heading\" id=\"les-bonus-et-malus-qui-pimentent-chaque-partie\">Bonificaciones y penalizaciones para animar cada partida<\/h2>\n\n\n\n<p>Pero la construcci\u00f3n b\u00e1sica es s\u00f3lo el principio. La verdadera emoci\u00f3n viene del <strong>acontecimientos aleatorios que pueden salvarte o complicarte la tarea<\/strong>.<\/p>\n\n\n\n<h3 class=\"wp-block-heading\">Las tres primas que pueden cambiarlo todo<\/h3>\n\n\n\n<p>Olv\u00eddese de la mon\u00f3tona rutina de apilar ladrillos unos encima de otros. A veces el azar interviene y vuelve a barajar la baraja sin previo aviso. Es entonces cuando <strong>tower rush casino se vuelve realmente vicioso<\/strong>.<\/p>\n\n\n\n<p>Estos comodines no son s\u00f3lo trucos visuales, tambi\u00e9n son <strong>armas estrat\u00e9gicas para su bankroll<\/strong> :<\/p>\n\n\n\n<ul class=\"wp-block-list\">\n<li>Suelo congelado: Un suelo \"congelado\" que <strong>garantiza el \u00e9xito de la construcci\u00f3n del siguiente bloque<\/strong>. Es un seguro temporal que te anima a asumir m\u00e1s riesgos.<\/li>\n\n\n\n<li>Suelo del templo: Un suelo especial que aplica un <strong>importante multiplicador de bonificaci\u00f3n<\/strong> a tus ganancias actuales, aumentando exponencialmente la recompensa.<\/li>\n\n\n\n<li><strong>Construcci\u00f3n triple<\/strong> Permite construir tres pisos de una sola vez, lo que acelera enormemente el progreso de la torre y las ganancias, pero concentra el riesgo.<\/li>\n<\/ul>\n\n\n\n<h3 class=\"wp-block-heading\">La trampa de los multiplicadores negativos<\/h3>\n\n\n\n<p>Pero cuidado, 90 % de los jugadores olvidan que el ascenso no siempre es lineal y seguro. Visite <strong>el sistema esconde trampas enrevesadas<\/strong> que mucha gente ignora. Puede que te encuentres con pisos malditos con multiplicadores negativos, como el temido x0,5.<\/p>\n\n\n\n<p>En t\u00e9rminos pr\u00e1cticos, su riqueza acumulada es <strong>se reduce instant\u00e1neamente a la mitad<\/strong> sin previo aviso. Es como una ducha fr\u00eda. Todos tus esfuerzos anteriores se esfuman en una fracci\u00f3n de segundo.<\/p>\n\n\n\n<p>Esta amenaza invisible juega con tus nervios y a\u00f1ade una terrible capa de incertidumbre. El miedo a perderlo todo por una simple divisi\u00f3n matem\u00e1tica te paraliza. Dudas, tiemblas, y es entonces cuando cometes un error. <strong>el error fatal<\/strong>.<\/p>\n\n\n\n<h3 class=\"wp-block-heading\">C\u00f3mo estas caracter\u00edsticas est\u00e1n cambiando la estrategia<\/h3>\n\n\n\n<p>Estos peligros rompen por completo la monoton\u00eda del clic repetitivo e impiden que se arraigue la rutina. Es imposible seguir un plan r\u00edgido. Cada sesi\u00f3n se convierte en un <strong>una bestia impredecible que hay que domar<\/strong> en el trabajo.<\/p>\n\n\n\n<p>Un Piso Congelado convierte de repente a un jugador t\u00edmido en un exaltado dispuesto a todo. A la inversa, el simple miedo a un multiplicador negativo obliga a los grandes apostadores a asegurar sus ganancias antes de tiempo. <strong>La frecuencia card\u00edaca dicta el clic<\/strong>. Es brutal.<\/p>\n\n\n\n<p>En resumen, para sobrevivir aqu\u00ed, necesitas <strong>adaptarse constantemente al caos<\/strong>. Eso es lo que hace que la experiencia sea mucho m\u00e1s intensa que un juego de azar cl\u00e1sico.<\/p>\n\n\n\n<h2 class=\"wp-block-heading\" id=\"tower-rush-face-aux-autres-jeux-lapproche-strategique\">Tower Rush frente a otros juegos: el enfoque estrat\u00e9gico<\/h2>\n\n\n\n<h3 class=\"wp-block-heading\">M\u00e1s que un juego de choques, un juego de sincronizaci\u00f3n<\/h3>\n\n\n\n<p>Olv\u00eddese de esperar pasivamente a que un avi\u00f3n despegue indefinidamente como en Aviator. Con Tower Rush Casino, no ser\u00e1s un mero espectador, <strong>eres un constructor activo<\/strong>. Eres t\u00fa quien coloca cada ladrillo, piso por piso, levant\u00e1ndolo manualmente. Esta diferencia cambia toda la din\u00e1mica psicol\u00f3gica del juego.<\/p>\n\n\n\n<p>Esta mec\u00e1nica de construcci\u00f3n ofrece una sensaci\u00f3n de control mucho m\u00e1s intensa que la competencia. Si la torre se derrumba, te enfadas personalmente contigo mismo por haber sido demasiado avaricioso con ese clic. Realmente sientes <strong>coautor del resultado final<\/strong>.<\/p>\n\n\n\n<p>Por fin nos alejamos del cl\u00e1sico \"juego de la gallina\" y entramos en el meollo de la cuesti\u00f3n. <strong>juego de habilidad<\/strong>. Es casi un juego de ritmo en el que el momento de tu decisi\u00f3n lo determina todo.<\/p>\n\n\n\n<h3 class=\"wp-block-heading\">La importancia de la versi\u00f3n demo<\/h3>\n\n\n\n<p>Ser\u00eda una locura apostar su propio dinero sin probar primero el terreno. Visite <strong>versi\u00f3n de demostraci\u00f3n gratuita disponible de inmediato<\/strong>No requiere descarga. Es imprescindible para cualquier jugador que se precie.<\/p>\n\n\n\n<p>Te da 10.000 cr\u00e9ditos virtuales para que comprendas la frecuencia real de las ca\u00eddas. Tienes que sentir esa frustraci\u00f3n cuando la torre cae al nivel 2 sin que te cueste un c\u00e9ntimo. Mejor perder dinero falso para <strong>aprender la lecci\u00f3n<\/strong>.<\/p>\n\n\n\n<p>Pronto descubrir\u00e1 si sus nervios pueden soportar la presi\u00f3n. <strong>Pon a prueba tus l\u00edmites<\/strong> sin arriesgar tu sueldo, as\u00ed de sencillo.<\/p>\n\n\n\n<h3 class=\"wp-block-heading\">Gesti\u00f3n del riesgo: algunos elementos de reflexi\u00f3n<\/h3>\n\n\n\n<p>Seamos claros, ning\u00fan m\u00e9todo milagroso supera la aleatoriedad programada por los desarrolladores de Galaxsys. <strong>El juego sigue siendo imprevisible por naturaleza<\/strong>No importa el talento que tengas. Lo \u00fanico que realmente controlas es c\u00f3mo gestionas tu cartera.<\/p>\n\n\n\n<p>Para que no acabe pagando de su bolsillo, haga lo siguiente <strong>lo que los veteranos aplican escrupulosamente para durar<\/strong> :<\/p>\n\n\n\n<ul class=\"wp-block-list\">\n<li>Establezca un objetivo firme de retirada antes de hacer clic, por ejemplo <strong>parar sistem\u00e1ticamente en un multiplicador x3<\/strong>.<\/li>\n\n\n\n<li>Fije un presupuesto estricto para la sesi\u00f3n y <strong>cerrar la pesta\u00f1a cuando se alcance el l\u00edmite<\/strong>sin excepci\u00f3n.<\/li>\n\n\n\n<li><strong>S\u00f3lo reinversi\u00f3n de beneficios<\/strong> de las rondas anteriores para intentar los grandes pisos, sin tocar el capital inicial.<\/li>\n<\/ul>\n\n\n\n<p>Tower Rush <strong>reinventa el juego del choque<\/strong> gracias a su mec\u00e1nica de construcci\u00f3n interactiva dise\u00f1ada por Galaxsys. M\u00e1s que una apuesta, requiere compostura y sincronizaci\u00f3n para <strong>asegure sus ganancias antes del colapso<\/strong>. Prueba la versi\u00f3n demo para familiarizarte con este desaf\u00edo vertical, en el que cada nuevo piso oscila entre <strong>pura adrenalina y estrategia meditada<\/strong>.<\/p>\n<\/div>\n\n\n\n<p><\/p>","protected":false},"excerpt":{"rendered":"<p>TOWER RUSH CASINO : JOuer au jeu des tours de tiktok Jouez maintenant au jeu des tours o\u00f9 ils suffit d&#8217;empiler des maisons pour gagner de l&rsquo;argent ! Bonus de 5000\u20ac \u00e0 l&rsquo;inscription JOUER MAINTENANT (DEMO) JOUER AVEC DE l&rsquo;argent r\u00e9el Tower Rush Casino : avis et strat\u00e9gies pour 2026 \u00cates-vous lass\u00e9 de regarder les &#8230; <a title=\"home1\" class=\"read-more\" href=\"https:\/\/towerrush.eu\/es\/\" aria-label=\"Leer m\u00e1s sobre home1\">Leer m\u00e1s<\/a><\/p>","protected":false},"author":1,"featured_media":0,"parent":0,"menu_order":0,"comment_status":"closed","ping_status":"closed","template":"","meta":{"footnotes":""},"class_list":["post-58","page","type-page","status-publish"],"_links":{"self":[{"href":"https:\/\/towerrush.eu\/es\/wp-json\/wp\/v2\/pages\/58","targetHints":{"allow":["GET"]}}],"collection":[{"href":"https:\/\/towerrush.eu\/es\/wp-json\/wp\/v2\/pages"}],"about":[{"href":"https:\/\/towerrush.eu\/es\/wp-json\/wp\/v2\/types\/page"}],"author":[{"embeddable":true,"href":"https:\/\/towerrush.eu\/es\/wp-json\/wp\/v2\/users\/1"}],"replies":[{"embeddable":true,"href":"https:\/\/towerrush.eu\/es\/wp-json\/wp\/v2\/comments?post=58"}],"version-history":[{"count":59,"href":"https:\/\/towerrush.eu\/es\/wp-json\/wp\/v2\/pages\/58\/revisions"}],"predecessor-version":[{"id":265,"href":"https:\/\/towerrush.eu\/es\/wp-json\/wp\/v2\/pages\/58\/revisions\/265"}],"wp:attachment":[{"href":"https:\/\/towerrush.eu\/es\/wp-json\/wp\/v2\/media?parent=58"}],"curies":[{"name":"wp","href":"https:\/\/api.w.org\/{rel}","templated":true}]}}