{"id":58,"date":"2025-10-28T04:39:00","date_gmt":"2025-10-28T04:39:00","guid":{"rendered":"https:\/\/towerrush.eu\/?page_id=58"},"modified":"2026-01-20T16:02:50","modified_gmt":"2026-01-20T16:02:50","slug":"home1","status":"publish","type":"page","link":"https:\/\/towerrush.eu\/et\/","title":{"rendered":"home1"},"content":{"rendered":"<section class=\"gb-element-c0819d6c banner\">\n<div class=\"gb-element-0659d418\">\n<div class=\"wp-block-columns is-layout-flex wp-container-core-columns-is-layout-9d6595d7 wp-block-columns-is-layout-flex\">\n<div class=\"wp-block-column is-layout-flow wp-block-column-is-layout-flow\">\n<h2 class=\"gb-text gb-text-155ce4c1\">TOWER RUSH CASINO: JOuer m\u00e4ngus tiktok trikke<\/h2>\n\n\n\n<p class=\"has-text-align-center has-base-3-color has-text-color has-link-color wp-elements-9fa386176fcb4b4f3cddaf06d17d756b\"><strong>M\u00e4ngi n\u00fc\u00fcd m\u00e4ngu Towers, kus k\u00f5ik, mida sa pead tegema, on majade virnastamine, et v\u00f5ita raha! 5000 registreerimisboonus<\/strong><\/p>\n\n\n\n<div class=\"wp-block-columns is-layout-flex wp-container-core-columns-is-layout-9d6595d7 wp-block-columns-is-layout-flex\">\n<div class=\"wp-block-column is-layout-flow wp-block-column-is-layout-flow\" style=\"flex-basis:20px\"><\/div>\n\n\n\n<div class=\"wp-block-column is-layout-flow wp-block-column-is-layout-flow\">\n<a class=\"gb-text gb-text-50c1af7c\" href=\"\/play\/\">M\u00c4NGI N\u00dc\u00dcD (DEMO)<\/a>\n<\/div>\n\n\n\n<div class=\"wp-block-column is-layout-flow wp-block-column-is-layout-flow\">\n<a class=\"gb-text gb-text-6d7e1e7e\" href=\"\/play\/\">P\u00c4RIS RAHAGA M\u00c4NGIMINE<\/a>\n<\/div>\n\n\n\n<div class=\"wp-block-column is-layout-flow wp-block-column-is-layout-flow\" style=\"flex-basis:20px\"><\/div>\n<\/div>\n<\/div>\n<\/div>\n<\/div>\n<\/section>\n\n\n\n<div class=\"gb-element-cebc5281\">\n<h2 class=\"wp-block-heading\">Tower Rush kasiino: arvamused ja strateegiad aastaks 2026<\/h2>\n\n\n\n<p>Kas olete v\u00e4sinud vaatama, kuidas rullid p\u00f6\u00f6rlevad, ilma et saaksite oma panuse saatust m\u00f5jutada? Tower Rush Casino leiutab selle kogemuse uuesti, andes sulle t\u00e4ieliku kontrolli oma spinningu \u00fclesehituse \u00fcle, muutes iga kl\u00f5psu strateegiliseks dilemmaks vahetu v\u00f5idu ja kalkuleeritud riski vahel. Siin avaldame t\u00e4psed numbrid ja spetsiaalsed boonusnipid, mis aitavad teil v\u00e4ltida selle suure volatiilsusega m\u00e4ngu l\u00f5kse.<\/p>\n\n\n\n<ol class=\"wp-block-list\">\n<li><a href=\"#tower-rush-bien-plus-quun-simple-jeu-de-crash\">Tower Rush, palju enamat kui lihtsalt krahhim\u00e4ng<\/a><\/li>\n\n\n\n<li><a href=\"#la-mecanique-de-jeu-entre-construction-et-prise-de-risque\">M\u00e4ngumehaanika: ehitamise ja riskiv\u00f5tmise vahel<\/a><\/li>\n\n\n\n<li><a href=\"#les-bonus-et-malus-qui-pimentent-chaque-partie\">Boonused ja karistused iga m\u00e4ngu v\u00fcrtsitamiseks<\/a><\/li>\n\n\n\n<li><a href=\"#tower-rush-face-aux-autres-jeux-lapproche-strategique\">Tower Rush versus teised m\u00e4ngud: strateegiline l\u00e4henemine<\/a><\/li>\n<\/ol>\n\n\n\n<h2 class=\"wp-block-heading\" id=\"tower-rush-bien-plus-quun-simple-jeu-de-crash\">Tower Rush, palju enamat kui lihtsalt krahhim\u00e4ng<\/h2>\n\n\n\n<h3 class=\"wp-block-heading\">Ehituse ja hasartm\u00e4ngude \u00fchendamine<\/h3>\n\n\n\n<p>Unustage m\u00e4nguautomaadid, kus te passiivselt kannatate tulemuse all. Mis Tower Rush Casino, <strong>sa muutud oma \u00f5nne arhitektiks<\/strong>telliskivi kaupa. See on Galaxsys'i looming, mis muudab m\u00e4ngu. Sa ehitad oma torni s\u00f5na otseses m\u00f5ttes korrus korruse j\u00e4rel reaalajas.<\/p>\n\n\n\n<p>P\u00f5him\u00f5te on tige: iga l\u00e4bitud tase suurendab teie v\u00f5idukordajat. Kuid olge ettevaatlik, struktuur v\u00f5ib v\u00e4himagi vea korral ilma hoiatuseta kokku kukkuda. See on <strong>m\u00fcrgine segu tajutud oskustest ja julmast juhusest<\/strong>.<\/p>\n\n\n\n<p>See on d\u00fcnaamika, mis paneb vanad tolmused lauam\u00e4ngud magama. \u00dckskord tunnete, et olete lihtsalt <strong>oma k\u00e4ed oma saatuse roolil<\/strong>.<\/p>\n\n\n\n<h3 class=\"wp-block-heading\">Peamised arvud, mida tuleb teada<\/h3>\n\n\n\n<p>Kontseptsioon on ahvatlev, kuid kas see t\u00f5esti tasub end \u00e4ra? Vaatame, milline on k\u00fclm matemaatika kardina taga. Need t\u00f6\u00f6tlemata andmed on olulised selleks, et <strong>hinnata, kas m\u00e4ng on oma raha v\u00e4\u00e4rt<\/strong>.<\/p>\n\n\n\n<p>Siin on tehniliste andmete leht <strong>eristab amat\u00f6\u00f6rid profidest<\/strong> selle pealkirja kohta.<\/p>\n\n\n\n<figure class=\"wp-block-table\"><table class=\"has-fixed-layout\"><thead><tr><th>Omadused<\/th><th>V\u00e4\u00e4rtus<\/th><\/tr><\/thead><tbody><tr><td>Arendaja<\/td><td>Galaxsys<\/td><\/tr><tr><td>M\u00e4ngu t\u00fc\u00fcp<\/td><td>Turbom\u00e4ng \/ Mini ehitusm\u00e4ng<\/td><\/tr><tr><td>RTP (m\u00e4ngija tagasimakse m\u00e4\u00e4r)<\/td><td>96.12% kuni 97%<\/td><\/tr><tr><td>Minimaalne panus<\/td><td>0.01 \u20ac<\/td><\/tr><tr><td>Maksimaalne panus<\/td><td>100 \u20ac<\/td><\/tr><tr><td>\u00dchilduvus<\/td><td>Mobiilne (HTML5), arvuti<\/td><\/tr><\/tbody><\/table><\/figure>\n\n\n\n<h3 class=\"wp-block-heading\">Eesm\u00e4rk: enne kokkuvarisemist raha sisse n\u00f5uda.<\/h3>\n\n\n\n<p>Teie eesm\u00e4rk ei ole puudutada taevast, uskuge mind. Eesm\u00e4rk on <strong>kindlustage oma sissetulek<\/strong> enne kui k\u00f5ik laguneb. Ajastus on ainus asi, mis selle kogemuse puhul tegelikult loeb.<\/p>\n\n\n\n<p>Iga t\u00e4iendav korrus karjub sulle, et sa j\u00e4tkaksid, see on vaimne l\u00f5ks. Oled pidevalt rebitud suurema kordaja ahvatluse ja sisemise hirmu vahel, et kaotad hetkega k\u00f5ik. See on <strong>maitsev ps\u00fchholoogiline piinamine<\/strong>.<\/p>\n\n\n\n<p>V\u00e4ljamakse vajutamine on teie ainus t\u00f5eline kontrollimoment. Siis ja ainult siis v\u00f5idad masina vastu.<\/p>\n\n\n\n<h2 class=\"wp-block-heading\" id=\"la-mecanique-de-jeu-entre-construction-et-prise-de-risque\">M\u00e4ngumehaanika: ehitamise ja riskiv\u00f5tmise vahel<\/h2>\n\n\n\n<p>N\u00fc\u00fcd, kui me oleme loonud stseeni, vaatame, kuidas Tower Rush Casino m\u00e4ngu m\u00e4ngitakse ja miks. <strong>paneb teie n\u00e4rvid proovile<\/strong>.<\/p>\n\n\n\n<h3 class=\"wp-block-heading\">Virnastamise p\u00f5him\u00f5te<\/h3>\n\n\n\n<p>Esimese kivi paigaldamiseks vajutage nuppu \"BUILD\". Teie ebakindlale ehitisele lisatakse kivi. Siin ei keerata midagi iseenesest - sa oled ehitusplatsi juht. Iga t\u00e4iendav korrus n\u00f5uab teie k\u00e4sitsi kinnitust.<\/p>\n\n\n\n<p>Iga edukas kl\u00f5ps konsolideerib teie omakorda ja <strong>suurendab teie potentsiaalset sissetulekut<\/strong>. Kasutajaliides on endiselt selge, nii et see ei takista teie n\u00e4gemist. Kas mobiilis v\u00f5i arvutis, k\u00f5ik reageerib koheselt.<\/p>\n\n\n\n<p>T\u00e4nu HTML5-tehnoloogiale on m\u00e4ng <strong>k\u00e4ivitub ilma allalaadimiseta<\/strong>. Kogemus j\u00e4\u00e4b t\u00e4iesti sujuvaks, olenemata teie seadmest.<\/p>\n\n\n\n<h3 class=\"wp-block-heading\">Kordaja: kahepoolne tasu<\/h3>\n\n\n\n<p>Palgakordaja ei j\u00e4rgi \u00fchtlast k\u00f5verat. <strong>See s\u00f5na otseses m\u00f5ttes plahvatab<\/strong> mida k\u00f5rgemale sa ronid. Selle v\u00e4\u00e4rtus s\u00f5ltub ainult sellest, kui k\u00f5rgele te j\u00f5uate. See on eksponentsiaalne.<\/p>\n\n\n\n<p>See on klassikaline vaimne l\u00f5ks, mis ootab m\u00e4ngijaid. Mida k\u00f5rgemale l\u00e4heb teie k\u00e4ik, seda ahvatlevamaks muutuvad arvud. Kuid olge ettevaatlik, <strong>t\u00f5en\u00e4osus, et k\u00f5ik variseb kokku, suureneb drastiliselt<\/strong> igal uuel tasandil.<\/p>\n\n\n\n<p>See riski ja tulu suhe tekitab igal sekundil tuntavat pinget. Iga kl\u00f5ps muutub kaugeleulatuvate tagaj\u00e4rgedega hasartm\u00e4nguks. Teie pulss tuksub, kui <strong>\u00fcks viga kustutab k\u00f5ik<\/strong>.<\/p>\n\n\n\n<h3 class=\"wp-block-heading\">Raha v\u00e4lja: kunst teada, millal l\u00f5petada<\/h3>\n\n\n\n<p>Nupp \"CASH OUT\" on siin teie ainus t\u00f5eline liitlane. See on ainus k\u00e4sk, mis peatab vahetu ohu. See <strong>muudab teie virtuaalsed arvud koheselt reaalseks rahaks<\/strong>.<\/p>\n\n\n\n<p>Seej\u00e4rel m\u00e4ngitakse teie peas l\u00e4bi v\u00e4givaldne sisekonflikt. Kui te liiga kiiresti raha sisse maksate, siis raevute sa saamataj\u00e4\u00e4nud kasumi \u00fcle. Kui ootate sekunditki liiga kaua, kukub torn kokku. Sa <strong>kaotada absoluutselt kogu oma raha<\/strong>.<\/p>\n\n\n\n<p>Oma n\u00e4rvide kontrollimine selle otsuse tegemiseks j\u00e4\u00e4b ainsaks v\u00e4\u00e4rtuslikuks oskuseks. See on koht, kus <strong>erinevus v\u00f5itmise ja kaotamise vahel<\/strong>.<\/p>\n\n\n\n<h2 class=\"wp-block-heading\" id=\"les-bonus-et-malus-qui-pimentent-chaque-partie\">Boonused ja karistused iga m\u00e4ngu v\u00fcrtsitamiseks<\/h2>\n\n\n\n<p>Kuid p\u00f5hikonstruktsioon on alles algus. T\u00f5eline p\u00f5nevus tuleb sellest, et <strong>juhuslikud s\u00fcndmused, mis v\u00f5ivad teid kas p\u00e4\u00e4sta v\u00f5i teie \u00fclesannet raskendada.<\/strong>.<\/p>\n\n\n\n<h3 class=\"wp-block-heading\">Kolm boonust, mis v\u00f5ivad k\u00f5ike muuta<\/h3>\n\n\n\n<p>Unustage monotoonne rutiin, mis seisneb lihtsalt \u00fcksteise peale panemises. M\u00f5nikord sekkub juhus ja segab pakki ette hoiatamata \u00fcmber. See on siis, kui <strong>torn rush kasiino saab t\u00f5esti tige<\/strong>.<\/p>\n\n\n\n<p>Need naljad ei ole ainult visuaalsed trikid, vaid ka <strong>strateegilised relvad teie pangakontole<\/strong> :<\/p>\n\n\n\n<ul class=\"wp-block-list\">\n<li>K\u00fclmutatud p\u00f5rand: \"K\u00fclmutatud\" p\u00f5rand, mis on <strong>tagab j\u00e4rgmise ploki eduka ehitamise<\/strong>. See on ajutine kindlustus, mis julgustab teid v\u00f5tma rohkem riske.<\/li>\n\n\n\n<li>Templip\u00f5rand: spetsiaalne p\u00f5rand, mis rakendab <strong>m\u00e4rkimisv\u00e4\u00e4rne boonuse kordaja<\/strong> teie praegusele sissetulekule, suurendades tasu eksponentsiaalselt.<\/li>\n\n\n\n<li><strong>Kolmekordne ehitus<\/strong> V\u00f5imaldab ehitada kolm korrust korraga, kiirendades tohutult torni ehitamise ja kasu, kuid koondades riski.<\/li>\n<\/ul>\n\n\n\n<h3 class=\"wp-block-heading\">Negatiivsete kordajate l\u00f5ks<\/h3>\n\n\n\n<p>Aga ettevaatust, 90 % m\u00e4ngijad unustavad, et t\u00f5us ei ole alati lineaarne ja turvaline. K\u00fclasta <strong>s\u00fcsteem peidab salakavalad l\u00f5ksud<\/strong> mida paljud inimesed ignoreerivad. Te v\u00f5ite kohata negatiivsete kordajatega neetud p\u00f5randat, nagu n\u00e4iteks hirmus x0,5.<\/p>\n\n\n\n<p>Praktiliselt \u00f6eldes on teie kogutud rikkus <strong>koheselt pooleks l\u00f5igatud<\/strong> ilma hoiatuseta. See on nagu k\u00fclm du\u0161\u0161. K\u00f5ik teie varasemad pingutused l\u00e4hevad sekundimurdosa jooksul suitsu alla.<\/p>\n\n\n\n<p>See n\u00e4htamatu oht m\u00e4ngib teie n\u00e4rvidele ja lisab kohutava ebakindluse kihi. Hirm kaotada k\u00f5ik lihtsa matemaatilise jagamise t\u00f5ttu halvab teid. Te k\u00f5hklete, te v\u00e4risete ja siis teete vea. <strong>fataalne viga<\/strong>.<\/p>\n\n\n\n<h3 class=\"wp-block-heading\">Kuidas need funktsioonid muudavad strateegiat<\/h3>\n\n\n\n<p>Need ohud murravad t\u00e4ielikult korduva kl\u00f5psu monotoonsuse ja takistavad igasuguse rutiini kinnistumist. J\u00e4ika plaani j\u00e4rgimine on v\u00f5imatu. Iga seanss muutub <strong>ettearvamatu metsaline, keda tuleb taltsutada.<\/strong> t\u00f6\u00f6l.<\/p>\n\n\n\n<p>K\u00fclmutatud p\u00f5rand muudab pelgliku m\u00e4ngija \u00e4kki k\u00f5igeks valmis kuumapeaks. Vastupidi, lihtne hirm negatiivse kordaja ees sunnib k\u00f5rgeid m\u00e4ngijaid oma v\u00f5idud enneaegselt kindlustama. <strong>S\u00fcdame l\u00f6\u00f6gisagedus dikteerib kl\u00f5psu<\/strong>. See on j\u00f5hker.<\/p>\n\n\n\n<p>L\u00fchidalt \u00f6eldes, et siin ellu j\u00e4\u00e4da, on vaja <strong>pidev kohanemine kaosega<\/strong>. See teeb selle kogemuse palju intensiivsemaks kui klassikaline \u00f5nnem\u00e4ng.<\/p>\n\n\n\n<h2 class=\"wp-block-heading\" id=\"tower-rush-face-aux-autres-jeux-lapproche-strategique\">Tower Rush versus teised m\u00e4ngud: strateegiline l\u00e4henemine<\/h2>\n\n\n\n<h3 class=\"wp-block-heading\">Enam kui kokkup\u00f5rgete m\u00e4ng, ajastusm\u00e4ngu m\u00e4ng<\/h3>\n\n\n\n<p>Unustage passiivne ootamine, et lennuk l\u00f5pmatult startiks, nagu Aviatoris. Tower Rush kasiinos ei ole sa lihtsalt pealtvaataja, <strong>olete aktiivne ehitaja<\/strong>. Teie olete see, kes paneb iga tellise p\u00f5randast korruse kaupa k\u00e4sitsi \u00fcles, t\u00f5stes seda k\u00e4sitsi. See erinevus muudab kogu m\u00e4ngu ps\u00fchholoogilist d\u00fcnaamikat.<\/p>\n\n\n\n<p>See konstruktsioonimehaanika pakub palju intensiivsemat kontrollitunnet kui konkurendid. Kui torn variseb kokku, oled sa isiklikult vihane enda peale, et oled selle kl\u00f5psuga liiga ahne olnud. Sa t\u00f5esti tunned <strong>l\u00f5pptulemuse kaasautor<\/strong>.<\/p>\n\n\n\n<p>L\u00f5puks liigume klassikalisest \"kana m\u00e4ngust\" eemale ja j\u00f5uame asja tuumani. <strong>osavusm\u00e4ng<\/strong>. See on peaaegu r\u00fctmim\u00e4ng, kus teie otsuse ajastus m\u00e4\u00e4rab k\u00f5ik.<\/p>\n\n\n\n<h3 class=\"wp-block-heading\">Demoversiooni t\u00e4htsus<\/h3>\n\n\n\n<p>Oleks hullumeelsus panustada oma raha ilma pinnast eelnevalt katsetamata. K\u00fclasta <strong>tasuta demoversioon on kohe saadaval<\/strong>Allalaadimist ei ole vaja. See on kohustuslik igale endast lugupidavale m\u00e4ngijale.<\/p>\n\n\n\n<p>See annab teile 10 000 virtuaalset krediiti, et m\u00f5ista krahhide tegelikku sagedust. Sa pead tundma seda pettumust, kui torn langeb 2. tasemele, ilma et see maksaks sulle sentigi. Parem on kaotada v\u00f5lts raha, et <strong>\u00f5ppida \u00f5ppetund<\/strong>.<\/p>\n\n\n\n<p>Peagi saate teada, kas teie n\u00e4rvid suudavad survega toime tulla. <strong>Testi oma piire<\/strong> ilma oma palgaga riskimata, nii lihtne on see.<\/p>\n\n\n\n<h3 class=\"wp-block-heading\">Riskijuhtimine: m\u00f5ned m\u00f5tlemisained<\/h3>\n\n\n\n<p>Olgem ausad, \u00fckski imemeetod ei \u00fcleta Galaxsyse arendajate poolt programmeeritud juhuslikkust. <strong>M\u00e4ng j\u00e4\u00e4b oma olemuselt ettearvamatuks<\/strong>\u00dcksk\u00f5ik kui andekas sa oled. Ainus asi, mida sa tegelikult kontrollid, on see, kuidas sa oma portfelli haldad.<\/p>\n\n\n\n<p>Selleks, et te ei j\u00e4\u00e4ks taskusse, on siinkohal j\u00e4rgmine teave. <strong>mida veteranid rakendavad kohusetundlikult viimase<\/strong> :<\/p>\n\n\n\n<ul class=\"wp-block-list\">\n<li>M\u00e4\u00e4rake kindel tagasiv\u00f5tmise eesm\u00e4rk enne kl\u00f5psamist, n\u00e4iteks <strong>peatada s\u00fcstemaatiliselt kordaja x3 juures<\/strong>.<\/li>\n\n\n\n<li>Lukustage range istungi eelarve ja <strong>sulgeda vahekaart, kui limiit on saavutatud<\/strong>eranditult.<\/li>\n\n\n\n<li><strong>Ainult kasumi reinvesteerimine<\/strong> eelmistest voorudest, et proovida suuri korruseid, ilma algkapitali puudutamata.<\/li>\n<\/ul>\n\n\n\n<p>Tower Rush <strong>leiutab uuesti krahhim\u00e4ngu<\/strong> t\u00e4nu Galaxsys'i loodud interaktiivsele ehitusmehaanikale. See on rohkem kui lihtsalt panustamine, see n\u00f5uab meelekindlust ja ajastust, et <strong>kindlustage oma kasum enne kokkuvarisemist<\/strong>. Proovige demoversiooni, et saada hakkama selle vertikaalse v\u00e4ljakutsega, kus iga uus korrus k\u00f5igub vahemikus <strong>puhas adrenaliin ja l\u00e4bim\u00f5eldud strateegia<\/strong>.<\/p>\n<\/div>\n\n\n\n<p><\/p>","protected":false},"excerpt":{"rendered":"<p>TOWER RUSH CASINO : JOuer au jeu des tours de tiktok Jouez maintenant au jeu des tours o\u00f9 ils suffit d&#8217;empiler des maisons pour gagner de l&rsquo;argent ! Bonus de 5000\u20ac \u00e0 l&rsquo;inscription JOUER MAINTENANT (DEMO) JOUER AVEC DE l&rsquo;argent r\u00e9el Tower Rush Casino : avis et strat\u00e9gies pour 2026 \u00cates-vous lass\u00e9 de regarder les &#8230; <a title=\"home1\" class=\"read-more\" href=\"https:\/\/towerrush.eu\/et\/\" aria-label=\"Read more about home1\">Read more<\/a><\/p>","protected":false},"author":1,"featured_media":0,"parent":0,"menu_order":0,"comment_status":"closed","ping_status":"closed","template":"","meta":{"footnotes":""},"class_list":["post-58","page","type-page","status-publish"],"_links":{"self":[{"href":"https:\/\/towerrush.eu\/et\/wp-json\/wp\/v2\/pages\/58","targetHints":{"allow":["GET"]}}],"collection":[{"href":"https:\/\/towerrush.eu\/et\/wp-json\/wp\/v2\/pages"}],"about":[{"href":"https:\/\/towerrush.eu\/et\/wp-json\/wp\/v2\/types\/page"}],"author":[{"embeddable":true,"href":"https:\/\/towerrush.eu\/et\/wp-json\/wp\/v2\/users\/1"}],"replies":[{"embeddable":true,"href":"https:\/\/towerrush.eu\/et\/wp-json\/wp\/v2\/comments?post=58"}],"version-history":[{"count":59,"href":"https:\/\/towerrush.eu\/et\/wp-json\/wp\/v2\/pages\/58\/revisions"}],"predecessor-version":[{"id":265,"href":"https:\/\/towerrush.eu\/et\/wp-json\/wp\/v2\/pages\/58\/revisions\/265"}],"wp:attachment":[{"href":"https:\/\/towerrush.eu\/et\/wp-json\/wp\/v2\/media?parent=58"}],"curies":[{"name":"wp","href":"https:\/\/api.w.org\/{rel}","templated":true}]}}