{"id":58,"date":"2025-10-28T04:39:00","date_gmt":"2025-10-28T04:39:00","guid":{"rendered":"https:\/\/towerrush.eu\/?page_id=58"},"modified":"2026-01-20T16:02:50","modified_gmt":"2026-01-20T16:02:50","slug":"home1","status":"publish","type":"page","link":"https:\/\/towerrush.eu\/fi\/","title":{"rendered":"home1"},"content":{"rendered":"<section class=\"gb-element-c0819d6c banner\">\n<div class=\"gb-element-0659d418\">\n<div class=\"wp-block-columns is-layout-flex wp-container-core-columns-is-layout-9d6595d7 wp-block-columns-is-layout-flex\">\n<div class=\"wp-block-column is-layout-flow wp-block-column-is-layout-flow\">\n<h2 class=\"gb-text gb-text-155ce4c1\">TOWER RUSH CASINO: JOuer peliss\u00e4 tiktok temppuja<\/h2>\n\n\n\n<p class=\"has-text-align-center has-base-3-color has-text-color has-link-color wp-elements-9fa386176fcb4b4f3cddaf06d17d756b\"><strong>Pelaa nyt Towers-peli\u00e4, jossa sinun tarvitsee vain pinota taloja voittaaksesi rahaa! 5000 rekister\u00f6itymisbonus<\/strong><\/p>\n\n\n\n<div class=\"wp-block-columns is-layout-flex wp-container-core-columns-is-layout-9d6595d7 wp-block-columns-is-layout-flex\">\n<div class=\"wp-block-column is-layout-flow wp-block-column-is-layout-flow\" style=\"flex-basis:20px\"><\/div>\n\n\n\n<div class=\"wp-block-column is-layout-flow wp-block-column-is-layout-flow\">\n<a class=\"gb-text gb-text-50c1af7c\" href=\"\/play\/\">PELAA NYT (DEMO)<\/a>\n<\/div>\n\n\n\n<div class=\"wp-block-column is-layout-flow wp-block-column-is-layout-flow\">\n<a class=\"gb-text gb-text-6d7e1e7e\" href=\"\/play\/\">OIKEALLA RAHALLA PELAAMINEN<\/a>\n<\/div>\n\n\n\n<div class=\"wp-block-column is-layout-flow wp-block-column-is-layout-flow\" style=\"flex-basis:20px\"><\/div>\n<\/div>\n<\/div>\n<\/div>\n<\/div>\n<\/section>\n\n\n\n<div class=\"gb-element-cebc5281\">\n<h2 class=\"wp-block-heading\">Tower Rush Casino: mielipiteit\u00e4 ja strategioita vuodelle 2026<\/h2>\n\n\n\n<p>Oletko kyll\u00e4stynyt katselemaan rullien py\u00f6rimist\u00e4 ilman, ett\u00e4 voit koskaan vaikuttaa panoksesi kohtaloon? Tower Rush Casino keksii kokemuksen uudelleen antamalla sinulle t\u00e4ydellisen hallinnan py\u00f6r\u00e4ytyksesi rakenteesta, jolloin jokainen klikkaus muuttuu strategiseksi dilemmaksi v\u00e4litt\u00f6m\u00e4n voiton ja laskelmoidun riskin v\u00e4lill\u00e4. T\u00e4ss\u00e4 paljastamme tarkat numerot ja erityiset bonusvihjeet, joiden avulla voit v\u00e4ltt\u00e4\u00e4 t\u00e4m\u00e4n korkean volatiliteetin pelin sudenkuopat.<\/p>\n\n\n\n<ol class=\"wp-block-list\">\n<li><a href=\"#tower-rush-bien-plus-quun-simple-jeu-de-crash\">Tower Rush, enemm\u00e4n kuin pelkk\u00e4 t\u00f6rm\u00e4yspeli<\/a><\/li>\n\n\n\n<li><a href=\"#la-mecanique-de-jeu-entre-construction-et-prise-de-risque\">Pelimekaniikka: rakentamisen ja riskinoton v\u00e4lill\u00e4<\/a><\/li>\n\n\n\n<li><a href=\"#les-bonus-et-malus-qui-pimentent-chaque-partie\">Bonuksia ja rangaistuksia jokaiseen peliin mausteeksi<\/a><\/li>\n\n\n\n<li><a href=\"#tower-rush-face-aux-autres-jeux-lapproche-strategique\">Tower Rush vs. muut pelit: strateginen l\u00e4hestymistapa<\/a><\/li>\n<\/ol>\n\n\n\n<h2 class=\"wp-block-heading\" id=\"tower-rush-bien-plus-quun-simple-jeu-de-crash\">Tower Rush, enemm\u00e4n kuin pelkk\u00e4 t\u00f6rm\u00e4yspeli<\/h2>\n\n\n\n<h3 class=\"wp-block-heading\">Rakentamisen ja uhkapelien yhdistelm\u00e4<\/h3>\n\n\n\n<p>Unohda peliautomaatit, joissa k\u00e4rsit passiivisesti tuloksesta. Tower Rush Casinolla, <strong>sinusta tulee oman onnesi arkkitehti<\/strong>tiili kerrallaan. Se on Galaxsysin luomus, joka muuttaa peli\u00e4. Rakennat tornisi kerros kerrokselta reaaliajassa.<\/p>\n\n\n\n<p>Periaate on ilke\u00e4: jokainen suorittamasi taso kasvattaa voittokerrointa. Mutta varo, rakenne voi romahtaa ilman varoitusta pienimm\u00e4st\u00e4kin virheest\u00e4. Se on <strong>myrkyllinen sekoitus koettua taitoa ja brutaalia sattumanvaraisuutta.<\/strong>.<\/p>\n\n\n\n<p>Se on uusi dynamiikka, joka tekee lopun p\u00f6lyttyneist\u00e4 vanhoista p\u00f6yt\u00e4peleist\u00e4. Kerrankin sinusta tuntuu kuin olisit juuri - <strong>k\u00e4det kohtalosi ratissa<\/strong>.<\/p>\n\n\n\n<h3 class=\"wp-block-heading\">Avainluvut, jotka on hyv\u00e4 tiet\u00e4\u00e4<\/h3>\n\n\n\n<p>Konsepti on houkutteleva, mutta kannattaako se todella? Katsotaanpa verhon takana olevaa kylm\u00e4\u00e4 matematiikkaa. T\u00e4m\u00e4 raakadata on v\u00e4ltt\u00e4m\u00e4t\u00f6nt\u00e4 <strong>arvioida, onko peli rahojesi arvoinen<\/strong>.<\/p>\n\n\n\n<p>T\u00e4ss\u00e4 on tekniset tiedot <strong>erottaa amat\u00f6\u00f6rit ammattilaisista<\/strong> t\u00e4m\u00e4n osaston mukaisesti.<\/p>\n\n\n\n<figure class=\"wp-block-table\"><table class=\"has-fixed-layout\"><thead><tr><th>Ominaisuudet<\/th><th>Arvo<\/th><\/tr><\/thead><tbody><tr><td>Kehitt\u00e4j\u00e4<\/td><td>Galaxsys<\/td><\/tr><tr><td>Pelin tyyppi<\/td><td>Turbopeli \/ Minirakennuspeli<\/td><\/tr><tr><td>RTP (pelaajan palautusprosentti)<\/td><td>96.12%-97%<\/td><\/tr><tr><td>V\u00e4himm\u00e4ispanos<\/td><td>0.01 \u20ac<\/td><\/tr><tr><td>Enimm\u00e4ispanos<\/td><td>100 \u20ac<\/td><\/tr><tr><td>Yhteensopivuus<\/td><td>Mobiili (HTML5), Tietokone<\/td><\/tr><\/tbody><\/table><\/figure>\n\n\n\n<h3 class=\"wp-block-heading\">Tavoitteena on saada rahat ennen romahdusta.<\/h3>\n\n\n\n<p>Tarkoituksenne ei ole koskettaa taivasta, uskokaa minua. Tavoitteena on <strong>turvaa tulosi<\/strong> ennen kuin kaikki hajoaa. Ajoitus on ainoa asia, jolla on t\u00e4ss\u00e4 kokemuksessa merkityst\u00e4.<\/p>\n\n\n\n<p>Jokainen uusi kerros huutaa sinua jatkamaan, se on henkinen ansa. Olet jatkuvasti ristiriidassa korkeamman kertoimen houkutuksen ja sis\u00e4isen pelon v\u00e4lill\u00e4, ett\u00e4 menet\u00e4t kaiken hetkess\u00e4. Se on <strong>herkullista psykologista kidutusta<\/strong>.<\/p>\n\n\n\n<p>Painamalla \"Cash Out\" -painiketta saat ainoan todellisen valvontasi. Silloin, ja vain silloin, voitat konetta vastaan.<\/p>\n\n\n\n<h2 class=\"wp-block-heading\" id=\"la-mecanique-de-jeu-entre-construction-et-prise-de-risque\">Pelimekaniikka: rakentamisen ja riskinoton v\u00e4lill\u00e4<\/h2>\n\n\n\n<p>Nyt kun olemme luoneet n\u00e4ytt\u00e4m\u00f6n, katsotaanpa, miten Tower Rush Casinon peli\u00e4 pelataan ja miksi. <strong>koettelee hermojasi<\/strong>.<\/p>\n\n\n\n<h3 class=\"wp-block-heading\">Pinoamisperiaate<\/h3>\n\n\n\n<p>Paina \"BUILD\"-painiketta asettaaksesi ensimm\u00e4isen kiven. Ep\u00e4varmaan rakennukseesi lis\u00e4t\u00e4\u00e4n harkko. Mik\u00e4\u00e4n ei k\u00e4\u00e4nny itsest\u00e4\u00e4n - sin\u00e4 olet ty\u00f6maan johtaja. Jokainen lis\u00e4kerros vaatii k\u00e4sin antamasi hyv\u00e4ksynn\u00e4n.<\/p>\n\n\n\n<p>Jokainen onnistunut klikkaus vahvistaa vuorosi ja <strong>kasvattaa potentiaalisia tulojasi<\/strong>. K\u00e4ytt\u00f6liittym\u00e4 on selke\u00e4, joten se ei h\u00e4iritse n\u00e4kemyst\u00e4si. Kaikki reagoi heti, olipa kyseess\u00e4 sitten matkapuhelin tai tietokone.<\/p>\n\n\n\n<p>HTML5-teknologian ansiosta peli <strong>k\u00e4ynnistyy ilman latausta<\/strong>. Kokemus pysyy t\u00e4ysin sujuvana laitteesta riippumatta.<\/p>\n\n\n\n<h3 class=\"wp-block-heading\">Kerroin: palkitsemisen kaksiter\u00e4inen miekka<\/h3>\n\n\n\n<p>Ansiokerroin ei noudata tasaista k\u00e4yr\u00e4\u00e4. <strong>Se kirjaimellisesti r\u00e4j\u00e4ht\u00e4\u00e4<\/strong> mit\u00e4 korkeammalle kiipe\u00e4t. Sen arvo riippuu ainoastaan huimasta korkeudesta, jonka onnistut saavuttamaan. Se on eksponentiaalinen.<\/p>\n\n\n\n<p>T\u00e4m\u00e4 on klassinen henkinen ansa, joka odottaa pelaajia. Mit\u00e4 korkeammalle vuorosi menee, sit\u00e4 houkuttelevammiksi luvut muuttuvat. Mutta varo, <strong>todenn\u00e4k\u00f6isyys, ett\u00e4 kaikki romahtaa, kasvaa rajusti.<\/strong> jokaisella uudella tasolla.<\/p>\n\n\n\n<p>T\u00e4m\u00e4 riski-hy\u00f6tysuhde luo joka sekunti tuntuvan j\u00e4nnityksen. Jokaisesta klikkauksesta tulee uhkapeli, jolla on kauaskantoiset seuraukset. Pulssi kiihtyy, kun <strong>yksi virhe pyyhkii kaiken<\/strong>.<\/p>\n\n\n\n<h3 class=\"wp-block-heading\">Cash out: taito tiet\u00e4\u00e4 milloin lopettaa<\/h3>\n\n\n\n<p>CASH OUT -painike on ainoa todellinen liittolaisesi t\u00e4ss\u00e4. Se on ainoa komento, joka pys\u00e4ytt\u00e4\u00e4 v\u00e4litt\u00f6m\u00e4n vaaran. Se <strong>muuttaa virtuaaliset luvut v\u00e4litt\u00f6m\u00e4sti oikeaksi rahaksi.<\/strong>.<\/p>\n\n\n\n<p>Silloin p\u00e4\u00e4h\u00e4si syntyy v\u00e4kivaltainen sis\u00e4inen konflikti. Jos lunastat rahat liian nopeasti, raivostut menetetyist\u00e4 voitoista. Jos odotat sekunnin liian kauan, torni romahtaa. Sin\u00e4 <strong>menett\u00e4\u00e4 t\u00e4ysin kaikki rahasi<\/strong>.<\/p>\n\n\n\n<p>Hermojen hallitseminen t\u00e4m\u00e4n p\u00e4\u00e4t\u00f6ksen tekemiseksi on ainoa hy\u00f6dyllinen taito. T\u00e4ss\u00e4 kohtaa <strong>voittamisen ja h\u00e4vi\u00e4misen v\u00e4linen ero<\/strong>.<\/p>\n\n\n\n<h2 class=\"wp-block-heading\" id=\"les-bonus-et-malus-qui-pimentent-chaque-partie\">Bonuksia ja rangaistuksia jokaiseen peliin mausteeksi<\/h2>\n\n\n\n<p>Mutta perusrakenne on vasta alkua. Todellinen j\u00e4nnitys tulee <strong>satunnaisia tapahtumia, jotka voivat joko pelastaa sinut tai vaikeuttaa teht\u00e4v\u00e4\u00e4si.<\/strong>.<\/p>\n\n\n\n<h3 class=\"wp-block-heading\">Kolme bonusta, jotka voivat muuttaa kaiken<\/h3>\n\n\n\n<p>Unohda yksitoikkoinen rutiini, jossa tiili\u00e4 pinotaan p\u00e4\u00e4llekk\u00e4in. Joskus sattuma puuttuu peliin ja sekoittaa pakan uudelleen ilman varoitusta. Silloin <strong>tower rush kasino saa todella ilke\u00e4<\/strong>.<\/p>\n\n\n\n<p>N\u00e4m\u00e4 jokerit eiv\u00e4t ole vain visuaalisia kikkoja, vaan ne ovat my\u00f6s - <strong>strategisia aseita pelikassaasi varten<\/strong> :<\/p>\n\n\n\n<ul class=\"wp-block-list\">\n<li>J\u00e4\u00e4dytetty lattia: \"J\u00e4\u00e4dytetty\" lattia, joka on <strong>takaa seuraavan lohkon rakentamisen onnistumisen<\/strong>. Se on v\u00e4liaikainen vakuutus, joka kannustaa ottamaan enemm\u00e4n riskej\u00e4.<\/li>\n\n\n\n<li>Temppelilattia: Erityinen lattia, joka soveltaa <strong>merkitt\u00e4v\u00e4 bonuskerroin<\/strong> nykyisiin tuloihisi, mik\u00e4 lis\u00e4\u00e4 palkkiota eksponentiaalisesti.<\/li>\n\n\n\n<li><strong>Triple Build<\/strong> Mahdollistaa kolmen kerroksen rakentamisen kerralla, mik\u00e4 nopeuttaa huomattavasti tornin edistymist\u00e4 ja voittoja, mutta keskitt\u00e4\u00e4 riskin.<\/li>\n<\/ul>\n\n\n\n<h3 class=\"wp-block-heading\">Negatiivisten kertoimien ansa<\/h3>\n\n\n\n<p>Mutta varokaa, 90 % pelaajat unohtavat, ett\u00e4 nousu ei ole aina lineaarinen ja turvallinen. K\u00e4y osoitteessa <strong>j\u00e4rjestelm\u00e4 k\u00e4tkee sis\u00e4\u00e4ns\u00e4 salakavalia ansoja<\/strong> josta monet ihmiset eiv\u00e4t tied\u00e4. Saatat t\u00f6rm\u00e4t\u00e4 kirottuihin kerroksiin, joissa on negatiivinen kerroin, kuten pel\u00e4tty x0,5.<\/p>\n\n\n\n<p>K\u00e4yt\u00e4nn\u00f6ss\u00e4 kertynyt varallisuutesi on <strong>v\u00e4litt\u00f6m\u00e4sti puolittaa<\/strong> ilman varoitusta. Se on kuin kylm\u00e4 suihku. Kaikki aiemmat ponnistelut haihtuvat savuna ilmaan sekunnin murto-osassa.<\/p>\n\n\n\n<p>T\u00e4m\u00e4 n\u00e4kym\u00e4t\u00f6n uhka k\u00e4y hermoillesi ja lis\u00e4\u00e4 kauhean ep\u00e4varmuuden kerroksen. Pelko siit\u00e4, ett\u00e4 menet\u00e4t kaiken yksinkertaisella matemaattisella jaolla, lamaannuttaa sinut. Ep\u00e4r\u00f6it, vapiset, ja silloin teet virheen. <strong>kohtalokas virhe<\/strong>.<\/p>\n\n\n\n<h3 class=\"wp-block-heading\">Miten n\u00e4m\u00e4 toiminnot muuttavat strategiaa<\/h3>\n\n\n\n<p>N\u00e4m\u00e4 vaarat rikkovat t\u00e4ysin toistuvan napsautuksen yksitoikkoisuuden ja est\u00e4v\u00e4t rutiinin muodostumisen. J\u00e4yk\u00e4n suunnitelman noudattaminen on mahdotonta. Jokaisesta istunnosta tulee <strong>arvaamaton peto, joka on kesytett\u00e4v\u00e4.<\/strong> ty\u00f6ss\u00e4.<\/p>\n\n\n\n<p>J\u00e4\u00e4tynyt lattia tekee arasta pelaajasta yht\u00e4kki\u00e4 kuumap\u00e4isen, joka on valmis mihin tahansa. Sit\u00e4 vastoin pelkk\u00e4 negatiivisen kertoimen pelko pakottaa high rollerit turvaamaan voittonsa ennenaikaisesti. <strong>Syke sanelee klikkauksen<\/strong>. Se on raakaa.<\/p>\n\n\n\n<p>Lyhyesti sanottuna, selviyty\u00e4ksesi t\u00e4\u00e4ll\u00e4 sinun t\u00e4ytyy <strong>jatkuvasti sopeutumassa kaaokseen<\/strong>. Se tekee kokemuksesta paljon intensiivisemm\u00e4n kuin klassinen uhkapeli.<\/p>\n\n\n\n<h2 class=\"wp-block-heading\" id=\"tower-rush-face-aux-autres-jeux-lapproche-strategique\">Tower Rush vs. muut pelit: strateginen l\u00e4hestymistapa<\/h2>\n\n\n\n<h3 class=\"wp-block-heading\">Enemm\u00e4n kuin peli kaatuu, peli ajoitus<\/h3>\n\n\n\n<p>Unohda passiivinen odottelu koneen noususta loputtomiin kuten Aviatorissa. Tower Rush Casinolla et ole pelkk\u00e4 katsoja, <strong>olet aktiivinen rakentaja<\/strong>. Sin\u00e4 olet se, joka muuraa jokaisen tiilen kerros kerrokselta, nostamalla sit\u00e4 k\u00e4sin. T\u00e4m\u00e4 ero muuttaa koko pelin psykologisen dynamiikan.<\/p>\n\n\n\n<p>T\u00e4m\u00e4 rakennemekaniikka tarjoaa paljon voimakkaamman hallinnan tunteen kuin kilpailijat. Jos torni romahtaa, olet henkil\u00f6kohtaisesti vihainen itsellesi siit\u00e4, ett\u00e4 olet ollut liian ahne klikkauksen kanssa. Tunnet todella <strong>lopputuloksen toinen kirjoittaja<\/strong>.<\/p>\n\n\n\n<p>Vihdoinkin siirrymme pois klassisesta \"kananlihalla pelaamisesta\" ja p\u00e4\u00e4semme asian ytimeen. <strong>taitopeli<\/strong>. Se on l\u00e4hes rytmipeli, jossa p\u00e4\u00e4t\u00f6ksesi ajoitus ratkaisee kaiken.<\/p>\n\n\n\n<h3 class=\"wp-block-heading\">Demoversion merkitys<\/h3>\n\n\n\n<p>Olisi hulluutta ly\u00f6d\u00e4 vetoa omista rahoistaan testaamatta ensin maaper\u00e4\u00e4. K\u00e4y osoitteessa <strong>ilmainen demoversio saatavilla heti<\/strong>Latausta ei tarvita. Se on jokaisen itse\u00e4\u00e4n kunnioittavan pelaajan pakko saada.<\/p>\n\n\n\n<p>Se antaa sinulle 10 000 virtuaalista krediitti\u00e4, jotta voit ymm\u00e4rt\u00e4\u00e4 onnettomuuksien todellisen taajuuden. Sinun t\u00e4ytyy tuntea se turhautuminen, kun torni putoaa tasolle 2 ilman, ett\u00e4 se maksaa sinulle penni\u00e4k\u00e4\u00e4n. Parempi menett\u00e4\u00e4 v\u00e4\u00e4r\u00e4\u00e4 rahaa <strong>ota opiksi<\/strong>.<\/p>\n\n\n\n<p>Saat pian tiet\u00e4\u00e4, kest\u00e4v\u00e4tk\u00f6 hermosi paineen. <strong>Testaa rajasi<\/strong> vaarantamatta palkkaasi, niin yksinkertaista se on.<\/p>\n\n\n\n<h3 class=\"wp-block-heading\">Riskienhallinta: ajattelemisen aihetta<\/h3>\n\n\n\n<p>On selv\u00e4\u00e4, ett\u00e4 mik\u00e4\u00e4n ihmeellinen menetelm\u00e4 ei voita Galaxsysin kehitt\u00e4jien ohjelmoimaa satunnaisuutta. <strong>Peli on luonteeltaan arvaamaton.<\/strong>Ei ole v\u00e4li\u00e4 kuinka lahjakas olet. Ainoa asia, jota todella voit hallita, on se, miten hallitset salkkuasi.<\/p>\n\n\n\n<p>N\u00e4in varmistat, ettet joudu pulaan. <strong>mit\u00e4 veteraanit soveltavat tunnollisesti viimeiseksi<\/strong> :<\/p>\n\n\n\n<ul class=\"wp-block-list\">\n<li>M\u00e4\u00e4rittele kiinte\u00e4 vet\u00e4ytymistavoite ennen klikkaamista, kuten esim. <strong>pys\u00e4htyy j\u00e4rjestelm\u00e4llisesti kertoimen x3 kohdalla<\/strong>.<\/li>\n\n\n\n<li>Lukitse tiukka istuntobudjetti ja <strong>sulkea v\u00e4lilehti, kun raja on saavutettu<\/strong>poikkeuksetta.<\/li>\n\n\n\n<li><strong>Vain voittojen uudelleensijoittaminen<\/strong> aiemmista kierroksista kokeilemaan isoja lattioita koskematta alkup\u00e4\u00e4omaan.<\/li>\n<\/ul>\n\n\n\n<p>Tower Rush <strong>keksii crash-pelin uudelleen<\/strong> Galaxsysin suunnitteleman vuorovaikutteisen rakentamismekaniikan ansiosta. Enemm\u00e4n kuin pelkk\u00e4 veto, se vaatii s\u00e4ntillisyytt\u00e4 ja ajoitusta. <strong>varmista voittosi ennen romahdusta<\/strong>. Kokeile demoversiota p\u00e4\u00e4st\u00e4ksesi k\u00e4siksi t\u00e4h\u00e4n pystysuuntaiseen haasteeseen, jossa jokainen uusi kerros vaihtelee v\u00e4lill\u00e4... <strong>puhdasta adrenaliinia ja harkittua strategiaa<\/strong>.<\/p>\n<\/div>\n\n\n\n<p><\/p>","protected":false},"excerpt":{"rendered":"<p>TOWER RUSH CASINO : JOuer au jeu des tours de tiktok Jouez maintenant au jeu des tours o\u00f9 ils suffit d&#8217;empiler des maisons pour gagner de l&rsquo;argent ! Bonus de 5000\u20ac \u00e0 l&rsquo;inscription JOUER MAINTENANT (DEMO) JOUER AVEC DE l&rsquo;argent r\u00e9el Tower Rush Casino : avis et strat\u00e9gies pour 2026 \u00cates-vous lass\u00e9 de regarder les &#8230; <a title=\"home1\" class=\"read-more\" href=\"https:\/\/towerrush.eu\/fi\/\" aria-label=\"Lue lis\u00e4\u00e4 aiheesta home1\">Lue lis\u00e4\u00e4<\/a><\/p>","protected":false},"author":1,"featured_media":0,"parent":0,"menu_order":0,"comment_status":"closed","ping_status":"closed","template":"","meta":{"footnotes":""},"class_list":["post-58","page","type-page","status-publish"],"_links":{"self":[{"href":"https:\/\/towerrush.eu\/fi\/wp-json\/wp\/v2\/pages\/58","targetHints":{"allow":["GET"]}}],"collection":[{"href":"https:\/\/towerrush.eu\/fi\/wp-json\/wp\/v2\/pages"}],"about":[{"href":"https:\/\/towerrush.eu\/fi\/wp-json\/wp\/v2\/types\/page"}],"author":[{"embeddable":true,"href":"https:\/\/towerrush.eu\/fi\/wp-json\/wp\/v2\/users\/1"}],"replies":[{"embeddable":true,"href":"https:\/\/towerrush.eu\/fi\/wp-json\/wp\/v2\/comments?post=58"}],"version-history":[{"count":59,"href":"https:\/\/towerrush.eu\/fi\/wp-json\/wp\/v2\/pages\/58\/revisions"}],"predecessor-version":[{"id":265,"href":"https:\/\/towerrush.eu\/fi\/wp-json\/wp\/v2\/pages\/58\/revisions\/265"}],"wp:attachment":[{"href":"https:\/\/towerrush.eu\/fi\/wp-json\/wp\/v2\/media?parent=58"}],"curies":[{"name":"wp","href":"https:\/\/api.w.org\/{rel}","templated":true}]}}