{"id":58,"date":"2025-10-28T04:39:00","date_gmt":"2025-10-28T04:39:00","guid":{"rendered":"https:\/\/towerrush.eu\/?page_id=58"},"modified":"2026-01-20T16:02:50","modified_gmt":"2026-01-20T16:02:50","slug":"home1","status":"publish","type":"page","link":"https:\/\/towerrush.eu\/hu\/","title":{"rendered":"home1"},"content":{"rendered":"<section class=\"gb-element-c0819d6c banner\">\n<div class=\"gb-element-0659d418\">\n<div class=\"wp-block-columns is-layout-flex wp-container-core-columns-is-layout-9d6595d7 wp-block-columns-is-layout-flex\">\n<div class=\"wp-block-column is-layout-flow wp-block-column-is-layout-flow\">\n<h2 class=\"gb-text gb-text-155ce4c1\">TOWER RUSH CASINO: JOuer a tiktok tr\u00fckk\u00f6k j\u00e1t\u00e9k\u00e1ban<\/h2>\n\n\n\n<p class=\"has-text-align-center has-base-3-color has-text-color has-link-color wp-elements-9fa386176fcb4b4f3cddaf06d17d756b\"><strong>J\u00e1tssz most a Towers j\u00e1t\u00e9kkal, ahol csak annyit kell tenned, hogy h\u00e1zakat rakosgatsz, hogy p\u00e9nzt nyerj! 5000 regisztr\u00e1ci\u00f3s b\u00f3nusz<\/strong><\/p>\n\n\n\n<div class=\"wp-block-columns is-layout-flex wp-container-core-columns-is-layout-9d6595d7 wp-block-columns-is-layout-flex\">\n<div class=\"wp-block-column is-layout-flow wp-block-column-is-layout-flow\" style=\"flex-basis:20px\"><\/div>\n\n\n\n<div class=\"wp-block-column is-layout-flow wp-block-column-is-layout-flow\">\n<a class=\"gb-text gb-text-50c1af7c\" href=\"\/play\/\">J\u00c1TSSZON MOST (DEMO)<\/a>\n<\/div>\n\n\n\n<div class=\"wp-block-column is-layout-flow wp-block-column-is-layout-flow\">\n<a class=\"gb-text gb-text-6d7e1e7e\" href=\"\/play\/\">VAL\u00d3DI P\u00c9NZZEL J\u00c1TSZVA<\/a>\n<\/div>\n\n\n\n<div class=\"wp-block-column is-layout-flow wp-block-column-is-layout-flow\" style=\"flex-basis:20px\"><\/div>\n<\/div>\n<\/div>\n<\/div>\n<\/div>\n<\/section>\n\n\n\n<div class=\"gb-element-cebc5281\">\n<h2 class=\"wp-block-heading\">Tower Rush Kaszin\u00f3: v\u00e9lem\u00e9nyek \u00e9s strat\u00e9gi\u00e1k 2026-ig<\/h2>\n\n\n\n<p>Eleged van abb\u00f3l, hogy csak n\u00e9zed, ahogy p\u00f6r\u00f6gnek a t\u00e1rcs\u00e1k an\u00e9lk\u00fcl, hogy valaha is befoly\u00e1solhatn\u00e1d a t\u00e9ted sors\u00e1t? A Tower Rush Casino \u00fajragondolja ezt az \u00e9lm\u00e9nyt azzal, hogy teljes kontrollt ad a p\u00f6rget\u00e9s fel\u00e9p\u00edt\u00e9se felett, \u00e9s minden egyes kattint\u00e1st strat\u00e9giai dilemm\u00e1v\u00e1 v\u00e1ltoztat az azonnali nyerem\u00e9ny \u00e9s a kisz\u00e1m\u00edtott kock\u00e1zat k\u00f6z\u00f6tt. Itt el\u00e1ruljuk a pontos sz\u00e1mokat \u00e9s a k\u00fcl\u00f6nleges b\u00f3nusztippeket, amelyek seg\u00edts\u00e9g\u00e9vel elker\u00fclheted ennek a nagy volatilit\u00e1s\u00fa j\u00e1t\u00e9knak a buktat\u00f3it.<\/p>\n\n\n\n<ol class=\"wp-block-list\">\n<li><a href=\"#tower-rush-bien-plus-quun-simple-jeu-de-crash\">Tower Rush, sokkal t\u00f6bb, mint egy \u00fctk\u00f6z\u00e9ses j\u00e1t\u00e9k<\/a><\/li>\n\n\n\n<li><a href=\"#la-mecanique-de-jeu-entre-construction-et-prise-de-risque\">J\u00e1t\u00e9kmechanika: az \u00e9p\u00edt\u00e9s \u00e9s a kock\u00e1zatv\u00e1llal\u00e1s k\u00f6z\u00f6tt<\/a><\/li>\n\n\n\n<li><a href=\"#les-bonus-et-malus-qui-pimentent-chaque-partie\">B\u00f3nuszok \u00e9s b\u00fcntet\u00e9sek minden j\u00e1t\u00e9k feldob\u00e1s\u00e1hoz<\/a><\/li>\n\n\n\n<li><a href=\"#tower-rush-face-aux-autres-jeux-lapproche-strategique\">Tower Rush kontra m\u00e1s j\u00e1t\u00e9kok: a strat\u00e9giai megk\u00f6zel\u00edt\u00e9s<\/a><\/li>\n<\/ol>\n\n\n\n<h2 class=\"wp-block-heading\" id=\"tower-rush-bien-plus-quun-simple-jeu-de-crash\">Tower Rush, sokkal t\u00f6bb, mint egy \u00fctk\u00f6z\u00e9ses j\u00e1t\u00e9k<\/h2>\n\n\n\n<h3 class=\"wp-block-heading\">Az \u00e9p\u00edt\u0151ipar \u00e9s a szerencsej\u00e1t\u00e9k f\u00fazi\u00f3ja<\/h3>\n\n\n\n<p>Felejtsd el a nyer\u0151g\u00e9peket, ahol passz\u00edvan elszenveded az eredm\u00e9nyt. Az Tower Rush Casino, <strong>te leszel a saj\u00e1t szerencs\u00e9d \u00e9p\u00edt\u00e9sze.<\/strong>t\u00e9gl\u00e1r\u00f3l t\u00e9gl\u00e1ra. Ez a Galaxsys alkot\u00e1sa, amely megv\u00e1ltoztatja a j\u00e1t\u00e9kot. Sz\u00f3 szerint emeletr\u0151l emeletre, val\u00f3s id\u0151ben \u00e9p\u00edted fel a tornyodat.<\/p>\n\n\n\n<p>Az elv \u00f6rd\u00f6gi: minden egyes teljes\u00edtett szint n\u00f6veli a nyerem\u00e9nyszorz\u00f3t. De vigy\u00e1zz, a szerkezet a legkisebb hib\u00e1ra figyelmeztet\u00e9s n\u00e9lk\u00fcl \u00f6sszeomolhat. Ez egy <strong>a v\u00e9lt k\u00e9pess\u00e9gek \u00e9s a brut\u00e1lis v\u00e9letlen m\u00e9rgez\u0151 kever\u00e9ke<\/strong>.<\/p>\n\n\n\n<p>Ez egy \u00faj dinamika, amely v\u00e9get vet a r\u00e9gi, poros asztali j\u00e1t\u00e9koknak. Most az egyszer \u00fagy fogod \u00e9rezni, mintha csak <strong>a kezed a sorsod korm\u00e1ny\u00e1n<\/strong>.<\/p>\n\n\n\n<h3 class=\"wp-block-heading\">A legfontosabb tudnival\u00f3k<\/h3>\n\n\n\n<p>A koncepci\u00f3 vonz\u00f3, de vajon t\u00e9nyleg kifizet\u0151d\u0151? Vess\u00fcnk egy pillant\u00e1st a f\u00fcgg\u00f6ny m\u00f6g\u00f6tti hideg matematik\u00e1ra. Ezek a nyers adatok elengedhetetlenek a k\u00f6vetkez\u0151kh\u00f6z <strong>\u00e9rt\u00e9kelje, hogy a j\u00e1t\u00e9k meg\u00e9ri-e a p\u00e9nz\u00e9t<\/strong>.<\/p>\n\n\n\n<p>Itt a m\u0171szaki adatlap <strong>elv\u00e1lasztja az amat\u0151r\u00f6ket a profikt\u00f3l<\/strong> ennek a c\u00edmnek.<\/p>\n\n\n\n<figure class=\"wp-block-table\"><table class=\"has-fixed-layout\"><thead><tr><th>Jellemz\u0151k<\/th><th>\u00c9rt\u00e9k<\/th><\/tr><\/thead><tbody><tr><td>Fejleszt\u0151<\/td><td>Galaxsys<\/td><\/tr><tr><td>A j\u00e1t\u00e9k t\u00edpusa<\/td><td>Turb\u00f3 j\u00e1t\u00e9k \/ Mini \u00e9p\u00edt\u0151j\u00e1t\u00e9k<\/td><\/tr><tr><td>RTP (a j\u00e1t\u00e9kosok visszat\u00e9r\u00e9si ar\u00e1nya)<\/td><td>96.12% \u00e9s 97% k\u00f6z\u00f6tt<\/td><\/tr><tr><td>Minim\u00e1lis t\u00e9t<\/td><td>0.01 \u20ac<\/td><\/tr><tr><td>Maxim\u00e1lis t\u00e9t<\/td><td>100 \u20ac<\/td><\/tr><tr><td>Kompatibilit\u00e1s<\/td><td>Mobil (HTML5), Sz\u00e1m\u00edt\u00f3g\u00e9p<\/td><\/tr><\/tbody><\/table><\/figure>\n\n\n\n<h3 class=\"wp-block-heading\">A c\u00e9l: m\u00e9g az \u00f6sszeoml\u00e1s el\u0151tt k\u00e9szp\u00e9nzre v\u00e1ltani.<\/h3>\n\n\n\n<p>A c\u00e9lod nem az, hogy meg\u00e9rintsd az eget, hidd el nekem. A c\u00e9l az, hogy <strong>biztos\u00edtsa a j\u00f6vedelm\u00e9t<\/strong> miel\u0151tt az eg\u00e9sz sz\u00e9tesik. Az id\u0151z\u00edt\u00e9s az egyetlen dolog, ami igaz\u00e1n sz\u00e1m\u00edt ebben az \u00e9lm\u00e9nyben.<\/p>\n\n\n\n<p>Minden egyes tov\u00e1bbi emelet azt ki\u00e1ltja, hogy menj tov\u00e1bb, ez egy ment\u00e1lis csapda. Folyamatosan a magasabb szorz\u00f3 cs\u00e1b\u00edt\u00e1sa \u00e9s a zsigeri f\u00e9lelem k\u00f6z\u00f6tt ingadozol, hogy egy m\u00e1sodperc alatt mindent elvesz\u00edtesz. Ez egy <strong>finom pszichol\u00f3giai k\u00ednz\u00e1s<\/strong>.<\/p>\n\n\n\n<p>A \"Cash Out\" megnyom\u00e1sa az egyetlen igazi ellen\u0151rz\u00e9si pillanat. Ekkor, \u00e9s csak ekkor nyerhetsz a g\u00e9p ellen.<\/p>\n\n\n\n<h2 class=\"wp-block-heading\" id=\"la-mecanique-de-jeu-entre-construction-et-prise-de-risque\">J\u00e1t\u00e9kmechanika: az \u00e9p\u00edt\u00e9s \u00e9s a kock\u00e1zatv\u00e1llal\u00e1s k\u00f6z\u00f6tt<\/h2>\n\n\n\n<p>Most, hogy megteremtett\u00fck a helysz\u00ednt, n\u00e9zz\u00fck meg, hogyan \u00e9s mi\u00e9rt j\u00e1tszanak egy Tower Rush Casino j\u00e1t\u00e9kot. <strong>pr\u00f3b\u00e1ra teszi az idegeidet<\/strong>.<\/p>\n\n\n\n<h3 class=\"wp-block-heading\">Az egym\u00e1sra helyez\u00e9s elve<\/h3>\n\n\n\n<p>Nyomja meg a \"BUILD\" gombot az els\u0151 k\u0151 lerak\u00e1s\u00e1hoz. A bizonytalan \u00e9p\u00edtm\u00e9nyedhez hozz\u00e1ad\u00f3dik egy blokk. Itt semmi sem fordul mag\u00e1t\u00f3l - te vagy az \u00e9p\u00edtkez\u00e9s ir\u00e1ny\u00edt\u00f3ja. Minden tov\u00e1bbi emelethez az \u00d6n k\u00e9zi j\u00f3v\u00e1hagy\u00e1sa sz\u00fcks\u00e9ges.<\/p>\n\n\n\n<p>Minden sikeres kattint\u00e1s megszil\u00e1rd\u00edtja a sorodat \u00e9s <strong>n\u00f6veli a potenci\u00e1lis j\u00f6vedelm\u00e9t<\/strong>. A kezel\u0151fel\u00fclet tov\u00e1bbra is rendezett marad, hogy soha ne akad\u00e1lyozza a l\u00e1t\u00e1st. Ak\u00e1r mobilon, ak\u00e1r sz\u00e1m\u00edt\u00f3g\u00e9pen, minden azonnal reag\u00e1l.<\/p>\n\n\n\n<p>A HTML5 technol\u00f3gi\u00e1nak k\u00f6sz\u00f6nhet\u0151en a j\u00e1t\u00e9k <strong>let\u00f6lt\u00e9s n\u00e9lk\u00fcl indul<\/strong>. Az \u00e9lm\u00e9ny t\u00f6k\u00e9letesen g\u00f6rd\u00fcl\u00e9keny marad, f\u00fcggetlen\u00fcl att\u00f3l, hogy milyen eszk\u00f6zzel haszn\u00e1lod.<\/p>\n\n\n\n<h3 class=\"wp-block-heading\">A szorz\u00f3: k\u00e9t\u00e9l\u0171 jutalom<\/h3>\n\n\n\n<p>A kereseti szorz\u00f3 nem k\u00f6vet sima g\u00f6rb\u00e9t. <strong>Sz\u00f3 szerint felrobban<\/strong> min\u00e9l magasabbra m\u00e1szol. Az \u00e9rt\u00e9ke kiz\u00e1r\u00f3lag att\u00f3l f\u00fcgg, hogy milyen sz\u00e9d\u00edt\u0151 magass\u00e1got siker\u00fcl el\u00e9rnie. Ez exponenci\u00e1lis.<\/p>\n\n\n\n<p>Ez a klasszikus ment\u00e1lis csapda, amely a j\u00e1t\u00e9kosokra v\u00e1r. Min\u00e9l magasabbra ker\u00fcl a sor, ann\u00e1l cs\u00e1b\u00edt\u00f3bb\u00e1 v\u00e1lnak a figur\u00e1k. De vigy\u00e1zz! <strong>drasztikusan megn\u0151 a val\u00f3sz\u00edn\u0171s\u00e9ge annak, hogy minden \u00f6sszeomlik.<\/strong> minden \u00faj szinten.<\/p>\n\n\n\n<p>Ez a kock\u00e1zat\/nyeres\u00e9g ar\u00e1ny minden m\u00e1sodpercben \u00e9rezhet\u0151 fesz\u00fclts\u00e9get teremt. Minden egyes kattint\u00e1s egy messzemen\u0151 k\u00f6vetkezm\u00e9nyekkel j\u00e1r\u00f3 szerencsej\u00e1t\u00e9kk\u00e1 v\u00e1lik. A pulzusod felgyorsul, ahogy <strong>egy hiba mindent elt\u00f6r\u00f6l<\/strong>.<\/p>\n\n\n\n<h3 class=\"wp-block-heading\">Cash out: a m\u0171v\u00e9szet, hogy tudjuk, mikor kell abbahagyni<\/h3>\n\n\n\n<p>A \"CASH OUT\" gomb az egyetlen igazi sz\u00f6vets\u00e9gesed itt. Ez az egyetlen parancs, amely meg\u00e1ll\u00edtja a k\u00f6zvetlen vesz\u00e9lyt. Ez <strong>azonnal val\u00f3di p\u00e9nzz\u00e9 alak\u00edtja a virtu\u00e1lis sz\u00e1mokat<\/strong>.<\/p>\n\n\n\n<p>A fej\u00e9ben ekkor egy heves bels\u0151 konfliktus j\u00e1tsz\u00f3dik le. Ha t\u00fal gyorsan bev\u00e1ltod, d\u00fch\u00f6ngsz az elszalasztott nyeres\u00e9g miatt. Ha egy m\u00e1sodperccel is t\u00fal sok\u00e1ig v\u00e1rsz, a torony \u00f6sszeomlik. \u00d6n <strong>elvesz\u00edted az \u00f6sszes p\u00e9nzed<\/strong>.<\/p>\n\n\n\n<p>Az idegek kord\u00e1ban tart\u00e1sa, hogy ezt a d\u00f6nt\u00e9st meghozza, tov\u00e1bbra is az egyetlen \u00e9rt\u00e9kes k\u00e9szs\u00e9g. Ez az a pont, ahol a <strong>a k\u00fcl\u00f6nbs\u00e9g a gy\u0151zelem \u00e9s a veres\u00e9g k\u00f6z\u00f6tt<\/strong>.<\/p>\n\n\n\n<h2 class=\"wp-block-heading\" id=\"les-bonus-et-malus-qui-pimentent-chaque-partie\">B\u00f3nuszok \u00e9s b\u00fcntet\u00e9sek minden j\u00e1t\u00e9k feldob\u00e1s\u00e1hoz<\/h2>\n\n\n\n<p>De az alapkonstrukci\u00f3 csak a kezdet. Az igazi izgalmat a <strong>v\u00e9letlenszer\u0171 esem\u00e9nyek, amelyek vagy megmentenek, vagy megnehez\u00edtik a feladatodat.<\/strong>.<\/p>\n\n\n\n<h3 class=\"wp-block-heading\">A h\u00e1rom b\u00f3nusz, amely mindent megv\u00e1ltoztathat<\/h3>\n\n\n\n<p>Felejtse el a t\u00e9gl\u00e1k egym\u00e1sra rak\u00e1s\u00e1nak monoton rutinj\u00e1t. N\u00e9ha a v\u00e9letlen k\u00f6zbesz\u00f3l, \u00e9s figyelmeztet\u00e9s n\u00e9lk\u00fcl \u00e1tkeveri a paklit. Ilyenkor <strong>torony rohan\u00e1s kaszin\u00f3 lesz igaz\u00e1n gonosz<\/strong>.<\/p>\n\n\n\n<p>Ezek a tr\u00e9famesterek nem csak vizu\u00e1lis tr\u00fckk\u00f6k. <strong>strat\u00e9giai fegyverek a bankrollodhoz<\/strong> :<\/p>\n\n\n\n<ul class=\"wp-block-list\">\n<li>Fagyasztott padl\u00f3: Egy \"fagyasztott\" padl\u00f3, amely <strong>garant\u00e1lja a k\u00f6vetkez\u0151 blokk sikeres \u00e9p\u00edt\u00e9s\u00e9t<\/strong>. Ez egy ideiglenes biztos\u00edt\u00e1s, amely arra \u00f6szt\u00f6nzi \u00d6nt, hogy t\u00f6bb kock\u00e1zatot v\u00e1llaljon.<\/li>\n\n\n\n<li>Temple Floor: Egy speci\u00e1lis padl\u00f3, amely egy <strong>jelent\u0151s b\u00f3nusz szorz\u00f3<\/strong> a jelenlegi j\u00f6vedelm\u00e9hez, exponenci\u00e1lisan n\u00f6velve a jutalmat.<\/li>\n\n\n\n<li><strong>H\u00e1romszoros \u00e9p\u00edt\u00e9s<\/strong> Lehet\u0151v\u00e9 teszi, hogy egy menetben h\u00e1rom emeletet \u00e9p\u00edts, ami jelent\u0151sen felgyors\u00edtja a torony el\u0151rehalad\u00e1s\u00e1t \u00e9s a nyeres\u00e9get, de koncentr\u00e1lja a kock\u00e1zatot.<\/li>\n<\/ul>\n\n\n\n<h3 class=\"wp-block-heading\">A negat\u00edv szorz\u00f3k csapd\u00e1ja<\/h3>\n\n\n\n<p>De vigy\u00e1zat, 90 % j\u00e1t\u00e9kosok elfelejtik, hogy a felemelked\u00e9s nem mindig line\u00e1ris \u00e9s biztons\u00e1gos. L\u00e1togasson el a  oldalra. <strong>a rendszer alattomos csapd\u00e1kat rejt<\/strong> amir\u0151l sokan nem tudnak. El\u0151fordulhat, hogy negat\u00edv szorz\u00f3val rendelkez\u0151 \u00e1tkozott padl\u00f3ra bukkansz, mint p\u00e9ld\u00e1ul a rettegett x0,5.<\/p>\n\n\n\n<p>Gyakorlatilag a felhalmozott vagyon <strong>azonnal a fel\u00e9re cs\u00f6kken<\/strong> figyelmeztet\u00e9s n\u00e9lk\u00fcl. Olyan, mint egy hideg zuhany. Minden kor\u00e1bbi er\u0151fesz\u00edt\u00e9sed a m\u00e1sodperc t\u00f6red\u00e9ke alatt f\u00fcstbe megy.<\/p>\n\n\n\n<p>Ez a l\u00e1thatatlan fenyeget\u00e9s az idegeidre megy, \u00e9s a bizonytalans\u00e1gnak egy sz\u00f6rny\u0171 r\u00e9teg\u00e9t adja hozz\u00e1. A f\u00e9lelem, hogy egy egyszer\u0171 matematikai oszt\u00e1s miatt mindent elvesz\u00edthetsz, megb\u00e9n\u00edt. T\u00e9tov\u00e1zol, reszketsz, \u00e9s ekkor hib\u00e1zol. <strong>a v\u00e9gzetes hiba<\/strong>.<\/p>\n\n\n\n<h3 class=\"wp-block-heading\">Hogyan v\u00e1ltoztatj\u00e1k meg ezek a funkci\u00f3k a strat\u00e9gi\u00e1t<\/h3>\n\n\n\n<p>Ezek a vesz\u00e9lyek teljesen megt\u00f6rik az ism\u00e9tl\u0151d\u0151 kattint\u00e1s monot\u00f3ni\u00e1j\u00e1t, \u00e9s megakad\u00e1lyozz\u00e1k, hogy b\u00e1rmilyen rutin kialakuljon. Lehetetlen egy merev tervet k\u00f6vetni. Minden egyes \u00fcl\u00e9s egy <strong>egy kisz\u00e1m\u00edthatatlan vad\u00e1llat, amelyet meg kell szel\u00edd\u00edteni.<\/strong> a munk\u00e1ban.<\/p>\n\n\n\n<p>A Frozen Floor egy f\u00e9l\u00e9nk j\u00e1t\u00e9kost hirtelen mindenre k\u00e9sz forr\u00f3fej\u0171v\u00e9 v\u00e1ltoztat. Ezzel szemben a negat\u00edv szorz\u00f3t\u00f3l val\u00f3 egyszer\u0171 f\u00e9lelem arra k\u00e9nyszer\u00edti a nagy j\u00e1t\u00e9kosokat, hogy id\u0151 el\u0151tt biztos\u00edts\u00e1k nyerem\u00e9ny\u00fcket. <strong>A pulzussz\u00e1m dikt\u00e1lja a kattint\u00e1st<\/strong>. Ez brut\u00e1lis.<\/p>\n\n\n\n<p>R\u00f6viden, az itteni t\u00fal\u00e9l\u00e9shez sz\u00fcks\u00e9g van arra. <strong>folyamatosan alkalmazkodik a k\u00e1oszhoz<\/strong>. Ez teszi az \u00e9lm\u00e9nyt sokkal intenz\u00edvebb\u00e9, mint egy klasszikus szerencsej\u00e1t\u00e9k.<\/p>\n\n\n\n<h2 class=\"wp-block-heading\" id=\"tower-rush-face-aux-autres-jeux-lapproche-strategique\">Tower Rush kontra m\u00e1s j\u00e1t\u00e9kok: a strat\u00e9giai megk\u00f6zel\u00edt\u00e9s<\/h2>\n\n\n\n<h3 class=\"wp-block-heading\">T\u00f6bb mint egy j\u00e1t\u00e9k az \u00fctk\u00f6z\u00e9sekr\u0151l, egy j\u00e1t\u00e9k az id\u0151z\u00edt\u00e9sr\u0151l<\/h3>\n\n\n\n<p>Felejtsd el a passz\u00edv v\u00e1rakoz\u00e1st a rep\u00fcl\u0151g\u00e9p felsz\u00e1ll\u00e1s\u00e1ra a v\u00e9gtelens\u00e9gig, mint az Aviatorban. Az Tower Rush Casin\u00f3ban nem csak n\u00e9z\u0151 vagy, <strong>\u00d6n egy akt\u00edv \u00e9p\u00edt\u0151<\/strong>. \u00d6n az, aki minden egyes t\u00e9gl\u00e1t emeletr\u0151l emeletre, k\u00e9zzel emelve rakja le. Ez a k\u00fcl\u00f6nbs\u00e9g megv\u00e1ltoztatja a j\u00e1t\u00e9k teljes pszichol\u00f3giai dinamik\u00e1j\u00e1t.<\/p>\n\n\n\n<p>Ez az \u00e9p\u00edt\u00e9si mechanika sokkal intenz\u00edvebb ir\u00e1ny\u00edt\u00e1s\u00e9rzetet ny\u00fajt, mint a versenyt\u00e1rsak. Ha a torony \u00f6sszeomlik, szem\u00e9lyesen haragszol magadra, ami\u00e9rt t\u00fal moh\u00f3 volt\u00e1l azzal a kattint\u00e1ssal. T\u00e9nyleg \u00fagy \u00e9rzed. <strong>a v\u00e9geredm\u00e9ny t\u00e1rsszerz\u0151je<\/strong>.<\/p>\n\n\n\n<p>V\u00e9gre elt\u00e1volodunk a klasszikus \"csirkej\u00e1t\u00e9kt\u00f3l\", \u00e9s a l\u00e9nyegre t\u00e9r\u00fcnk. <strong>\u00fcgyess\u00e9gi j\u00e1t\u00e9k<\/strong>. Ez szinte egy ritmusj\u00e1t\u00e9k, ahol a d\u00f6nt\u00e9sed id\u0151z\u00edt\u00e9se mindent meghat\u00e1roz.<\/p>\n\n\n\n<h3 class=\"wp-block-heading\">A dem\u00f3 verzi\u00f3 fontoss\u00e1ga<\/h3>\n\n\n\n<p>\u0150r\u00fclts\u00e9g lenne a saj\u00e1t p\u00e9nz\u00e9t fogadni an\u00e9lk\u00fcl, hogy el\u0151bb teszteln\u00e9 a terepet. L\u00e1togasson el a  oldalra. <strong>ingyenes dem\u00f3 verzi\u00f3 azonnal el\u00e9rhet\u0151<\/strong>Nincs sz\u00fcks\u00e9g let\u00f6lt\u00e9sre. Minden mag\u00e1ra valamit is ad\u00f3 j\u00e1t\u00e9kosnak k\u00f6telez\u0151.<\/p>\n\n\n\n<p>10 000 virtu\u00e1lis kreditet ad, hogy meg\u00e9rtse a balesetek val\u00f3s gyakoris\u00e1g\u00e1t. \u00c1t kell \u00e9rezned azt a frusztr\u00e1ci\u00f3t, amikor a torony a 2. szintre zuhan an\u00e9lk\u00fcl, hogy egy fill\u00e9rbe ker\u00fclne. Jobb, ha hamis p\u00e9nzt vesz\u00edtesz. <strong>megtanulni a leck\u00e9t<\/strong>.<\/p>\n\n\n\n<p>Hamarosan kider\u00fcl, hogy az idegeid b\u00edrj\u00e1k-e a nyom\u00e1st. <strong>Teszteld a hat\u00e1raidat<\/strong> an\u00e9lk\u00fcl, hogy kock\u00e1ztatn\u00e1 a fizet\u00e9s\u00e9t, ez ilyen egyszer\u0171.<\/p>\n\n\n\n<h3 class=\"wp-block-heading\">Kock\u00e1zatkezel\u00e9s: n\u00e9h\u00e1ny gondolat\u00e9breszt\u0151 gondolat<\/h3>\n\n\n\n<p>Legy\u00fcnk tiszt\u00e1ban azzal, hogy a Galaxsys fejleszt\u0151i \u00e1ltal programozott v\u00e9letlenszer\u0171s\u00e9get egyetlen csodam\u00f3dszer sem \u00fcti meg. <strong>A j\u00e1t\u00e9k term\u00e9szet\u00e9n\u00e9l fogva kisz\u00e1m\u00edthatatlan marad.<\/strong>Nem sz\u00e1m\u00edt, milyen tehets\u00e9ges vagy. Az egyetlen dolog, amit igaz\u00e1n ir\u00e1ny\u00edthatsz, az az, hogy hogyan kezeled a portf\u00f3li\u00f3dat.<\/p>\n\n\n\n<p>Hogy biztosan ne ker\u00fclj\u00f6n ki a zseb\u00e9b\u0151l, itt van, hogy hogyan <strong>amit a veter\u00e1nok lelkiismeretesen alkalmaznak, hogy utolj\u00e1ra<\/strong> :<\/p>\n\n\n\n<ul class=\"wp-block-list\">\n<li>Hat\u00e1rozott elvon\u00e1si c\u00e9lt hat\u00e1rozzon meg, miel\u0151tt r\u00e1kattint, p\u00e9ld\u00e1ul <strong>szisztematikusan meg\u00e1ll egy x3-as szorz\u00f3n\u00e1l<\/strong>.<\/li>\n\n\n\n<li>Szigor\u00fa \u00fcl\u00e9sk\u00f6lts\u00e9gvet\u00e9s r\u00f6gz\u00edt\u00e9se \u00e9s <strong>bez\u00e1rja a lapot, ha a hat\u00e1r\u00e9rt\u00e9ket el\u00e9rte<\/strong>kiv\u00e9tel n\u00e9lk\u00fcl.<\/li>\n\n\n\n<li><strong>Csak a nyeres\u00e9g \u00fajrabefektet\u00e9se<\/strong> az el\u0151z\u0151 fordul\u00f3kb\u00f3l, hogy megpr\u00f3b\u00e1lja a nagy padl\u00f3kat, an\u00e9lk\u00fcl, hogy hozz\u00e1ny\u00falna a kezd\u0151t\u0151k\u00e9hez.<\/li>\n<\/ul>\n\n\n\n<p>Tower Rush <strong>\u00fajra feltal\u00e1lja a crash j\u00e1t\u00e9kot<\/strong> a Galaxsys \u00e1ltal tervezett interakt\u00edv \u00e9p\u00edt\u00e9si mechanik\u00e1nak k\u00f6sz\u00f6nhet\u0151en. T\u00f6bb mint egy fogad\u00e1s, ez megk\u00f6veteli a higgadts\u00e1got \u00e9s az id\u0151z\u00edt\u00e9st, hogy <strong>biztos\u00edtsa nyeres\u00e9g\u00e9t az \u00f6sszeoml\u00e1s el\u0151tt<\/strong>. Pr\u00f3b\u00e1ld ki a dem\u00f3 verzi\u00f3t, hogy megbar\u00e1tkozz ezzel a f\u00fcgg\u0151leges kih\u00edv\u00e1ssal, ahol minden egyes \u00faj emelet a k\u00f6vetkez\u0151k k\u00f6z\u00f6tt ingadozik. <strong>tiszta adrenalin \u00e9s \u00e1tgondolt strat\u00e9gia<\/strong>.<\/p>\n<\/div>\n\n\n\n<p><\/p>","protected":false},"excerpt":{"rendered":"<p>TOWER RUSH CASINO : JOuer au jeu des tours de tiktok Jouez maintenant au jeu des tours o\u00f9 ils suffit d&#8217;empiler des maisons pour gagner de l&rsquo;argent ! Bonus de 5000\u20ac \u00e0 l&rsquo;inscription JOUER MAINTENANT (DEMO) JOUER AVEC DE l&rsquo;argent r\u00e9el Tower Rush Casino : avis et strat\u00e9gies pour 2026 \u00cates-vous lass\u00e9 de regarder les &#8230; <a title=\"home1\" class=\"read-more\" href=\"https:\/\/towerrush.eu\/hu\/\" aria-label=\"Read more about home1\">Olvass tov\u00e1bb<\/a><\/p>","protected":false},"author":1,"featured_media":0,"parent":0,"menu_order":0,"comment_status":"closed","ping_status":"closed","template":"","meta":{"footnotes":""},"class_list":["post-58","page","type-page","status-publish"],"_links":{"self":[{"href":"https:\/\/towerrush.eu\/hu\/wp-json\/wp\/v2\/pages\/58","targetHints":{"allow":["GET"]}}],"collection":[{"href":"https:\/\/towerrush.eu\/hu\/wp-json\/wp\/v2\/pages"}],"about":[{"href":"https:\/\/towerrush.eu\/hu\/wp-json\/wp\/v2\/types\/page"}],"author":[{"embeddable":true,"href":"https:\/\/towerrush.eu\/hu\/wp-json\/wp\/v2\/users\/1"}],"replies":[{"embeddable":true,"href":"https:\/\/towerrush.eu\/hu\/wp-json\/wp\/v2\/comments?post=58"}],"version-history":[{"count":59,"href":"https:\/\/towerrush.eu\/hu\/wp-json\/wp\/v2\/pages\/58\/revisions"}],"predecessor-version":[{"id":265,"href":"https:\/\/towerrush.eu\/hu\/wp-json\/wp\/v2\/pages\/58\/revisions\/265"}],"wp:attachment":[{"href":"https:\/\/towerrush.eu\/hu\/wp-json\/wp\/v2\/media?parent=58"}],"curies":[{"name":"wp","href":"https:\/\/api.w.org\/{rel}","templated":true}]}}