{"id":58,"date":"2025-10-28T04:39:00","date_gmt":"2025-10-28T04:39:00","guid":{"rendered":"https:\/\/towerrush.eu\/?page_id=58"},"modified":"2026-01-20T16:02:50","modified_gmt":"2026-01-20T16:02:50","slug":"home1","status":"publish","type":"page","link":"https:\/\/towerrush.eu\/lv\/","title":{"rendered":"home1"},"content":{"rendered":"<section class=\"gb-element-c0819d6c banner\">\n<div class=\"gb-element-0659d418\">\n<div class=\"wp-block-columns is-layout-flex wp-container-core-columns-is-layout-9d6595d7 wp-block-columns-is-layout-flex\">\n<div class=\"wp-block-column is-layout-flow wp-block-column-is-layout-flow\">\n<h2 class=\"gb-text gb-text-155ce4c1\">TOWER RUSH CASINO: Iesaisties tiktok triku sp\u0113l\u0113<\/h2>\n\n\n\n<p class=\"has-text-align-center has-base-3-color has-text-color has-link-color wp-elements-9fa386176fcb4b4f3cddaf06d17d756b\"><strong>Sp\u0113l\u0113jiet tor\u0146u sp\u0113li, kur\u0101 viss, kas jums j\u0101dara, ir j\u0101sakrauj m\u0101ji\u0146as, lai vinn\u0113tu naudu! 5000 pierakst\u012b\u0161an\u0101s bonuss<\/strong><\/p>\n\n\n\n<div class=\"wp-block-columns is-layout-flex wp-container-core-columns-is-layout-9d6595d7 wp-block-columns-is-layout-flex\">\n<div class=\"wp-block-column is-layout-flow wp-block-column-is-layout-flow\" style=\"flex-basis:20px\"><\/div>\n\n\n\n<div class=\"wp-block-column is-layout-flow wp-block-column-is-layout-flow\">\n<a class=\"gb-text gb-text-50c1af7c\" href=\"\/play\/\">SP\u0112L\u0112T TAGAD (DEMO)<\/a>\n<\/div>\n\n\n\n<div class=\"wp-block-column is-layout-flow wp-block-column-is-layout-flow\">\n<a class=\"gb-text gb-text-6d7e1e7e\" href=\"\/play\/\">SP\u0112L\u0112JOT AR RE\u0100LU NAUDU<\/a>\n<\/div>\n\n\n\n<div class=\"wp-block-column is-layout-flow wp-block-column-is-layout-flow\" style=\"flex-basis:20px\"><\/div>\n<\/div>\n<\/div>\n<\/div>\n<\/div>\n<\/section>\n\n\n\n<div class=\"gb-element-cebc5281\">\n<h2 class=\"wp-block-heading\">Tower Rush Kazino: viedok\u013ci un strat\u0113\u0123ijas 2026. gadam<\/h2>\n\n\n\n<p>Vai esat noguris skat\u012bties, k\u0101 grie\u017eas ru\u013c\u013ci, bet nevarat ietekm\u0113t savas likmes likteni? Tower Rush Casino no jauna atkl\u0101j \u0161o pieredzi, sniedzot jums piln\u012bgu kontroli p\u0101r grie\u0161an\u0101s procesu, p\u0101rv\u0113r\u0161ot katru klik\u0161\u0137i par strat\u0113\u0123isku dilemmu starp t\u016bl\u012bt\u0113ju vinnestu un apr\u0113\u0137in\u0101tu risku. \u0160eit m\u0113s atkl\u0101jam prec\u012bzus skait\u013cus un \u012bpa\u0161us bonusa padomus, kas pal\u012bdz\u0113s jums izvair\u012bties no \u0161\u012bs augstas nepast\u0101v\u012bbas sp\u0113les slazdiem.<\/p>\n\n\n\n<ol class=\"wp-block-list\">\n<li><a href=\"#tower-rush-bien-plus-quun-simple-jeu-de-crash\">Tower Rush, daudz vair\u0101k nek\u0101 tikai av\u0101rijas sp\u0113le<\/a><\/li>\n\n\n\n<li><a href=\"#la-mecanique-de-jeu-entre-construction-et-prise-de-risque\">Sp\u0113les meh\u0101nika: starp b\u016bvniec\u012bbu un riska uz\u0146em\u0161anos<\/a><\/li>\n\n\n\n<li><a href=\"#les-bonus-et-malus-qui-pimentent-chaque-partie\">Bonusi un sodi, kas da\u017e\u0101do katru sp\u0113li.<\/a><\/li>\n\n\n\n<li><a href=\"#tower-rush-face-aux-autres-jeux-lapproche-strategique\">Tower Rush pret cit\u0101m sp\u0113l\u0113m: strat\u0113\u0123isk\u0101 pieeja<\/a><\/li>\n<\/ol>\n\n\n\n<h2 class=\"wp-block-heading\" id=\"tower-rush-bien-plus-quun-simple-jeu-de-crash\">Tower Rush, daudz vair\u0101k nek\u0101 tikai av\u0101rijas sp\u0113le<\/h2>\n\n\n\n<h3 class=\"wp-block-heading\">B\u016bvniec\u012bbas un azartsp\u0113\u013cu apvienojums<\/h3>\n\n\n\n<p>Aizmirstiet par sp\u0113\u013cu autom\u0101tiem, kur j\u016bs pas\u012bvi cie\u0161at no rezult\u0101ta. Ar Tower Rush Casino, <strong>tu k\u013c\u016bsti par savas laimes arhitektu.<\/strong>\u0137ie\u0123el\u012bti pa \u0137ie\u0123el\u012btim. Tas ir Galaxsys rad\u012bjums, kas maina sp\u0113les gaitu. J\u016bs burtiski b\u016bv\u0113jat savu torni, st\u0101vu pa st\u0101vam, re\u0101laj\u0101 laik\u0101.<\/p>\n\n\n\n<p>Princips ir ne\u017e\u0113l\u012bgs: katrs pabeigtais l\u012bmenis palielina j\u016bsu vinnesta reizin\u0101t\u0101ju. Ta\u010du j\u0101uzman\u0101s, strukt\u016bra var sabrukt bez br\u012bdin\u0101juma pie maz\u0101k\u0101s k\u013c\u016bdas. Tas ir <strong>toksisks uztverto prasmju un brut\u0101las nejau\u0161\u012bbas sajaukums.<\/strong>.<\/p>\n\n\n\n<p>T\u0101 ir jauna dinamika, kas liek punktu vecaj\u0101m galda sp\u0113l\u0113m. Vienu reizi j\u016bs jut\u012bsieties t\u0101, it k\u0101 j\u016bs tikko b\u016btu... <strong>j\u016bsu rokas uz j\u016bsu likte\u0146a st\u016bres<\/strong>.<\/p>\n\n\n\n<h3 class=\"wp-block-heading\">Galvenie skait\u013ci, kas j\u0101zina<\/h3>\n\n\n\n<p>Koncepcija ir pievilc\u012bga, bet vai t\u0101 patie\u0161\u0101m atmaks\u0101jas? Apl\u016bkosim auksto matem\u0101tiku aiz priek\u0161kara. \u0160ie neapstr\u0101d\u0101tie dati ir b\u016btiski, lai <strong>nov\u0113rt\u0113t, vai sp\u0113le ir j\u016bsu naudas v\u0113rta.<\/strong>.<\/p>\n\n\n\n<p>\u0160eit ir tehnisk\u0101 datu lapa <strong>At\u0161\u0137ir amatierus no profesion\u0101\u013ciem<\/strong> \u0161\u012bs sada\u013cas.<\/p>\n\n\n\n<figure class=\"wp-block-table\"><table class=\"has-fixed-layout\"><thead><tr><th>Funkcijas<\/th><th>V\u0113rt\u012bba<\/th><\/tr><\/thead><tbody><tr><td>Izstr\u0101d\u0101t\u0101js<\/td><td>Galaxsys<\/td><\/tr><tr><td>Sp\u0113les veids<\/td><td>Turbo sp\u0113le \/ Mini b\u016bvniec\u012bbas sp\u0113le<\/td><\/tr><tr><td>RTP (sp\u0113l\u0113t\u0101ju pe\u013c\u0146as koeficients)<\/td><td>96.12% l\u012bdz 97%<\/td><\/tr><tr><td>Minim\u0101l\u0101 likme<\/td><td>0.01 \u20ac<\/td><\/tr><tr><td>Maksim\u0101l\u0101 likme<\/td><td>100 \u20ac<\/td><\/tr><tr><td>Savietojam\u012bba<\/td><td>Mobilais (HTML5), Dators<\/td><\/tr><\/tbody><\/table><\/figure>\n\n\n\n<h3 class=\"wp-block-heading\">M\u0113r\u0137is: g\u016bt naudu pirms sabrukuma<\/h3>\n\n\n\n<p>Tavs m\u0113r\u0137is nav pieskarties debes\u012bm, ticiet man. M\u0113r\u0137is ir <strong>nodro\u0161iniet savu pe\u013c\u0146u.<\/strong> pirms tas viss sabruks. Vien\u012bgais, kas \u0161aj\u0101 pieredz\u0113 ir svar\u012bgs, ir laiks.<\/p>\n\n\n\n<p>Katrs n\u0101kamais st\u0101vs kliedz, lai j\u016bs turpin\u0101tu, tas ir gar\u012bgs slazds. J\u016bs nep\u0101rtraukti sv\u0101rst\u0101ties starp liel\u0101ka reizin\u0101t\u0101ja vilin\u0101jumu un viscer\u0101laj\u0101m bail\u0113m vien\u0101 mirkl\u012b visu zaud\u0113t. Tas ir <strong>gar\u0161\u012bga psiholo\u0123isk\u0101 sp\u012bdzin\u0101\u0161ana<\/strong>.<\/p>\n\n\n\n<p>Nospie\u017eot \"Cash Out\", vien\u012bgais re\u0101lais kontroles br\u012bdis ir vien\u012bgais. Tikai un vien\u012bgi tad j\u016bs varat uzvar\u0113t autom\u0101tu.<\/p>\n\n\n\n<h2 class=\"wp-block-heading\" id=\"la-mecanique-de-jeu-entre-construction-et-prise-de-risque\">Sp\u0113les meh\u0101nika: starp b\u016bvniec\u012bbu un riska uz\u0146em\u0161anos<\/h2>\n\n\n\n<p>Tagad, kad esam sagatavoju\u0161i sp\u0113les s\u0101kumu, apl\u016bkosim, k\u0101 un k\u0101p\u0113c tiek sp\u0113l\u0113ta Tower Rush Casino sp\u0113le. <strong>p\u0101rbauda j\u016bsu nervus.<\/strong>.<\/p>\n\n\n\n<h3 class=\"wp-block-heading\">Krau\u0161anas princips<\/h3>\n\n\n\n<p>Nospiediet pogu \"BUILD\", lai liktu pirmo akmeni. J\u016bsu nedro\u0161ajai celtnei tiek pievienots akmens. \u0160eit nekas nev\u0113r\u0161as pats no sevis - j\u016bs esat objekta p\u0101rvaldnieks. Katram papildu st\u0101vam ir nepiecie\u0161ama j\u016bsu manu\u0101la apstiprin\u0101\u0161ana.<\/p>\n\n\n\n<p>Katrs veiksm\u012bgs klik\u0161\u0137is nostiprina j\u016bsu pagriezienu un <strong>palielina j\u016bsu potenci\u0101lo pe\u013c\u0146u.<\/strong>. Saskarne ir vienk\u0101r\u0161a, t\u0101p\u0113c t\u0101 nekad netrauc\u0113 jums redz\u0113t. Neatkar\u012bgi no t\u0101, vai izmantojat mobilo t\u0101lruni vai datoru, viss rea\u0123\u0113 uzreiz.<\/p>\n\n\n\n<p>Pateicoties HTML5 tehnolo\u0123ijai, sp\u0113le <strong>uzs\u0101k bez lejupiel\u0101des<\/strong>. Neatkar\u012bgi no ier\u012bces lieto\u0161anas veids ir piln\u012bgi vienm\u0113r\u012bgs.<\/p>\n\n\n\n<h3 class=\"wp-block-heading\">Daudzin\u0101t\u0101js: divpus\u0113js atalgojums<\/h3>\n\n\n\n<p>Ien\u0101kumu reizin\u0101t\u0101jam nav vienm\u0113r\u012bgas l\u012bknes. <strong>Tas burtiski eksplod\u0113<\/strong> jo augst\u0101k j\u016bs k\u0101pjat. T\u0101s v\u0113rt\u012bba ir atkar\u012bga tikai no t\u0101, cik reibino\u0161u augstumu jums izdosies sasniegt. T\u0101 ir eksponenci\u0101la.<\/p>\n\n\n\n<p>T\u0101 ir klasiska psiholo\u0123iska lamatas, kas gaida sp\u0113l\u0113t\u0101jus. Jo augst\u0101ka ir j\u016bsu k\u0101rta, jo vilino\u0161\u0101ki k\u013c\u016bst skait\u013ci. Ta\u010du uzmanieties, <strong>krasi palielin\u0101s varb\u016bt\u012bba, ka viss sabruks.<\/strong> katr\u0101 jaun\u0101 l\u012bmen\u012b.<\/p>\n\n\n\n<p>\u0160\u012b riska un atdeves attiec\u012bba katru sekundi rada j\u016btamu spriedzi. Katrs klik\u0161\u0137is k\u013c\u016bst par azartsp\u0113li ar t\u0101lejo\u0161\u0101m sek\u0101m. J\u016bsu pulss pa\u0101trin\u0101s, kad <strong>viena k\u013c\u016bda izdz\u0113\u0161 visu<\/strong>.<\/p>\n\n\n\n<h3 class=\"wp-block-heading\">Naudas iz\u0146em\u0161ana: m\u0101ksla zin\u0101t, kad apst\u0101ties<\/h3>\n\n\n\n<p>J\u016bsu vien\u012bgais \u012bstais sabiedrotais \u0161eit ir poga \"CASH OUT\". T\u0101 ir vien\u012bg\u0101 komanda, kas aptur t\u016bl\u012bt\u0113jas briesmas. T\u0101 <strong>uzreiz p\u0101rv\u0113r\u0161 j\u016bsu virtu\u0101los skait\u013cus re\u0101l\u0101 naud\u0101.<\/strong>.<\/p>\n\n\n\n<p>Tad j\u016bsu galv\u0101 tiek izsp\u0113l\u0113ts vardarb\u012bgs iek\u0161\u0113js konflikts. Ja p\u0101r\u0101k \u0101tri sa\u0146emat naudu, j\u016bs dusmojaties par zaud\u0113to pe\u013c\u0146u. Ja gaid\u0101t par sekundi p\u0101r\u0101k ilgi, tornis sabr\u016bk. J\u016bs <strong>zaud\u0113t piln\u012bgi visu savu naudu.<\/strong>.<\/p>\n\n\n\n<p>Lai pie\u0146emtu \u0161o l\u0113mumu, vien\u012bg\u0101 noder\u012bg\u0101 prasme ir kontrol\u0113t savus nervus. Tas ir tas, kur <strong>at\u0161\u0137ir\u012bba starp uzvaru un zaud\u0113jumu<\/strong>.<\/p>\n\n\n\n<h2 class=\"wp-block-heading\" id=\"les-bonus-et-malus-qui-pimentent-chaque-partie\">Bonusi un sodi, kas da\u017e\u0101do katru sp\u0113li.<\/h2>\n\n\n\n<p>Ta\u010du pamatkonstrukcija ir tikai s\u0101kums. Patieso saj\u016bsmu rada <strong>nejau\u0161i notikumi, kas var vai nu izgl\u0101bt, vai sare\u017e\u0123\u012bt j\u016bsu uzdevumu.<\/strong>.<\/p>\n\n\n\n<h3 class=\"wp-block-heading\">Tr\u012bs pr\u0113mijas, kas var main\u012bt visu<\/h3>\n\n\n\n<p>Aizmirstiet par monotono rut\u012bnu, kad \u0137ie\u0123e\u013cus vienk\u0101r\u0161i liek vienu uz otra. Reiz\u0113m nejau\u0161\u012bba iejaucas un bez br\u012bdin\u0101juma p\u0101rmaisa k\u0101rtis. Tad... <strong>tornis skrie\u0161an\u0101s kazino izpau\u017eas patie\u0161\u0101m \u013cauns<\/strong>.<\/p>\n\n\n\n<p>\u0160ie jokeri nav tikai vizu\u0101li triki, tie ir ar\u012b <strong>strat\u0113\u0123iskie iero\u010di j\u016bsu bankrolam<\/strong> :<\/p>\n\n\n\n<ul class=\"wp-block-list\">\n<li>Sasald\u0113ta gr\u012bda: \"sasald\u0113ta\" gr\u012bda, kas <strong>garant\u0113 veiksm\u012bgu n\u0101kam\u0101 bloka b\u016bvniec\u012bbu.<\/strong>. T\u0101 ir pagaidu apdro\u0161in\u0101\u0161ana, kas mudina uz\u0146emties liel\u0101ku risku.<\/li>\n\n\n\n<li>Temp\u013ca gr\u012bda: \u012apa\u0161a gr\u012bda, kas piem\u0113ro <strong>iev\u0113rojams bonusa reizin\u0101t\u0101js<\/strong> pie j\u016bsu pa\u0161reiz\u0113jiem ien\u0101kumiem, eksponenci\u0101li palielinot atl\u012bdz\u012bbu.<\/li>\n\n\n\n<li><strong>Tr\u012bsk\u0101r\u0161a uzb\u016bve<\/strong> \u013bauj uzb\u016bv\u0113t tr\u012bs st\u0101vus vien\u0101 pieg\u0101jien\u0101, iev\u0113rojami pa\u0101trinot tor\u0146a progresu un ieguvumus, bet koncentr\u0113jot risku.<\/li>\n<\/ul>\n\n\n\n<h3 class=\"wp-block-heading\">Negat\u012bvo reizin\u0101t\u0101ju slazds<\/h3>\n\n\n\n<p>Bet piesarg\u0101ties, 90 % sp\u0113l\u0113t\u0101ju aizmirst, ka pacel\u0161an\u0101s ne vienm\u0113r ir line\u0101ra un dro\u0161a. Apmekl\u0113jiet <strong>sist\u0113ma sl\u0113pj vilt\u012bgas lamatas<\/strong> par ko daudzi cilv\u0113ki nezina. J\u016bs varat sastapties ar nol\u0101d\u0113tiem st\u0101viem ar negat\u012bviem reizin\u0101t\u0101jiem, piem\u0113ram, baiso x0,5.<\/p>\n\n\n\n<p>Praktiski j\u016bsu uzkr\u0101t\u0101 bag\u0101t\u012bba ir <strong>uzreiz samazin\u0101t uz pusi<\/strong> bez br\u012bdin\u0101juma. Tas ir k\u0101 auksta du\u0161a. Visi j\u016bsu iepriek\u0161\u0113jie centieni sekundes da\u013ci\u0146\u0101 izpl\u016bst d\u016bmos.<\/p>\n\n\n\n<p>\u0160is neredzamais drauds jums dzen nervus un rada v\u0113l liel\u0101ku nedro\u0161\u012bbu. J\u016bs paraliz\u0113 bailes zaud\u0113t visu, veicot vienk\u0101r\u0161u matem\u0101tisku dal\u012bjumu. J\u016bs sv\u0101rst\u0101ties, j\u016bs tr\u012bcat, un tie\u0161i tad j\u016bs k\u013c\u016bd\u0101ties. <strong>fat\u0101l\u0101 k\u013c\u016bda<\/strong>.<\/p>\n\n\n\n<h3 class=\"wp-block-heading\">K\u0101 \u0161\u012bs funkcijas maina strat\u0113\u0123iju<\/h3>\n\n\n\n<p>\u0160ie apdraud\u0113jumi piln\u012bb\u0101 izjauc atk\u0101rtojo\u0161\u0101s klik\u0161\u0137in\u0101\u0161anas monotoniju un ne\u013cauj iedz\u012bvoties rut\u012bnai. Nav iesp\u0113jams iev\u0113rot stingru pl\u0101nu. Katra sesija k\u013c\u016bst <strong>neprognoz\u0113jams zv\u0113rs, kas j\u0101rad\u017e\u0113.<\/strong> darb\u0101.<\/p>\n\n\n\n<p>Sasalu\u0161\u0101s gr\u012bdas p\u0113k\u0161\u0146i p\u0101rv\u0113r\u0161 kautr\u012bgu sp\u0113l\u0113t\u0101ju par karstasin\u012bgu un gatavu uz visu. Un otr\u0101di - vienk\u0101r\u0161as bailes no negat\u012bva reizin\u0101t\u0101ja liek sp\u0113l\u0113t\u0101jiem, kas sp\u0113l\u0113 ar lielu likmi, priek\u0161laic\u012bgi nodro\u0161in\u0101t savu laimestu. <strong>Sirdsdarb\u012bbas \u0101trums nosaka klik\u0161\u0137i<\/strong>. Tas ir brut\u0101li.<\/p>\n\n\n\n<p>\u012as\u0101k sakot, lai \u0161eit izdz\u012bvotu, jums ir nepiecie\u0161ams <strong>past\u0101v\u012bgi piel\u0101gojas haosam<\/strong>. Tie\u0161i tas padara \u0161o pieredzi daudz intens\u012bv\u0101ku nek\u0101 klasisk\u0101 azartsp\u0113le.<\/p>\n\n\n\n<h2 class=\"wp-block-heading\" id=\"tower-rush-face-aux-autres-jeux-lapproche-strategique\">Tower Rush pret cit\u0101m sp\u0113l\u0113m: strat\u0113\u0123isk\u0101 pieeja<\/h2>\n\n\n\n<h3 class=\"wp-block-heading\">Sp\u0113le, kas ir vair\u0101k nek\u0101 sadursmju sp\u0113le - sp\u0113le, kur\u0101 laiks ir prec\u012bzs<\/h3>\n\n\n\n<p>Aizmirstiet par pas\u012bvu gaid\u012b\u0161anu, kad lidma\u0161\u012bna pacelsies uz nenoteiktu laiku, k\u0101 tas ir Aviator. Ar Tower Rush Casino j\u016bs neesat tikai skat\u012bt\u0101js, <strong>esat akt\u012bvs b\u016bvnieks<\/strong>. J\u016bs esat tas, kur\u0161 liek katru \u0137ie\u0123eli, st\u0101vu pa st\u0101vam, manu\u0101li to pace\u013cot. \u0160\u012b at\u0161\u0137ir\u012bba maina visu sp\u0113les psiholo\u0123isko dinamiku.<\/p>\n\n\n\n<p>\u0160\u012b konstrukcijas meh\u0101nika nodro\u0161ina daudz intens\u012bv\u0101ku kontroles saj\u016btu nek\u0101 konkurenti. Ja tornis sabr\u016bk, j\u016bs person\u012bgi dusmojaties uz sevi par to, ka esat bijis p\u0101r\u0101k alkat\u012bgs ar \u0161o klik\u0161\u0137i. J\u016bs patie\u0161\u0101m j\u016btaties <strong>galarezult\u0101ta l\u012bdzautors<\/strong>.<\/p>\n\n\n\n<p>Beidzot m\u0113s atk\u0101pjamies no klasisk\u0101s \"vistas sp\u0113les\" un non\u0101kam pie lietas b\u016bt\u012bbas. <strong>prasmju sp\u0113le<\/strong>. T\u0101 ir gandr\u012bz ritma sp\u0113le, kur\u0101 visu nosaka j\u016bsu l\u0113muma pie\u0146em\u0161anas laiks.<\/p>\n\n\n\n<h3 class=\"wp-block-heading\">Demo versijas noz\u012bme<\/h3>\n\n\n\n<p>B\u016btu nepr\u0101ts likt savu naudu, pirms tam nep\u0101rbaudot augsni. Apmekl\u0113jiet <strong>nekav\u0113joties pieejama bezmaksas demo versija<\/strong>Lejupiel\u0101de nav nepiecie\u0161ama. Tas ir oblig\u0101ts priek\u0161noteikums jebkuram sevi cieno\u0161am sp\u0113l\u0113t\u0101jam.<\/p>\n\n\n\n<p>T\u0101 sniedz 10 000 virtu\u0101lo kred\u012btu, lai saprastu re\u0101lo av\u0101riju bie\u017eumu. Jums ir j\u0101izj\u016bt \u0161\u012b neapmierin\u0101t\u012bba, kad tornis nokr\u012bt l\u012bdz 2. l\u012bmenim, nemaks\u0101jot jums ne centa. Lab\u0101k zaud\u0113t viltus naudu, lai <strong>iem\u0101c\u012bties m\u0101c\u012bties<\/strong>.<\/p>\n\n\n\n<p>Dr\u012bz vien uzzin\u0101siet, vai j\u016bsu nervi sp\u0113s iztur\u0113t spiedienu. <strong>P\u0101rbaudiet savas robe\u017eas<\/strong> nerisk\u0113jot ar savu algu - tas ir tik vienk\u0101r\u0161i.<\/p>\n\n\n\n<h3 class=\"wp-block-heading\">Riska p\u0101rvald\u012bba: da\u017eas p\u0101rdomas<\/h3>\n\n\n\n<p>Lai b\u016btu skaidrs, neviena br\u012bnumu metode nep\u0101rsp\u0113s Galaxsys izstr\u0101d\u0101t\u0101ju ieprogramm\u0113to nejau\u0161\u012bbu. <strong>Sp\u0113le p\u0113c savas b\u016bt\u012bbas joproj\u0101m ir neparedzama.<\/strong>Nav svar\u012bgi, cik talant\u012bgs esat. Vien\u012bgais, ko j\u016bs patie\u0161\u0101m kontrol\u0113jat, ir tas, k\u0101 p\u0101rvald\u0101t savu portfeli.<\/p>\n\n\n\n<p>Lai p\u0101rliecin\u0101tos, ka jums neb\u016bs j\u0101maks\u0101 d\u0101rgi, sniedzam \u0161\u0101du inform\u0101ciju. <strong>ko veter\u0101ni skrupulozi piem\u0113ro p\u0113d\u0113jiem<\/strong> :<\/p>\n\n\n\n<ul class=\"wp-block-list\">\n<li>Pirms klik\u0161\u0137in\u0101\u0161anas defin\u0113jiet stingru iz\u0146em\u0161anas m\u0113r\u0137i, piem\u0113ram. <strong>sistem\u0101tiski apst\u0101ties pie reizin\u0101t\u0101ja x3.<\/strong>.<\/li>\n\n\n\n<li>Noteikt stingru sesijas bud\u017eetu un <strong>aizv\u0113rt cilni, kad limits ir sasniegts.<\/strong>bez iz\u0146\u0113muma.<\/li>\n\n\n\n<li><strong>Tikai reinvest\u0113jot pe\u013c\u0146u<\/strong> no iepriek\u0161\u0113j\u0101m k\u0101rt\u0101m, lai izm\u0113\u0123in\u0101tu lielos st\u0101vus, neskarot s\u0101kotn\u0113jo kapit\u0101lu.<\/li>\n<\/ul>\n\n\n\n<p>Tower Rush <strong>no jauna izgudro av\u0101rijas sp\u0113li<\/strong> pateicoties Galaxsys izstr\u0101d\u0101tajai interakt\u012bvajai konstru\u0113\u0161anas meh\u0101nikai. T\u0101 ir vair\u0101k nek\u0101 tikai der\u012bbas, t\u0101 prasa ap\u0137\u0113r\u012bbu un pareiz\u0101 laika izv\u0113li, lai <strong>nodro\u0161iniet savu pe\u013c\u0146u pirms sabrukuma<\/strong>. Izm\u0113\u0123iniet demo versiju, lai iepaz\u012btos ar \u0161o vertik\u0101lo izaicin\u0101jumu, kur\u0101 katrs jauns st\u0101vs sv\u0101rst\u0101s starp. <strong>t\u012brs adrenal\u012bns un p\u0101rdom\u0101ta strat\u0113\u0123ija<\/strong>.<\/p>\n<\/div>\n\n\n\n<p><\/p>","protected":false},"excerpt":{"rendered":"<p>TOWER RUSH CASINO : JOuer au jeu des tours de tiktok Jouez maintenant au jeu des tours o\u00f9 ils suffit d&#8217;empiler des maisons pour gagner de l&rsquo;argent ! Bonus de 5000\u20ac \u00e0 l&rsquo;inscription JOUER MAINTENANT (DEMO) JOUER AVEC DE l&rsquo;argent r\u00e9el Tower Rush Casino : avis et strat\u00e9gies pour 2026 \u00cates-vous lass\u00e9 de regarder les &#8230; <a title=\"home1\" class=\"read-more\" href=\"https:\/\/towerrush.eu\/lv\/\" aria-label=\"Read more about home1\">Read more<\/a><\/p>","protected":false},"author":1,"featured_media":0,"parent":0,"menu_order":0,"comment_status":"closed","ping_status":"closed","template":"","meta":{"footnotes":""},"class_list":["post-58","page","type-page","status-publish"],"_links":{"self":[{"href":"https:\/\/towerrush.eu\/lv\/wp-json\/wp\/v2\/pages\/58","targetHints":{"allow":["GET"]}}],"collection":[{"href":"https:\/\/towerrush.eu\/lv\/wp-json\/wp\/v2\/pages"}],"about":[{"href":"https:\/\/towerrush.eu\/lv\/wp-json\/wp\/v2\/types\/page"}],"author":[{"embeddable":true,"href":"https:\/\/towerrush.eu\/lv\/wp-json\/wp\/v2\/users\/1"}],"replies":[{"embeddable":true,"href":"https:\/\/towerrush.eu\/lv\/wp-json\/wp\/v2\/comments?post=58"}],"version-history":[{"count":59,"href":"https:\/\/towerrush.eu\/lv\/wp-json\/wp\/v2\/pages\/58\/revisions"}],"predecessor-version":[{"id":265,"href":"https:\/\/towerrush.eu\/lv\/wp-json\/wp\/v2\/pages\/58\/revisions\/265"}],"wp:attachment":[{"href":"https:\/\/towerrush.eu\/lv\/wp-json\/wp\/v2\/media?parent=58"}],"curies":[{"name":"wp","href":"https:\/\/api.w.org\/{rel}","templated":true}]}}