{"id":58,"date":"2025-10-28T04:39:00","date_gmt":"2025-10-28T04:39:00","guid":{"rendered":"https:\/\/towerrush.eu\/?page_id=58"},"modified":"2026-01-20T16:02:50","modified_gmt":"2026-01-20T16:02:50","slug":"home1","status":"publish","type":"page","link":"https:\/\/towerrush.eu\/pl\/","title":{"rendered":"home1"},"content":{"rendered":"<section class=\"gb-element-c0819d6c banner\">\n<div class=\"gb-element-0659d418\">\n<div class=\"wp-block-columns is-layout-flex wp-container-core-columns-is-layout-9d6595d7 wp-block-columns-is-layout-flex\">\n<div class=\"wp-block-column is-layout-flow wp-block-column-is-layout-flow\">\n<h2 class=\"gb-text gb-text-155ce4c1\">TOWER RUSH CASINO: JOuer w grze tiktokowych sztuczek<\/h2>\n\n\n\n<p class=\"has-text-align-center has-base-3-color has-text-color has-link-color wp-elements-9fa386176fcb4b4f3cddaf06d17d756b\"><strong>Zagraj teraz w gr\u0119 Towers, w kt\u00f3rej wszystko, co musisz zrobi\u0107, to uk\u0142ada\u0107 domy, aby wygra\u0107 pieni\u0105dze! 5000 bonusu za rejestracj\u0119<\/strong><\/p>\n\n\n\n<div class=\"wp-block-columns is-layout-flex wp-container-core-columns-is-layout-9d6595d7 wp-block-columns-is-layout-flex\">\n<div class=\"wp-block-column is-layout-flow wp-block-column-is-layout-flow\" style=\"flex-basis:20px\"><\/div>\n\n\n\n<div class=\"wp-block-column is-layout-flow wp-block-column-is-layout-flow\">\n<a class=\"gb-text gb-text-50c1af7c\" href=\"\/play\/\">ZAGRAJ TERAZ (DEMO)<\/a>\n<\/div>\n\n\n\n<div class=\"wp-block-column is-layout-flow wp-block-column-is-layout-flow\">\n<a class=\"gb-text gb-text-6d7e1e7e\" href=\"\/play\/\">GRA NA PRAWDZIWE PIENI\u0104DZE<\/a>\n<\/div>\n\n\n\n<div class=\"wp-block-column is-layout-flow wp-block-column-is-layout-flow\" style=\"flex-basis:20px\"><\/div>\n<\/div>\n<\/div>\n<\/div>\n<\/div>\n<\/section>\n\n\n\n<div class=\"gb-element-cebc5281\">\n<h2 class=\"wp-block-heading\">Tower Rush Casino: opinie i strategie na 2026 rok<\/h2>\n\n\n\n<p>Masz do\u015b\u0107 patrzenia na obracaj\u0105ce si\u0119 b\u0119bny bez mo\u017cliwo\u015bci wp\u0142ywania na losy swojego zak\u0142adu? Tower Rush Casino na nowo odkrywa to do\u015bwiadczenie, daj\u0105c ci ca\u0142kowit\u0105 kontrol\u0119 nad konstrukcj\u0105 obrotu, zamieniaj\u0105c ka\u017cde klikni\u0119cie w strategiczny dylemat mi\u0119dzy natychmiastow\u0105 wygran\u0105 a skalkulowanym ryzykiem. Tutaj ujawniamy dok\u0142adne liczby i specjalne wskaz\u00f3wki bonusowe, kt\u00f3re pomog\u0105 ci unikn\u0105\u0107 pu\u0142apek tej gry o du\u017cej zmienno\u015bci.<\/p>\n\n\n\n<ol class=\"wp-block-list\">\n<li><a href=\"#tower-rush-bien-plus-quun-simple-jeu-de-crash\">Tower Rush, wi\u0119cej ni\u017c tylko gra akcji<\/a><\/li>\n\n\n\n<li><a href=\"#la-mecanique-de-jeu-entre-construction-et-prise-de-risque\">Mechanika gry: mi\u0119dzy budowaniem a podejmowaniem ryzyka<\/a><\/li>\n\n\n\n<li><a href=\"#les-bonus-et-malus-qui-pimentent-chaque-partie\">Premie i kary urozmaicaj\u0105ce ka\u017cd\u0105 rozgrywk\u0119<\/a><\/li>\n\n\n\n<li><a href=\"#tower-rush-face-aux-autres-jeux-lapproche-strategique\">Tower Rush kontra inne gry: podej\u015bcie strategiczne<\/a><\/li>\n<\/ol>\n\n\n\n<h2 class=\"wp-block-heading\" id=\"tower-rush-bien-plus-quun-simple-jeu-de-crash\">Tower Rush, wi\u0119cej ni\u017c tylko gra akcji<\/h2>\n\n\n\n<h3 class=\"wp-block-heading\">Po\u0142\u0105czenie budownictwa i hazardu<\/h3>\n\n\n\n<p>Zapomnij o automatach do gry, w kt\u00f3rych biernie znosisz wynik. Z Tower Rush Casino, <strong>stajesz si\u0119 architektem w\u0142asnej fortuny<\/strong>ceg\u0142a po cegle. Jest to dzie\u0142o Galaxsys, kt\u00f3re zmienia zasady gry. Dos\u0142ownie budujesz swoj\u0105 wie\u017c\u0119, pi\u0119tro po pi\u0119trze, w czasie rzeczywistym.<\/p>\n\n\n\n<p>Zasada jest b\u0142\u0119dna: ka\u017cdy uko\u0144czony poziom zwi\u0119ksza mno\u017cnik wygranej. Ale uwaga, struktura mo\u017ce si\u0119 zawali\u0107 bez ostrze\u017cenia przy najmniejszym b\u0142\u0119dzie. To <strong>Toksyczna mieszanka postrzeganych umiej\u0119tno\u015bci i brutalnego przypadku<\/strong>.<\/p>\n\n\n\n<p>To nowa dynamika, kt\u00f3ra k\u0142adzie kres starym, zakurzonym grom sto\u0142owym. Cho\u0107 raz poczujesz si\u0119, jakby\u015b w\u0142a\u015bnie <strong>R\u0119ce na kierownicy przeznaczenia<\/strong>.<\/p>\n\n\n\n<h3 class=\"wp-block-heading\">Najwa\u017cniejsze dane liczbowe<\/h3>\n\n\n\n<p>Koncepcja jest atrakcyjna, ale czy naprawd\u0119 si\u0119 op\u0142aca? Przyjrzyjmy si\u0119 zimnej matematyce za kurtyn\u0105. Te surowe dane s\u0105 niezb\u0119dne dla <strong>oceni\u0107, czy gra jest warta swoich pieni\u0119dzy<\/strong>.<\/p>\n\n\n\n<p>Oto arkusz danych technicznych <strong>Oddziela amator\u00f3w od profesjonalist\u00f3w<\/strong> tego tytu\u0142u.<\/p>\n\n\n\n<figure class=\"wp-block-table\"><table class=\"has-fixed-layout\"><thead><tr><th>Cechy<\/th><th>Warto\u015b\u0107<\/th><\/tr><\/thead><tbody><tr><td>Deweloper<\/td><td>Galaxsys<\/td><\/tr><tr><td>Rodzaj gry<\/td><td>Gra turbo \/ Mini gra budowlana<\/td><\/tr><tr><td>RTP (stopa zwrotu gracza)<\/td><td>96.12% do 97%<\/td><\/tr><tr><td>Minimalna stawka<\/td><td>0.01 \u20ac<\/td><\/tr><tr><td>Maksymalna stawka<\/td><td>100 \u20ac<\/td><\/tr><tr><td>Kompatybilno\u015b\u0107<\/td><td>Mobilne (HTML5), Komputer<\/td><\/tr><\/tbody><\/table><\/figure>\n\n\n\n<h3 class=\"wp-block-heading\">Cel: spieni\u0119\u017cenie przed upadkiem<\/h3>\n\n\n\n<p>Twoim celem nie jest dotkni\u0119cie nieba, uwierz mi. Celem jest <strong>Zabezpiecz swoje zarobki<\/strong> zanim wszystko si\u0119 rozpadnie. W tym do\u015bwiadczeniu liczy si\u0119 tylko wyczucie czasu.<\/p>\n\n\n\n<p>Ka\u017cde kolejne pi\u0119tro krzyczy do ciebie, aby\u015b kontynuowa\u0142, to mentalna pu\u0142apka. Nieustannie jeste\u015b rozdarty mi\u0119dzy pokus\u0105 wy\u017cszego mno\u017cnika a trzewnym strachem przed utrat\u0105 wszystkiego w ci\u0105gu sekundy. To <strong>pyszne psychologiczne tortury<\/strong>.<\/p>\n\n\n\n<p>Naci\u015bni\u0119cie przycisku \"Cash Out\" to jedyny prawdziwy moment kontroli. Tylko wtedy i tylko wtedy mo\u017cesz wygra\u0107 z maszyn\u0105.<\/p>\n\n\n\n<h2 class=\"wp-block-heading\" id=\"la-mecanique-de-jeu-entre-construction-et-prise-de-risque\">Mechanika gry: mi\u0119dzy budowaniem a podejmowaniem ryzyka<\/h2>\n\n\n\n<p>Teraz, gdy ju\u017c ustawili\u015bmy scen\u0119, przyjrzyjmy si\u0119, jak gra si\u0119 w Tower Rush Casino i dlaczego. <strong>wystawia nerwy na pr\u00f3b\u0119<\/strong>.<\/p>\n\n\n\n<h3 class=\"wp-block-heading\">Zasada uk\u0142adania w stos<\/h3>\n\n\n\n<p>Naci\u015bnij przycisk \"BUILD\", aby po\u0142o\u017cy\u0107 pierwszy kamie\u0144. Blok zostanie dodany do twojej niepewnej budowli. Nic nie obraca si\u0119 samo - to ty jeste\u015b kierownikiem budowy. Ka\u017cde dodatkowe pi\u0119tro wymaga r\u0119cznego zatwierdzenia.<\/p>\n\n\n\n<p>Ka\u017cde udane klikni\u0119cie konsoliduje twoj\u0105 tur\u0119 i <strong>zwi\u0119ksza potencjalne zarobki<\/strong>. Interfejs jest przejrzysty, wi\u0119c nigdy nie przeszkadza w widzeniu. Niezale\u017cnie od tego, czy korzystasz z urz\u0105dzenia mobilnego, czy komputera, wszystko reaguje natychmiastowo.<\/p>\n\n\n\n<p>Dzi\u0119ki technologii HTML5 gra <strong>uruchamia si\u0119 bez pobierania<\/strong>. Do\u015bwiadczenie pozostaje doskonale p\u0142ynne, niezale\u017cnie od urz\u0105dzenia.<\/p>\n\n\n\n<h3 class=\"wp-block-heading\">Mno\u017cnik: obosieczny miecz nagrody<\/h3>\n\n\n\n<p>Mno\u017cnik zarobk\u00f3w nie pod\u0105\u017ca za g\u0142adk\u0105 krzyw\u0105. <strong>Dos\u0142ownie eksploduje<\/strong> im wy\u017cej si\u0119 wspinasz. Jego warto\u015b\u0107 zale\u017cy wy\u0142\u0105cznie od zawrotnej wysoko\u015bci, jak\u0105 uda ci si\u0119 osi\u0105gn\u0105\u0107. Jest wyk\u0142adnicza.<\/p>\n\n\n\n<p>Jest to klasyczna pu\u0142apka mentalna, kt\u00f3ra czyha na graczy. Im wy\u017csza kolejka, tym bardziej kusz\u0105ce staj\u0105 si\u0119 figury. Ale uwa\u017caj, <strong>prawdopodobie\u0144stwo, \u017ce wszystko si\u0119 zawali, drastycznie wzrasta<\/strong> na ka\u017cdym nowym poziomie.<\/p>\n\n\n\n<p>Ten stosunek ryzyka do zysku tworzy wyczuwalne napi\u0119cie w ka\u017cdej sekundzie. Ka\u017cde klikni\u0119cie staje si\u0119 ryzykiem o daleko id\u0105cych konsekwencjach. Puls przyspiesza, gdy <strong>Jeden b\u0142\u0105d kasuje wszystko<\/strong>.<\/p>\n\n\n\n<h3 class=\"wp-block-heading\">Cash out: sztuka wiedzy, kiedy przesta\u0107<\/h3>\n\n\n\n<p>Przycisk \"CASH OUT\" jest tutaj jedynym prawdziwym sprzymierze\u0144cem. Jest to jedyne polecenie, kt\u00f3re zatrzymuje bezpo\u015brednie zagro\u017cenie. To <strong>natychmiast przekszta\u0142ca wirtualne kwoty w prawdziwe pieni\u0105dze<\/strong>.<\/p>\n\n\n\n<p>W g\u0142owie rozgrywa si\u0119 w\u00f3wczas gwa\u0142towny konflikt wewn\u0119trzny. Je\u015bli spieni\u0119\u017cysz zbyt szybko, b\u0119dziesz w\u015bciek\u0142y z powodu utraconych zysk\u00f3w. Je\u015bli poczekasz sekund\u0119 za d\u0142ugo, wie\u017ca si\u0119 zawali. Ty <strong>straci\u0107 absolutnie wszystkie pieni\u0105dze<\/strong>.<\/p>\n\n\n\n<p>Opanowanie nerw\u00f3w przy podejmowaniu tej decyzji pozostaje jedyn\u0105 warto\u015bciow\u0105 umiej\u0119tno\u015bci\u0105. To w\u0142a\u015bnie tutaj <strong>R\u00f3\u017cnica mi\u0119dzy wygran\u0105 a przegran\u0105<\/strong>.<\/p>\n\n\n\n<h2 class=\"wp-block-heading\" id=\"les-bonus-et-malus-qui-pimentent-chaque-partie\">Premie i kary urozmaicaj\u0105ce ka\u017cd\u0105 rozgrywk\u0119<\/h2>\n\n\n\n<p>Ale podstawowa konstrukcja to dopiero pocz\u0105tek. Prawdziwa ekscytacja pochodzi z <strong>zdarzenia losowe, kt\u00f3re mog\u0105 uratowa\u0107 lub skomplikowa\u0107 zadanie<\/strong>.<\/p>\n\n\n\n<h3 class=\"wp-block-heading\">Trzy bonusy, kt\u00f3re mog\u0105 zmieni\u0107 wszystko<\/h3>\n\n\n\n<p>Zapomnij o monotonnej rutynie uk\u0142adania klock\u00f3w jeden na drugim. Czasami przypadek interweniuje i przetasowuje tali\u0119 bez ostrze\u017cenia. W\u0142a\u015bnie wtedy <strong>Kasyno tower rush staje si\u0119 naprawd\u0119 z\u0142o\u015bliwe<\/strong>.<\/p>\n\n\n\n<p>Te \u017cartownisie to nie tylko wizualne sztuczki, ale tak\u017ce <strong>Strategiczna bro\u0144 dla twojego bankrolla<\/strong> :<\/p>\n\n\n\n<ul class=\"wp-block-list\">\n<li>Zamro\u017cona pod\u0142oga: \"Zamro\u017cona\" pod\u0142oga, kt\u00f3ra <strong>gwarantuje pomy\u015bln\u0105 budow\u0119 kolejnego bloku<\/strong>. To tymczasowe ubezpieczenie, kt\u00f3re zach\u0119ca do podejmowania wi\u0119kszego ryzyka.<\/li>\n\n\n\n<li>Pod\u0142oga \u015bwi\u0105tyni: Specjalna pod\u0142oga, kt\u00f3ra stosuje <strong>znacz\u0105cy mno\u017cnik premii<\/strong> do bie\u017c\u0105cych zarobk\u00f3w, zwi\u0119kszaj\u0105c nagrod\u0119 wyk\u0142adniczo.<\/li>\n\n\n\n<li><strong>Triple Build<\/strong> Pozwala to na zbudowanie trzech pi\u0119ter za jednym razem, znacznie przyspieszaj\u0105c post\u0119p wie\u017cy i zyski, ale koncentruj\u0105c ryzyko.<\/li>\n<\/ul>\n\n\n\n<h3 class=\"wp-block-heading\">Pu\u0142apka ujemnych mno\u017cnik\u00f3w<\/h3>\n\n\n\n<p>Ale uwaga, 90 % graczy zapomina, \u017ce wspinaczka nie zawsze jest liniowa i bezpieczna. Odwied\u017a <strong>system kryje podst\u0119pne pu\u0142apki<\/strong> kt\u00f3re wiele os\u00f3b ignoruje. Mo\u017cesz natkn\u0105\u0107 si\u0119 na przekl\u0119te pi\u0119tra z ujemnymi mno\u017cnikami, takimi jak przera\u017caj\u0105ce x0,5.<\/p>\n\n\n\n<p>W praktyce zgromadzony maj\u0105tek to <strong>natychmiast zmniejszona o po\u0142ow\u0119<\/strong> bez ostrze\u017cenia. To jak zimny prysznic. Wszystkie wcze\u015bniejsze wysi\u0142ki id\u0105 z dymem w u\u0142amku sekundy.<\/p>\n\n\n\n<p>To niewidzialne zagro\u017cenie dzia\u0142a na nerwy i dodaje straszn\u0105 warstw\u0119 niepewno\u015bci. Strach przed utrat\u0105 wszystkiego przez proste matematyczne dzielenie parali\u017cuje ci\u0119. Wahasz si\u0119, dr\u017cysz i w\u0142a\u015bnie wtedy pope\u0142niasz b\u0142\u0105d. <strong>b\u0142\u0105d krytyczny<\/strong>.<\/p>\n\n\n\n<h3 class=\"wp-block-heading\">Jak te funkcje zmieniaj\u0105 strategi\u0119<\/h3>\n\n\n\n<p>Zagro\u017cenia te ca\u0142kowicie prze\u0142amuj\u0105 monotoni\u0119 powtarzalnego klikania i zapobiegaj\u0105 rutynie. Niemo\u017cliwe jest przestrzeganie sztywnego planu. Ka\u017cda sesja staje si\u0119 <strong>nieprzewidywalna bestia, kt\u00f3r\u0105 trzeba okie\u0142zna\u0107<\/strong> w pracy.<\/p>\n\n\n\n<p>Frozen Floor nagle zmienia nie\u015bmia\u0142ego gracza w gotowego na wszystko zapale\u0144ca. I odwrotnie, zwyk\u0142y strach przed ujemnym mno\u017cnikiem zmusza graczy o wysokich stawkach do przedwczesnego zabezpieczenia swoich wygranych. <strong>T\u0119tno dyktuje klikni\u0119cie<\/strong>. To brutalne.<\/p>\n\n\n\n<p>Kr\u00f3tko m\u00f3wi\u0105c, aby tu przetrwa\u0107, potrzebujesz <strong>Ci\u0105g\u0142e dostosowywanie si\u0119 do chaosu<\/strong>. To w\u0142a\u015bnie sprawia, \u017ce do\u015bwiadczenie jest o wiele bardziej intensywne ni\u017c klasyczna gra losowa.<\/p>\n\n\n\n<h2 class=\"wp-block-heading\" id=\"tower-rush-face-aux-autres-jeux-lapproche-strategique\">Tower Rush kontra inne gry: podej\u015bcie strategiczne<\/h2>\n\n\n\n<h3 class=\"wp-block-heading\">Wi\u0119cej ni\u017c gra w zderzenia, gra w wyczucie czasu<\/h3>\n\n\n\n<p>Zapomnij o biernym oczekiwaniu na start samolotu w niesko\u0144czono\u015b\u0107, jak w grze Aviator. W kasynie Tower Rush nie jeste\u015b tylko widzem, <strong>jeste\u015b aktywnym budowniczym<\/strong>. To ty uk\u0142adasz ka\u017cd\u0105 ceg\u0142\u0119, pi\u0119tro po pi\u0119trze, r\u0119cznie j\u0105 podnosz\u0105c. Ta r\u00f3\u017cnica zmienia ca\u0142\u0105 psychologiczn\u0105 dynamik\u0119 gry.<\/p>\n\n\n\n<p>Ta mechanika budowy oferuje znacznie bardziej intensywne poczucie kontroli ni\u017c konkurencja. Je\u015bli wie\u017ca si\u0119 zawali, jeste\u015b osobi\u015bcie z\u0142y na siebie za zbyt zach\u0142anne klikni\u0119cie. Naprawd\u0119 czujesz <strong>wsp\u00f3\u0142autor wyniku ko\u0144cowego<\/strong>.<\/p>\n\n\n\n<p>Wreszcie odchodzimy od klasycznej \"gry w kurczaka\" i przechodzimy do sedna sprawy. <strong>gra zr\u0119czno\u015bciowa<\/strong>. To prawie gra rytmiczna, w kt\u00f3rej czas podj\u0119cia decyzji decyduje o wszystkim.<\/p>\n\n\n\n<h3 class=\"wp-block-heading\">Znaczenie wersji demonstracyjnej<\/h3>\n\n\n\n<p>Szale\u0144stwem by\u0142oby stawianie w\u0142asnych pieni\u0119dzy bez uprzedniego przetestowania terenu. Wizyta <strong>Bezp\u0142atna wersja demonstracyjna dost\u0119pna natychmiast<\/strong>Nie wymaga pobierania. To pozycja obowi\u0105zkowa dla ka\u017cdego szanuj\u0105cego si\u0119 gracza.<\/p>\n\n\n\n<p>Daje ci 10 000 wirtualnych kredyt\u00f3w, aby zrozumie\u0107 rzeczywist\u0105 cz\u0119stotliwo\u015b\u0107 awarii. Musisz poczu\u0107 t\u0119 frustracj\u0119, gdy wie\u017ca spadnie do poziomu 2, nie kosztuj\u0105c ci\u0119 ani grosza. Lepiej straci\u0107 fa\u0142szywe pieni\u0105dze na <strong>wyci\u0105gn\u0105\u0107 wnioski<\/strong>.<\/p>\n\n\n\n<p>Wkr\u00f3tce przekonasz si\u0119, czy twoje nerwy poradz\u0105 sobie z presj\u0105. <strong>Sprawd\u017a swoje ograniczenia<\/strong> bez ryzykowania swojej pensji, to takie proste.<\/p>\n\n\n\n<h3 class=\"wp-block-heading\">Zarz\u0105dzanie ryzykiem: kilka przemy\u015ble\u0144<\/h3>\n\n\n\n<p>Powiedzmy sobie jasno, \u017cadna cudowna metoda nie przebije losowo\u015bci zaprogramowanej przez tw\u00f3rc\u00f3w Galaxsys. <strong>Gra z natury pozostaje nieprzewidywalna<\/strong>Niewa\u017cne, jak bardzo jeste\u015b utalentowany. Jedyn\u0105 rzecz\u0105, kt\u00f3r\u0105 naprawd\u0119 kontrolujesz, jest spos\u00f3b zarz\u0105dzania portfelem.<\/p>\n\n\n\n<p>Aby upewni\u0107 si\u0119, \u017ce nie zostaniesz bez pieni\u0119dzy, oto jak to zrobi\u0107 <strong>co weterani skrupulatnie stosuj\u0105, aby trwa\u0107<\/strong> :<\/p>\n\n\n\n<ul class=\"wp-block-list\">\n<li>Zdefiniuj konkretny cel wyp\u0142aty przed klikni\u0119ciem, np. <strong>systematycznie zatrzymuj\u0105 si\u0119 na mno\u017cniku x3<\/strong>.<\/li>\n\n\n\n<li>Zablokowa\u0107 \u015bcis\u0142y bud\u017cet sesji i <strong>zamkni\u0119cie karty po osi\u0105gni\u0119ciu limitu<\/strong>bez wyj\u0105tku.<\/li>\n\n\n\n<li><strong>Tylko reinwestowanie zysk\u00f3w<\/strong> z poprzednich rund, aby wypr\u00f3bowa\u0107 du\u017ce pi\u0119tra, bez dotykania kapita\u0142u pocz\u0105tkowego.<\/li>\n<\/ul>\n\n\n\n<p>Tower Rush <strong>odkrywa na nowo gr\u0119 crash<\/strong> dzi\u0119ki interaktywnej mechanice budowy zaprojektowanej przez Galaxsys. To wi\u0119cej ni\u017c zwyk\u0142y zak\u0142ad, wymaga opanowania i wyczucia czasu, aby <strong>Zabezpiecz swoje zyski przed upadkiem<\/strong>. Wypr\u00f3buj wersj\u0119 demonstracyjn\u0105, aby poradzi\u0107 sobie z tym pionowym wyzwaniem, w kt\u00f3rym ka\u017cde nowe pi\u0119tro oscyluje mi\u0119dzy <strong>czysta adrenalina i przemy\u015blana strategia<\/strong>.<\/p>\n<\/div>\n\n\n\n<p><\/p>","protected":false},"excerpt":{"rendered":"<p>TOWER RUSH CASINO : JOuer au jeu des tours de tiktok Jouez maintenant au jeu des tours o\u00f9 ils suffit d&#8217;empiler des maisons pour gagner de l&rsquo;argent ! Bonus de 5000\u20ac \u00e0 l&rsquo;inscription JOUER MAINTENANT (DEMO) JOUER AVEC DE l&rsquo;argent r\u00e9el Tower Rush Casino : avis et strat\u00e9gies pour 2026 \u00cates-vous lass\u00e9 de regarder les &#8230; <a title=\"home1\" class=\"read-more\" href=\"https:\/\/towerrush.eu\/pl\/\" aria-label=\"Dowiedz si\u0119 wi\u0119cej o home1\">Czytaj dalej<\/a><\/p>","protected":false},"author":1,"featured_media":0,"parent":0,"menu_order":0,"comment_status":"closed","ping_status":"closed","template":"","meta":{"footnotes":""},"class_list":["post-58","page","type-page","status-publish"],"_links":{"self":[{"href":"https:\/\/towerrush.eu\/pl\/wp-json\/wp\/v2\/pages\/58","targetHints":{"allow":["GET"]}}],"collection":[{"href":"https:\/\/towerrush.eu\/pl\/wp-json\/wp\/v2\/pages"}],"about":[{"href":"https:\/\/towerrush.eu\/pl\/wp-json\/wp\/v2\/types\/page"}],"author":[{"embeddable":true,"href":"https:\/\/towerrush.eu\/pl\/wp-json\/wp\/v2\/users\/1"}],"replies":[{"embeddable":true,"href":"https:\/\/towerrush.eu\/pl\/wp-json\/wp\/v2\/comments?post=58"}],"version-history":[{"count":59,"href":"https:\/\/towerrush.eu\/pl\/wp-json\/wp\/v2\/pages\/58\/revisions"}],"predecessor-version":[{"id":265,"href":"https:\/\/towerrush.eu\/pl\/wp-json\/wp\/v2\/pages\/58\/revisions\/265"}],"wp:attachment":[{"href":"https:\/\/towerrush.eu\/pl\/wp-json\/wp\/v2\/media?parent=58"}],"curies":[{"name":"wp","href":"https:\/\/api.w.org\/{rel}","templated":true}]}}