{"id":58,"date":"2025-10-28T04:39:00","date_gmt":"2025-10-28T04:39:00","guid":{"rendered":"https:\/\/towerrush.eu\/?page_id=58"},"modified":"2026-01-20T16:02:50","modified_gmt":"2026-01-20T16:02:50","slug":"home1","status":"publish","type":"page","link":"https:\/\/towerrush.eu\/pt\/","title":{"rendered":"home1"},"content":{"rendered":"<section class=\"gb-element-c0819d6c banner\">\n<div class=\"gb-element-0659d418\">\n<div class=\"wp-block-columns is-layout-flex wp-container-core-columns-is-layout-9d6595d7 wp-block-columns-is-layout-flex\">\n<div class=\"wp-block-column is-layout-flow wp-block-column-is-layout-flow\">\n<h2 class=\"gb-text gb-text-155ce4c1\">TOWER RUSH CASINO: JOuer no jogo dos truques de tiktok<\/h2>\n\n\n\n<p class=\"has-text-align-center has-base-3-color has-text-color has-link-color wp-elements-9fa386176fcb4b4f3cddaf06d17d756b\"><strong>Joga agora o jogo das Torres, onde tudo o que tens de fazer \u00e9 empilhar casas para ganhar dinheiro! B\u00f3nus de inscri\u00e7\u00e3o de 5000<\/strong><\/p>\n\n\n\n<div class=\"wp-block-columns is-layout-flex wp-container-core-columns-is-layout-9d6595d7 wp-block-columns-is-layout-flex\">\n<div class=\"wp-block-column is-layout-flow wp-block-column-is-layout-flow\" style=\"flex-basis:20px\"><\/div>\n\n\n\n<div class=\"wp-block-column is-layout-flow wp-block-column-is-layout-flow\">\n<a class=\"gb-text gb-text-50c1af7c\" href=\"\/play\/\">JOGAR AGORA (DEMO)<\/a>\n<\/div>\n\n\n\n<div class=\"wp-block-column is-layout-flow wp-block-column-is-layout-flow\">\n<a class=\"gb-text gb-text-6d7e1e7e\" href=\"\/play\/\">JOGAR COM DINHEIRO REAL<\/a>\n<\/div>\n\n\n\n<div class=\"wp-block-column is-layout-flow wp-block-column-is-layout-flow\" style=\"flex-basis:20px\"><\/div>\n<\/div>\n<\/div>\n<\/div>\n<\/div>\n<\/section>\n\n\n\n<div class=\"gb-element-cebc5281\">\n<h2 class=\"wp-block-heading\">Casino Tower Rush: opini\u00f5es e estrat\u00e9gias para 2026<\/h2>\n\n\n\n<p>Est\u00e1 cansado de ver os rolos a girar sem nunca poder influenciar o destino da sua aposta? O Tower Rush Casino reinventa a experi\u00eancia, dando-lhe controlo total sobre a constru\u00e7\u00e3o da sua volta, transformando cada clique num dilema estrat\u00e9gico entre a vit\u00f3ria imediata e o risco calculado. Aqui revelamos os n\u00fameros exactos e dicas de b\u00f3nus especiais para o ajudar a evitar as armadilhas deste jogo de alta volatilidade.<\/p>\n\n\n\n<ol class=\"wp-block-list\">\n<li><a href=\"#tower-rush-bien-plus-quun-simple-jeu-de-crash\">Tower Rush, muito mais do que um simples jogo de colis\u00e3o<\/a><\/li>\n\n\n\n<li><a href=\"#la-mecanique-de-jeu-entre-construction-et-prise-de-risque\">Mec\u00e2nica do jogo: entre a constru\u00e7\u00e3o e a assun\u00e7\u00e3o de riscos<\/a><\/li>\n\n\n\n<li><a href=\"#les-bonus-et-malus-qui-pimentent-chaque-partie\">B\u00f3nus e penaliza\u00e7\u00f5es para apimentar cada jogo<\/a><\/li>\n\n\n\n<li><a href=\"#tower-rush-face-aux-autres-jeux-lapproche-strategique\">Tower Rush contra outros jogos: a abordagem estrat\u00e9gica<\/a><\/li>\n<\/ol>\n\n\n\n<h2 class=\"wp-block-heading\" id=\"tower-rush-bien-plus-quun-simple-jeu-de-crash\">Tower Rush, muito mais do que um simples jogo de colis\u00e3o<\/h2>\n\n\n\n<h3 class=\"wp-block-heading\">Uma fus\u00e3o de constru\u00e7\u00e3o e jogo<\/h3>\n\n\n\n<p>Esque\u00e7a as slot machines onde sofre passivamente o resultado. Com o Casino Tower Rush, <strong>torna-se o arquiteto da sua pr\u00f3pria fortuna<\/strong>tijolo a tijolo. \u00c9 uma cria\u00e7\u00e3o da Galaxsys que est\u00e1 a mudar o jogo. Constr\u00f3i literalmente a sua torre, piso a piso, em tempo real.<\/p>\n\n\n\n<p>O princ\u00edpio \u00e9 cruel: cada n\u00edvel que completa aumenta o seu multiplicador de vit\u00f3rias. Mas aten\u00e7\u00e3o, a estrutura pode ruir sem aviso ao mais pequeno erro. \u00c9 um <strong>mistura t\u00f3xica de habilidade percebida e acaso brutal<\/strong>.<\/p>\n\n\n\n<p>\u00c9 o tipo de din\u00e2mica que enterra os velhos jogos de mesa empoeirados. Por uma vez, vai sentir-se como se tivesse acabado de <strong>as tuas m\u00e3os no volante do teu destino<\/strong>.<\/p>\n\n\n\n<h3 class=\"wp-block-heading\">N\u00fameros-chave a conhecer<\/h3>\n\n\n\n<p>O conceito \u00e9 apelativo, mas ser\u00e1 que compensa realmente? Vejamos a matem\u00e1tica fria que est\u00e1 por detr\u00e1s da cortina. Estes dados em bruto s\u00e3o essenciais para <strong>avaliar se o jogo vale o seu dinheiro<\/strong>.<\/p>\n\n\n\n<p>Eis a ficha de dados t\u00e9cnicos <strong>separa os amadores dos profissionais<\/strong> do presente t\u00edtulo.<\/p>\n\n\n\n<figure class=\"wp-block-table\"><table class=\"has-fixed-layout\"><thead><tr><th>Carater\u00edsticas<\/th><th>Valor<\/th><\/tr><\/thead><tbody><tr><td>Programador<\/td><td>Galaxsys<\/td><\/tr><tr><td>Tipo de jogo<\/td><td>Jogo turbo \/ Mini jogo de constru\u00e7\u00e3o<\/td><\/tr><tr><td>RTP (Taxa de retorno do jogador)<\/td><td>96.12% a 97%<\/td><\/tr><tr><td>Participa\u00e7\u00e3o m\u00ednima<\/td><td>0.01 \u20ac<\/td><\/tr><tr><td>Participa\u00e7\u00e3o m\u00e1xima<\/td><td>100 \u20ac<\/td><\/tr><tr><td>Compatibilidade<\/td><td>Telem\u00f3vel (HTML5), Computador<\/td><\/tr><\/tbody><\/table><\/figure>\n\n\n\n<h3 class=\"wp-block-heading\">O objetivo: ganhar dinheiro antes do colapso<\/h3>\n\n\n\n<p>O seu objetivo n\u00e3o \u00e9 tocar o c\u00e9u, acredite em mim. O objetivo \u00e9 <strong>garantir os seus rendimentos<\/strong> antes que tudo se desmorone. O tempo \u00e9 a \u00fanica coisa que realmente conta nesta experi\u00eancia.<\/p>\n\n\n\n<p>Cada piso adicional grita-te para continuares, \u00e9 uma armadilha mental. Est\u00e1s constantemente dividido entre a tenta\u00e7\u00e3o de um multiplicador mais elevado e o medo visceral de perder tudo num segundo. \u00c9 uma <strong>deliciosa tortura psicol\u00f3gica<\/strong>.<\/p>\n\n\n\n<p>Pressionar \"Cash Out\" \u00e9 o seu \u00fanico momento de controlo real. \u00c9 nessa altura, e s\u00f3 nessa altura, que ganha contra a m\u00e1quina.<\/p>\n\n\n\n<h2 class=\"wp-block-heading\" id=\"la-mecanique-de-jeu-entre-construction-et-prise-de-risque\">Mec\u00e2nica do jogo: entre a constru\u00e7\u00e3o e a assun\u00e7\u00e3o de riscos<\/h2>\n\n\n\n<p>Agora que j\u00e1 estabelecemos o cen\u00e1rio, vamos ver como \u00e9 que um jogo de Casino Tower Rush \u00e9 jogado e porqu\u00ea. <strong>p\u00f5e os seus nervos \u00e0 prova<\/strong>.<\/p>\n\n\n\n<h3 class=\"wp-block-heading\">O princ\u00edpio do empilhamento<\/h3>\n\n\n\n<p>Prima o bot\u00e3o \"CONSTRUIR\" para colocar a primeira pedra. Um bloco \u00e9 adicionado ao seu edif\u00edcio prec\u00e1rio. Aqui, nada gira por si s\u00f3 - tu \u00e9s o gestor do local. Cada andar adicional requer a sua aprova\u00e7\u00e3o manual.<\/p>\n\n\n\n<p>Cada clique bem sucedido consolida a sua vez e <strong>aumenta os seus ganhos potenciais<\/strong>. A interface \u00e9 simples, pelo que nunca se intromete na sua vis\u00e3o. Quer seja no telem\u00f3vel ou no PC, tudo reage instantaneamente.<\/p>\n\n\n\n<p>Gra\u00e7as \u00e0 tecnologia HTML5, o jogo <strong>arranca sem qualquer transfer\u00eancia<\/strong>. A experi\u00eancia mant\u00e9m-se perfeitamente fluida, independentemente do seu dispositivo.<\/p>\n\n\n\n<h3 class=\"wp-block-heading\">O multiplicador: um pr\u00e9mio de dois gumes<\/h3>\n\n\n\n<p>O multiplicador de rendimentos n\u00e3o segue uma curva suave. <strong>Explode literalmente<\/strong> quanto mais alto se sobe. O seu valor depende unicamente da altura vertiginosa que se consegue atingir. \u00c9 exponencial.<\/p>\n\n\n\n<p>Esta \u00e9 a cl\u00e1ssica armadilha mental que espera os jogadores. Quanto mais alto for o seu turno, mais tentadoras se tornam as figuras. Mas cuidado, <strong>a probabilidade de tudo se desmoronar aumenta drasticamente<\/strong> a cada novo n\u00edvel.<\/p>\n\n\n\n<p>Esta rela\u00e7\u00e3o risco\/recompensa cria uma tens\u00e3o palp\u00e1vel a cada segundo. Cada clique torna-se uma aposta com consequ\u00eancias de longo alcance. O seu pulso acelera \u00e0 medida que <strong>um erro apaga tudo<\/strong>.<\/p>\n\n\n\n<h3 class=\"wp-block-heading\">Cash out: a arte de saber quando parar<\/h3>\n\n\n\n<p>O bot\u00e3o \"CASH OUT\" \u00e9 o seu \u00fanico aliado real aqui. \u00c9 o \u00fanico comando que p\u00e1ra o perigo imediato. Ele <strong>transforma instantaneamente os seus n\u00fameros virtuais em dinheiro real<\/strong>.<\/p>\n\n\n\n<p>Um violento conflito interno desenrola-se ent\u00e3o na sua cabe\u00e7a. Se ganhares demasiado depressa, ficas furioso com os ganhos que perdeste. Se esperar um segundo a mais, a torre desmorona-se. Voc\u00ea <strong>perder absolutamente todo o seu dinheiro<\/strong>.<\/p>\n\n\n\n<p>Controlar os nervos para tomar esta decis\u00e3o continua a ser a \u00fanica compet\u00eancia que vale a pena. \u00c9 aqui que o <strong>a diferen\u00e7a entre ganhar e perder<\/strong>.<\/p>\n\n\n\n<h2 class=\"wp-block-heading\" id=\"les-bonus-et-malus-qui-pimentent-chaque-partie\">B\u00f3nus e penaliza\u00e7\u00f5es para apimentar cada jogo<\/h2>\n\n\n\n<p>Mas a constru\u00e7\u00e3o b\u00e1sica \u00e9 apenas o in\u00edcio. A verdadeira emo\u00e7\u00e3o vem da <strong>acontecimentos aleat\u00f3rios que o podem salvar ou complicar a sua tarefa<\/strong>.<\/p>\n\n\n\n<h3 class=\"wp-block-heading\">Os tr\u00eas b\u00f3nus que podem mudar tudo<\/h3>\n\n\n\n<p>Esque\u00e7a a rotina mon\u00f3tona de simplesmente empilhar tijolos uns em cima dos outros. Por vezes, o acaso interv\u00e9m e baralha o baralho sem aviso pr\u00e9vio. \u00c9 nessa altura que <strong>o casino tower rush torna-se realmente cruel<\/strong>.<\/p>\n\n\n\n<p>Estes jokers n\u00e3o s\u00e3o apenas artif\u00edcios visuais, s\u00e3o tamb\u00e9m <strong>armas estrat\u00e9gicas para a sua banca<\/strong> :<\/p>\n\n\n\n<ul class=\"wp-block-list\">\n<li>Pavimento congelado: Um pavimento \"congelado\" que <strong>garante o \u00eaxito da constru\u00e7\u00e3o do bloco seguinte<\/strong>. Trata-se de um seguro tempor\u00e1rio que o incentiva a correr mais riscos.<\/li>\n\n\n\n<li>Piso do Templo: Um piso especial que aplica um <strong>multiplicador de b\u00f3nus significativo<\/strong> aos seus ganhos actuais, aumentando exponencialmente a recompensa.<\/li>\n\n\n\n<li><strong>Constru\u00e7\u00e3o tripla<\/strong> Permite-lhe construir tr\u00eas andares de uma s\u00f3 vez, acelerando enormemente o progresso da torre e os ganhos, mas concentrando o risco.<\/li>\n<\/ul>\n\n\n\n<h3 class=\"wp-block-heading\">A armadilha dos multiplicadores negativos<\/h3>\n\n\n\n<p>Mas aten\u00e7\u00e3o, 90 % dos jogadores esquecem-se que a subida nem sempre \u00e9 linear e segura. Visitar <strong>o sistema esconde armadilhas diab\u00f3licas<\/strong> que muitas pessoas desconhecem. Pode deparar-se com pisos amaldi\u00e7oados com multiplicadores negativos, como o temido x0,5.<\/p>\n\n\n\n<p>Em termos pr\u00e1ticos, o seu patrim\u00f3nio acumulado \u00e9 <strong>imediatamente reduzido a metade<\/strong> sem aviso pr\u00e9vio. \u00c9 como um duche frio. Todos os seus esfor\u00e7os anteriores se desfazem em fumo numa fra\u00e7\u00e3o de segundo.<\/p>\n\n\n\n<p>Esta amea\u00e7a invis\u00edvel brinca com os seus nervos e acrescenta uma terr\u00edvel camada de incerteza. O medo de perder tudo por uma simples divis\u00e3o matem\u00e1tica paralisa-o. Hesita-se, treme-se e \u00e9 ent\u00e3o que se comete um erro. <strong>o erro fatal<\/strong>.<\/p>\n\n\n\n<h3 class=\"wp-block-heading\">Como \u00e9 que estas fun\u00e7\u00f5es alteram a estrat\u00e9gia<\/h3>\n\n\n\n<p>Estes perigos quebram completamente a monotonia do clique repetitivo e impedem que qualquer rotina se instale. \u00c9 imposs\u00edvel seguir um plano r\u00edgido. Cada sess\u00e3o torna-se uma <strong>uma fera imprevis\u00edvel que precisa de ser domada<\/strong> no trabalho.<\/p>\n\n\n\n<p>Um Piso Congelado transforma subitamente um jogador t\u00edmido num cabe\u00e7a quente pronto para tudo. Por outro lado, o simples medo de um multiplicador negativo obriga os grandes apostadores a garantir os seus ganhos prematuramente. <strong>O ritmo card\u00edaco dita o clique<\/strong>. \u00c9 brutal.<\/p>\n\n\n\n<p>Em suma, para sobreviver aqui, \u00e9 preciso <strong>adapta\u00e7\u00e3o constante ao caos<\/strong>. \u00c9 isso que torna a experi\u00eancia muito mais intensa do que um jogo de azar cl\u00e1ssico.<\/p>\n\n\n\n<h2 class=\"wp-block-heading\" id=\"tower-rush-face-aux-autres-jeux-lapproche-strategique\">Tower Rush contra outros jogos: a abordagem estrat\u00e9gica<\/h2>\n\n\n\n<h3 class=\"wp-block-heading\">Mais do que um jogo de embates, um jogo de timing<\/h3>\n\n\n\n<p>Esque\u00e7a a espera passiva pela descolagem de um avi\u00e3o, indefinidamente, como no Aviator. Com o Casino Tower Rush, n\u00e3o \u00e9 apenas um espetador, <strong>\u00e9 um construtor ativo<\/strong>. \u00c9s tu que colocas cada tijolo, piso a piso, levantando-o manualmente. Esta diferen\u00e7a altera toda a din\u00e2mica psicol\u00f3gica do jogo.<\/p>\n\n\n\n<p>Esta mec\u00e2nica de constru\u00e7\u00e3o oferece uma sensa\u00e7\u00e3o de controlo muito mais intensa do que a da concorr\u00eancia. Se a torre se desmoronar, fica-se pessoalmente zangado consigo pr\u00f3prio por ter sido demasiado ganancioso com aquele clique. Sente-se realmente <strong>coautor do resultado final<\/strong>.<\/p>\n\n\n\n<p>Finalmente, estamos a afastar-nos do cl\u00e1ssico \"jogo da galinha\" e a chegar ao cerne da quest\u00e3o. <strong>jogo de habilidade<\/strong>. \u00c9 quase um jogo de ritmo em que o timing da sua decis\u00e3o determina tudo.<\/p>\n\n\n\n<h3 class=\"wp-block-heading\">A import\u00e2ncia da vers\u00e3o de demonstra\u00e7\u00e3o<\/h3>\n\n\n\n<p>Seria uma loucura apostar o seu pr\u00f3prio dinheiro sem testar primeiro o terreno. Visitar <strong>vers\u00e3o de demonstra\u00e7\u00e3o gratuita dispon\u00edvel imediatamente<\/strong>N\u00e3o \u00e9 necess\u00e1rio descarregar. \u00c9 um must para qualquer jogador que se preze.<\/p>\n\n\n\n<p>D\u00e1-lhe 10.000 cr\u00e9ditos virtuais para compreender a frequ\u00eancia real dos acidentes. \u00c9 preciso sentir a frustra\u00e7\u00e3o quando a torre cai para o n\u00edvel 2 sem que isso lhe custe um c\u00eantimo. \u00c9 melhor perder dinheiro falso para <strong>aprender a li\u00e7\u00e3o<\/strong>.<\/p>\n\n\n\n<p>Em breve descobrir\u00e1 se os seus nervos aguentam a press\u00e3o. <strong>Teste os seus limites<\/strong> sem arriscar o seu sal\u00e1rio, \u00e9 t\u00e3o simples quanto isso.<\/p>\n\n\n\n<h3 class=\"wp-block-heading\">Gerir o seu risco: algumas pistas de reflex\u00e3o<\/h3>\n\n\n\n<p>Sejamos claros, nenhum m\u00e9todo milagroso bate a aleatoriedade programada pelos criadores do Galaxsys. <strong>O jogo continua a ser imprevis\u00edvel por natureza<\/strong>N\u00e3o importa o qu\u00e3o talentoso seja. A \u00fanica coisa que realmente controla \u00e9 a forma como gere a sua carteira.<\/p>\n\n\n\n<p>Para ter a certeza de que n\u00e3o vai ficar sem dinheiro, eis como <strong>o que os veteranos aplicam escrupulosamente para durar<\/strong> :<\/p>\n\n\n\n<ul class=\"wp-block-list\">\n<li>Definir um objetivo de retirada firme antes de clicar, como por exemplo <strong>parar sistematicamente num multiplicador x3<\/strong>.<\/li>\n\n\n\n<li>Fixar um or\u00e7amento rigoroso para a sess\u00e3o e <strong>fechar o separador quando o limite for atingido<\/strong>sem exce\u00e7\u00e3o.<\/li>\n\n\n\n<li><strong>Reinvestir apenas os ganhos<\/strong> das rondas anteriores para tentar os grandes pisos, sem tocar no capital inicial.<\/li>\n<\/ul>\n\n\n\n<p>Tower Rush <strong>reinventa o jogo do acidente<\/strong> gra\u00e7as \u00e0 sua mec\u00e2nica de constru\u00e7\u00e3o interactiva concebida pela Galaxsys. Mais do que uma simples aposta, requer compostura e tempo para <strong>garanta os seus ganhos antes do colapso<\/strong>. Experimenta a vers\u00e3o de demonstra\u00e7\u00e3o para te familiarizares com este desafio vertical, em que cada novo piso oscila entre <strong>pura adrenalina e estrat\u00e9gia ponderada<\/strong>.<\/p>\n<\/div>\n\n\n\n<p><\/p>","protected":false},"excerpt":{"rendered":"<p>TOWER RUSH CASINO : JOuer au jeu des tours de tiktok Jouez maintenant au jeu des tours o\u00f9 ils suffit d&#8217;empiler des maisons pour gagner de l&rsquo;argent ! Bonus de 5000\u20ac \u00e0 l&rsquo;inscription JOUER MAINTENANT (DEMO) JOUER AVEC DE l&rsquo;argent r\u00e9el Tower Rush Casino : avis et strat\u00e9gies pour 2026 \u00cates-vous lass\u00e9 de regarder les &#8230; <a title=\"home1\" class=\"read-more\" href=\"https:\/\/towerrush.eu\/pt\/\" aria-label=\"Leia mais sobre home1\">Ler mais<\/a><\/p>","protected":false},"author":1,"featured_media":0,"parent":0,"menu_order":0,"comment_status":"closed","ping_status":"closed","template":"","meta":{"footnotes":""},"class_list":["post-58","page","type-page","status-publish"],"_links":{"self":[{"href":"https:\/\/towerrush.eu\/pt\/wp-json\/wp\/v2\/pages\/58","targetHints":{"allow":["GET"]}}],"collection":[{"href":"https:\/\/towerrush.eu\/pt\/wp-json\/wp\/v2\/pages"}],"about":[{"href":"https:\/\/towerrush.eu\/pt\/wp-json\/wp\/v2\/types\/page"}],"author":[{"embeddable":true,"href":"https:\/\/towerrush.eu\/pt\/wp-json\/wp\/v2\/users\/1"}],"replies":[{"embeddable":true,"href":"https:\/\/towerrush.eu\/pt\/wp-json\/wp\/v2\/comments?post=58"}],"version-history":[{"count":59,"href":"https:\/\/towerrush.eu\/pt\/wp-json\/wp\/v2\/pages\/58\/revisions"}],"predecessor-version":[{"id":265,"href":"https:\/\/towerrush.eu\/pt\/wp-json\/wp\/v2\/pages\/58\/revisions\/265"}],"wp:attachment":[{"href":"https:\/\/towerrush.eu\/pt\/wp-json\/wp\/v2\/media?parent=58"}],"curies":[{"name":"wp","href":"https:\/\/api.w.org\/{rel}","templated":true}]}}