{"id":58,"date":"2025-10-28T04:39:00","date_gmt":"2025-10-28T04:39:00","guid":{"rendered":"https:\/\/towerrush.eu\/?page_id=58"},"modified":"2026-01-20T16:02:50","modified_gmt":"2026-01-20T16:02:50","slug":"home1","status":"publish","type":"page","link":"https:\/\/towerrush.eu\/ro\/","title":{"rendered":"home1"},"content":{"rendered":"<section class=\"gb-element-c0819d6c banner\">\n<div class=\"gb-element-0659d418\">\n<div class=\"wp-block-columns is-layout-flex wp-container-core-columns-is-layout-9d6595d7 wp-block-columns-is-layout-flex\">\n<div class=\"wp-block-column is-layout-flow wp-block-column-is-layout-flow\">\n<h2 class=\"gb-text gb-text-155ce4c1\">TOWER RUSH CASINO: JOuer \u00een jocul de trucuri tiktok<\/h2>\n\n\n\n<p class=\"has-text-align-center has-base-3-color has-text-color has-link-color wp-elements-9fa386176fcb4b4f3cddaf06d17d756b\"><strong>Joac\u0103 acum jocul Towers, unde tot ce trebuie s\u0103 faci este s\u0103 aduni case pentru a c\u00e2\u0219tiga bani! 5000 bonus de \u00eenscriere<\/strong><\/p>\n\n\n\n<div class=\"wp-block-columns is-layout-flex wp-container-core-columns-is-layout-9d6595d7 wp-block-columns-is-layout-flex\">\n<div class=\"wp-block-column is-layout-flow wp-block-column-is-layout-flow\" style=\"flex-basis:20px\"><\/div>\n\n\n\n<div class=\"wp-block-column is-layout-flow wp-block-column-is-layout-flow\">\n<a class=\"gb-text gb-text-50c1af7c\" href=\"\/play\/\">JOAC\u0102 ACUM (DEMO)<\/a>\n<\/div>\n\n\n\n<div class=\"wp-block-column is-layout-flow wp-block-column-is-layout-flow\">\n<a class=\"gb-text gb-text-6d7e1e7e\" href=\"\/play\/\">JOC CU BANI REALI<\/a>\n<\/div>\n\n\n\n<div class=\"wp-block-column is-layout-flow wp-block-column-is-layout-flow\" style=\"flex-basis:20px\"><\/div>\n<\/div>\n<\/div>\n<\/div>\n<\/div>\n<\/section>\n\n\n\n<div class=\"gb-element-cebc5281\">\n<h2 class=\"wp-block-heading\">Tower Rush Casino: opinii \u0219i strategii pentru 2026<\/h2>\n\n\n\n<p>Te-ai s\u0103turat s\u0103 prive\u0219ti rolei cum se \u00eenv\u00e2rt f\u0103r\u0103 s\u0103 po\u021bi influen\u021ba vreodat\u0103 soarta pariului t\u0103u? Tower Rush Casino reinventeaz\u0103 experien\u021ba oferindu-\u021bi control total asupra construc\u021biei rotirii tale, transform\u00e2nd fiecare clic \u00eentr-o dilem\u0103 strategic\u0103 \u00eentre c\u00e2\u0219tig imediat \u0219i risc calculat. Aici \u00ee\u021bi dezv\u0103luim numerele exacte \u0219i sfaturi bonus speciale pentru a te ajuta s\u0103 evi\u021bi capcanele acestui joc cu volatilitate ridicat\u0103.<\/p>\n\n\n\n<ol class=\"wp-block-list\">\n<li><a href=\"#tower-rush-bien-plus-quun-simple-jeu-de-crash\">Tower Rush, mult mai mult dec\u00e2t un simplu joc de accidente<\/a><\/li>\n\n\n\n<li><a href=\"#la-mecanique-de-jeu-entre-construction-et-prise-de-risque\">Mecanica jocului: \u00eentre construc\u021bie \u0219i asumarea riscurilor<\/a><\/li>\n\n\n\n<li><a href=\"#les-bonus-et-malus-qui-pimentent-chaque-partie\">Bonusuri \u0219i penaliz\u0103ri pentru a condimenta fiecare joc<\/a><\/li>\n\n\n\n<li><a href=\"#tower-rush-face-aux-autres-jeux-lapproche-strategique\">Tower Rush versus alte jocuri: abordarea strategic\u0103<\/a><\/li>\n<\/ol>\n\n\n\n<h2 class=\"wp-block-heading\" id=\"tower-rush-bien-plus-quun-simple-jeu-de-crash\">Tower Rush, mult mai mult dec\u00e2t un simplu joc de accidente<\/h2>\n\n\n\n<h3 class=\"wp-block-heading\">O fuziune \u00eentre construc\u021bii \u0219i jocuri de noroc<\/h3>\n\n\n\n<p>Uita\u021bi de aparatele slot machine unde suferi\u021bi pasiv rezultatul. Cu Tower Rush Casino, <strong>devii arhitectul propriei tale averi<\/strong>c\u0103r\u0103mid\u0103 cu c\u0103r\u0103mid\u0103. Este o crea\u021bie Galaxsys care schimb\u0103 regulile jocului. \u00ce\u021bi construie\u0219ti literalmente turnul, etaj cu etaj, \u00een timp real.<\/p>\n\n\n\n<p>Principiul este vicios: fiecare nivel pe care \u00eel termini \u00ee\u021bi umfl\u0103 multiplicatorul c\u00e2\u0219tigului. Dar aten\u021bie, structura se poate pr\u0103bu\u0219i f\u0103r\u0103 avertisment la cea mai mic\u0103 gre\u0219eal\u0103. Este un <strong>amestec toxic de abilitate perceput\u0103 \u0219i \u0219ans\u0103 brutal\u0103<\/strong>.<\/p>\n\n\n\n<p>Este o nou\u0103 dinamic\u0103 care pune cap\u0103t vechilor jocuri de mas\u0103 pr\u0103fuite. Pentru prima dat\u0103, v\u0103 ve\u021bi sim\u021bi ca \u0219i cum a\u021bi <strong>m\u00e2inile tale pe roata destinului t\u0103u<\/strong>.<\/p>\n\n\n\n<h3 class=\"wp-block-heading\">Cifre cheie de \u0219tiut<\/h3>\n\n\n\n<p>Conceptul este atr\u0103g\u0103tor, dar merit\u0103 cu adev\u0103rat? S\u0103 arunc\u0103m o privire asupra matematicii reci din spatele cortinei. Aceste date brute sunt esen\u021biale pentru <strong>evalua\u021bi dac\u0103 jocul merit\u0103 banii dvs.<\/strong>.<\/p>\n\n\n\n<p>Iat\u0103 fi\u0219a tehnic\u0103 <strong>separ\u0103 amatorii de profesioni\u0219ti<\/strong> din prezentul titlu.<\/p>\n\n\n\n<figure class=\"wp-block-table\"><table class=\"has-fixed-layout\"><thead><tr><th>Caracteristici<\/th><th>Valoare<\/th><\/tr><\/thead><tbody><tr><td>Dezvoltator<\/td><td>Galaxsys<\/td><\/tr><tr><td>Tip de joc<\/td><td>Turbo joc \/ Mini joc de construc\u021bie<\/td><\/tr><tr><td>RTP (Rata de returnare a juc\u0103torului)<\/td><td>96.12% p\u00e2n\u0103 la 97%<\/td><\/tr><tr><td>Miza minim\u0103<\/td><td>0.01 \u20ac<\/td><\/tr><tr><td>Miza maxim\u0103<\/td><td>100 \u20ac<\/td><\/tr><tr><td>Compatibilitate<\/td><td>Mobil (HTML5), Calculator<\/td><\/tr><\/tbody><\/table><\/figure>\n\n\n\n<h3 class=\"wp-block-heading\">Obiectivul: a \u00eencasa \u00eenainte de pr\u0103bu\u0219ire<\/h3>\n\n\n\n<p>Scopul t\u0103u nu este s\u0103 atingi cerul, crede-m\u0103. Scopul este s\u0103 <strong>asigura\u021bi-v\u0103 c\u00e2\u0219tigurile<\/strong> \u00eenainte ca totul s\u0103 se pr\u0103bu\u0219easc\u0103. Sincronizarea este singurul lucru care conteaz\u0103 cu adev\u0103rat \u00een aceast\u0103 experien\u021b\u0103.<\/p>\n\n\n\n<p>Fiecare etaj suplimentar \u00ee\u021bi strig\u0103 s\u0103 continui, este o capcan\u0103 mental\u0103. E\u0219ti \u00een permanen\u021b\u0103 \u00eemp\u0103r\u021bit \u00eentre atrac\u021bia unui multiplicator mai mare \u0219i teama visceral\u0103 de a pierde totul \u00eentr-o secund\u0103. Este un <strong>tortur\u0103 psihologic\u0103 delicioas\u0103<\/strong>.<\/p>\n\n\n\n<p>Ap\u0103sarea butonului \"Cash Out\" este singurul t\u0103u moment de control real. Atunci, \u0219i numai atunci, vei c\u00e2\u0219tiga \u00eempotriva ma\u0219inii.<\/p>\n\n\n\n<h2 class=\"wp-block-heading\" id=\"la-mecanique-de-jeu-entre-construction-et-prise-de-risque\">Mecanica jocului: \u00eentre construc\u021bie \u0219i asumarea riscurilor<\/h2>\n\n\n\n<p>Acum c\u0103 am stabilit scena, s\u0103 arunc\u0103m o privire la modul \u00een care se joac\u0103 un joc de Tower Rush Casino \u0219i de ce. <strong>\u00ee\u021bi pune nervii la \u00eencercare<\/strong>.<\/p>\n\n\n\n<h3 class=\"wp-block-heading\">Principiul stivuirii<\/h3>\n\n\n\n<p>Ap\u0103sa\u021bi butonul \"BUILD\" pentru a pune prima piatr\u0103. Un bloc este ad\u0103ugat la edificiul t\u0103u precar. Nimic nu se \u00eentoarce de la sine aici - tu e\u0219ti managerul \u0219antierului. Fiecare etaj suplimentar necesit\u0103 aprobarea ta manual\u0103.<\/p>\n\n\n\n<p>Fiecare clic reu\u0219it v\u0103 consolideaz\u0103 r\u00e2ndul \u0219i <strong>v\u0103 cre\u0219te poten\u021bialul de c\u00e2\u0219tig<\/strong>. Interfa\u021ba nu este aglomerat\u0103, astfel \u00eenc\u00e2t s\u0103 nu stea niciodat\u0103 \u00een calea viziunii dvs. Fie pe telefonul mobil sau pe PC, totul reac\u021bioneaz\u0103 instantaneu.<\/p>\n\n\n\n<p>Datorit\u0103 tehnologiei HTML5, jocul <strong>se lanseaz\u0103 f\u0103r\u0103 nicio desc\u0103rcare<\/strong>. Experien\u021ba r\u0103m\u00e2ne perfect fluid\u0103, indiferent de dispozitivul dvs.<\/p>\n\n\n\n<h3 class=\"wp-block-heading\">Multiplicatorul: o recompens\u0103 cu dou\u0103 t\u0103i\u0219uri<\/h3>\n\n\n\n<p>Multiplicatorul c\u00e2\u0219tigurilor nu urmeaz\u0103 o curb\u0103 lin\u0103. <strong>Explodeaz\u0103 literalmente<\/strong> cu c\u00e2t urci mai sus. Valoarea sa depinde exclusiv de \u00een\u0103l\u021bimea ame\u021bitoare pe care reu\u0219e\u0219ti s\u0103 o atingi. Este exponen\u021bial\u0103.<\/p>\n\n\n\n<p>Aceasta este capcana mental\u0103 clasic\u0103 care \u00eei a\u0219teapt\u0103 pe juc\u0103tori. Cu c\u00e2t \u00ee\u021bi cre\u0219te r\u00e2ndul, cu at\u00e2t cifrele devin mai tentante. Dar fi\u021bi aten\u021bi, <strong>probabilitatea ca totul s\u0103 se pr\u0103bu\u0219easc\u0103 cre\u0219te drastic<\/strong> la fiecare nivel nou.<\/p>\n\n\n\n<p>Acest raport risc\/randament creeaz\u0103 o tensiune palpabil\u0103 \u00een fiecare secund\u0103. Fiecare clic devine un pariu cu consecin\u021be majore. Pulsul t\u0103u se accelereaz\u0103 pe m\u0103sur\u0103 ce <strong>o gre\u0219eal\u0103 \u0219terge totul<\/strong>.<\/p>\n\n\n\n<h3 class=\"wp-block-heading\">Cash-out: arta de a \u0219ti c\u00e2nd s\u0103 te opre\u0219ti<\/h3>\n\n\n\n<p>Butonul \"CASH OUT\" este singurul t\u0103u aliat real aici. Este singura comand\u0103 care opre\u0219te pericolul imediat. Aceasta <strong>v\u0103 transform\u0103 instantaneu cifrele virtuale \u00een bani reali<\/strong>.<\/p>\n\n\n\n<p>Un conflict intern violent se desf\u0103\u0219oar\u0103 atunci \u00een mintea ta. Dac\u0103 \u00eencasezi prea repede, e\u0219ti furios pe c\u00e2\u0219tigurile pe care le-ai ratat. Dac\u0103 a\u0219tep\u021bi o secund\u0103 prea mult, turnul se pr\u0103bu\u0219e\u0219te. Tu <strong>pierde\u021bi absolut to\u021bi banii<\/strong>.<\/p>\n\n\n\n<p>St\u0103p\u00e2nirea nervilor pentru a lua aceast\u0103 decizie r\u0103m\u00e2ne singura abilitate valoroas\u0103. Acesta este punctul \u00een care <strong>diferen\u021ba dintre a c\u00e2\u0219tiga \u0219i a pierde<\/strong>.<\/p>\n\n\n\n<h2 class=\"wp-block-heading\" id=\"les-bonus-et-malus-qui-pimentent-chaque-partie\">Bonusuri \u0219i penaliz\u0103ri pentru a condimenta fiecare joc<\/h2>\n\n\n\n<p>Dar construc\u021bia de baz\u0103 este doar \u00eenceputul. Adev\u0103rata emo\u021bie vine de la <strong>evenimente aleatorii care v\u0103 pot salva sau v\u0103 pot complica sarcina<\/strong>.<\/p>\n\n\n\n<h3 class=\"wp-block-heading\">Cele trei bonusuri care pot schimba totul<\/h3>\n\n\n\n<p>Uita\u021bi de rutina monoton\u0103 de a stivui c\u0103r\u0103mizi una peste alta. Uneori, \u0219ansa intervine \u0219i rearanjeaz\u0103 pachetul f\u0103r\u0103 avertisment. Acesta este momentul \u00een care <strong>tower rush casino devine cu adev\u0103rat vicios<\/strong>.<\/p>\n\n\n\n<p>Aceste jokeri nu sunt doar artificii vizuale, ci \u0219i <strong>arme strategice pentru bankroll-ul t\u0103u<\/strong> :<\/p>\n\n\n\n<ul class=\"wp-block-list\">\n<li>Parchet \u00eenghe\u021bat: Un parchet \"\u00eenghe\u021bat\" care <strong>garanteaz\u0103 construirea cu succes a blocului urm\u0103tor<\/strong>. Este o asigurare temporar\u0103 care v\u0103 \u00eencurajeaz\u0103 s\u0103 v\u0103 asuma\u021bi mai multe riscuri.<\/li>\n\n\n\n<li>Podeaua Templului: O podea special\u0103 care aplic\u0103 o <strong>multiplicator bonus semnificativ<\/strong> la c\u00e2\u0219tigurile dvs. actuale, cresc\u00e2nd recompensa exponen\u021bial.<\/li>\n\n\n\n<li><strong>Construc\u021bie tripl\u0103<\/strong> Acest lucru v\u0103 permite s\u0103 construi\u021bi trei etaje dintr-o dat\u0103, acceler\u00e2nd masiv progresul turnului \u0219i c\u00e2\u0219tigurile, dar concentr\u00e2nd riscul.<\/li>\n<\/ul>\n\n\n\n<h3 class=\"wp-block-heading\">Capcana multiplicatorilor negativi<\/h3>\n\n\n\n<p>Dar aten\u021bie, 90 % de juc\u0103tori uit\u0103 c\u0103 ascensiunea nu este \u00eentotdeauna liniar\u0103 \u0219i sigur\u0103. Vizita\u021bi <strong>sistemul ascunde capcane diabolice<\/strong> pe care mul\u021bi oameni \u00eel ignor\u0103. Este posibil s\u0103 \u00eent\u00e2lni\u021bi podele blestemate cu multiplicatori negativi, cum ar fi temutul x0,5.<\/p>\n\n\n\n<p>\u00cen termeni practici, averea dumneavoastr\u0103 acumulat\u0103 este <strong>t\u0103iat instantaneu la jum\u0103tate<\/strong> f\u0103r\u0103 avertisment. Este ca un du\u0219 rece. Toate eforturile tale anterioare se risipesc \u00eentr-o frac\u021biune de secund\u0103.<\/p>\n\n\n\n<p>Aceast\u0103 amenin\u021bare invizibil\u0103 v\u0103 calc\u0103 pe nervi \u0219i adaug\u0103 un strat teribil de incertitudine. Teama de a pierde totul printr-o simpl\u0103 \u00eemp\u0103r\u021bire matematic\u0103 te paralizeaz\u0103. Ezita\u021bi, tremura\u021bi \u0219i atunci face\u021bi o gre\u0219eal\u0103. <strong>eroarea fatal\u0103<\/strong>.<\/p>\n\n\n\n<h3 class=\"wp-block-heading\">Modul \u00een care aceste func\u021bii modific\u0103 strategia<\/h3>\n\n\n\n<p>Aceste pericole rup complet monotonia clicului repetitiv \u0219i \u00eempiedic\u0103 orice rutin\u0103 s\u0103 se instaleze. Este imposibil s\u0103 urma\u021bi un plan rigid. Fiecare sesiune devine o <strong>o bestie imprevizibil\u0103 care trebuie \u00eembl\u00e2nzit\u0103<\/strong> la locul de munc\u0103.<\/p>\n\n\n\n<p>Un pariu \u00eenghe\u021bat transform\u0103 brusc un juc\u0103tor timid \u00eentr-un cap \u00eenfierb\u00e2ntat gata de orice. Dimpotriv\u0103, simpla team\u0103 de un multiplicator negativ \u00eei for\u021beaz\u0103 pe juc\u0103torii cu role mari s\u0103 \u00ee\u0219i asigure c\u00e2\u0219tigurile prematur. <strong>Ritmul cardiac dicteaz\u0103 click<\/strong>. Este brutal.<\/p>\n\n\n\n<p>Pe scurt, pentru a supravie\u021bui aici, ai nevoie de <strong>adaptarea permanent\u0103 la haos<\/strong>. Asta face ca experien\u021ba s\u0103 fie mult mai intens\u0103 dec\u00e2t un joc clasic de noroc.<\/p>\n\n\n\n<h2 class=\"wp-block-heading\" id=\"tower-rush-face-aux-autres-jeux-lapproche-strategique\">Tower Rush versus alte jocuri: abordarea strategic\u0103<\/h2>\n\n\n\n<h3 class=\"wp-block-heading\">Mai mult dec\u00e2t un joc de pr\u0103bu\u0219iri, un joc de sincronizare<\/h3>\n\n\n\n<p>Uit\u0103 s\u0103 a\u0219tep\u021bi pasiv ca un avion s\u0103 decoleze la nesf\u00e2r\u0219it ca la Aviator. Cu Tower Rush Casino, nu e\u0219ti doar un spectator, <strong>sunte\u021bi un constructor activ<\/strong>. Tu e\u0219ti cel care pune fiecare c\u0103r\u0103mid\u0103, etaj cu etaj, ridic\u00e2nd-o manual. Aceast\u0103 diferen\u021b\u0103 schimb\u0103 \u00eentreaga dinamic\u0103 psihologic\u0103 a jocului.<\/p>\n\n\n\n<p>Aceast\u0103 mecanic\u0103 de construc\u021bie ofer\u0103 un sentiment de control mult mai intens dec\u00e2t concuren\u021ba. Dac\u0103 turnul se pr\u0103bu\u0219e\u0219te, e\u0219ti personal sup\u0103rat pe tine pentru c\u0103 ai fost prea lacom cu acel clic. Te sim\u021bi cu adev\u0103rat <strong>coautor al rezultatului final<\/strong>.<\/p>\n\n\n\n<p>\u00cen sf\u00e2r\u0219it, ne \u00eendep\u0103rt\u0103m de clasicul \"joc al g\u0103inii\" \u0219i ajungem la miezul problemei. <strong>joc de \u00eendem\u00e2nare<\/strong>. Este aproape un joc de ritm \u00een care sincronizarea deciziei tale determin\u0103 totul.<\/p>\n\n\n\n<h3 class=\"wp-block-heading\">Importan\u021ba versiunii demo<\/h3>\n\n\n\n<p>Ar fi o nebunie s\u0103 pariezi pe banii t\u0103i f\u0103r\u0103 s\u0103 testezi terenul mai \u00eent\u00e2i. Vizita\u021bi <strong>versiune demo gratuit\u0103 disponibil\u0103 imediat<\/strong>Nu necesit\u0103 desc\u0103rcare. Este o necesitate pentru orice gamer care se respect\u0103.<\/p>\n\n\n\n<p>V\u0103 ofer\u0103 10.000 de credite virtuale pentru a \u00een\u021belege frecven\u021ba real\u0103 a pr\u0103bu\u0219irilor. Trebuie s\u0103 sim\u021bi acea frustrare c\u00e2nd turnul cade la nivelul 2 f\u0103r\u0103 s\u0103 te coste un ban. Mai bine s\u0103 pierzi bani fal\u0219i pentru <strong>\u00eenv\u0103\u021ba\u021bi lec\u021bia<\/strong>.<\/p>\n\n\n\n<p>Vei afla \u00een cur\u00e2nd dac\u0103 nervii t\u0103i pot face fa\u021b\u0103 presiunii. <strong>Testeaz\u0103-\u021bi limitele<\/strong> f\u0103r\u0103 a v\u0103 risca salariul, este la fel de simplu ca asta.<\/p>\n\n\n\n<h3 class=\"wp-block-heading\">Gestionarea riscurilor: c\u00e2teva elemente de reflec\u021bie<\/h3>\n\n\n\n<p>S\u0103 fie clar, nicio metod\u0103 miraculoas\u0103 nu bate aleatoriul programat de dezvoltatorii Galaxsys. <strong>Jocul r\u0103m\u00e2ne imprevizibil prin natura sa<\/strong>Nu conteaz\u0103 c\u00e2t de talentat e\u0219ti. Singurul lucru pe care \u00eel pute\u021bi controla cu adev\u0103rat este modul \u00een care v\u0103 gestiona\u021bi portofoliul.<\/p>\n\n\n\n<p>Pentru a v\u0103 asigura c\u0103 nu ve\u021bi scoate bani din buzunar, iat\u0103 cum <strong>ceea ce veteranii aplic\u0103 cu scrupulozitate pentru ultima<\/strong> :<\/p>\n\n\n\n<ul class=\"wp-block-list\">\n<li>Defini\u021bi o \u021bint\u0103 de retragere ferm\u0103 \u00eenainte de a face clic, cum ar fi <strong>opri\u021bi sistematic la un multiplicator x3<\/strong>.<\/li>\n\n\n\n<li>Bloca\u021bi un buget strict al sesiunii \u0219i <strong>\u00eenchide fila atunci c\u00e2nd este atins\u0103 limita<\/strong>f\u0103r\u0103 excep\u021bie.<\/li>\n\n\n\n<li><strong>Reinvestirea doar a c\u00e2\u0219tigurilor<\/strong> din rundele anterioare pentru a \u00eencerca etajele mari, f\u0103r\u0103 a atinge capitalul ini\u021bial.<\/li>\n<\/ul>\n\n\n\n<p>Tower Rush <strong>reinventeaz\u0103 jocul crash<\/strong> datorit\u0103 mecanicii sale interactive de construc\u021bie concepute de Galaxsys. Mai mult dec\u00e2t un simplu pariu, acesta necesit\u0103 calm \u0219i sincronizare pentru a <strong>asigura\u021bi-v\u0103 c\u00e2\u0219tigurile \u00eenainte de pr\u0103bu\u0219ire<\/strong>. \u00cencearc\u0103 versiunea demo pentru a te familiariza cu aceast\u0103 provocare vertical\u0103, unde fiecare etaj nou oscileaz\u0103 \u00eentre <strong>adrenalin\u0103 pur\u0103 \u0219i strategie bine g\u00e2ndit\u0103<\/strong>.<\/p>\n<\/div>\n\n\n\n<p><\/p>","protected":false},"excerpt":{"rendered":"<p>TOWER RUSH CASINO : JOuer au jeu des tours de tiktok Jouez maintenant au jeu des tours o\u00f9 ils suffit d&#8217;empiler des maisons pour gagner de l&rsquo;argent ! Bonus de 5000\u20ac \u00e0 l&rsquo;inscription JOUER MAINTENANT (DEMO) JOUER AVEC DE l&rsquo;argent r\u00e9el Tower Rush Casino : avis et strat\u00e9gies pour 2026 \u00cates-vous lass\u00e9 de regarder les &#8230; <a title=\"home1\" class=\"read-more\" href=\"https:\/\/towerrush.eu\/ro\/\" aria-label=\"Cite\u0219te mai multe despre home1\">Read more<\/a><\/p>","protected":false},"author":1,"featured_media":0,"parent":0,"menu_order":0,"comment_status":"closed","ping_status":"closed","template":"","meta":{"footnotes":""},"class_list":["post-58","page","type-page","status-publish"],"_links":{"self":[{"href":"https:\/\/towerrush.eu\/ro\/wp-json\/wp\/v2\/pages\/58","targetHints":{"allow":["GET"]}}],"collection":[{"href":"https:\/\/towerrush.eu\/ro\/wp-json\/wp\/v2\/pages"}],"about":[{"href":"https:\/\/towerrush.eu\/ro\/wp-json\/wp\/v2\/types\/page"}],"author":[{"embeddable":true,"href":"https:\/\/towerrush.eu\/ro\/wp-json\/wp\/v2\/users\/1"}],"replies":[{"embeddable":true,"href":"https:\/\/towerrush.eu\/ro\/wp-json\/wp\/v2\/comments?post=58"}],"version-history":[{"count":59,"href":"https:\/\/towerrush.eu\/ro\/wp-json\/wp\/v2\/pages\/58\/revisions"}],"predecessor-version":[{"id":265,"href":"https:\/\/towerrush.eu\/ro\/wp-json\/wp\/v2\/pages\/58\/revisions\/265"}],"wp:attachment":[{"href":"https:\/\/towerrush.eu\/ro\/wp-json\/wp\/v2\/media?parent=58"}],"curies":[{"name":"wp","href":"https:\/\/api.w.org\/{rel}","templated":true}]}}