{"id":58,"date":"2025-10-28T04:39:00","date_gmt":"2025-10-28T04:39:00","guid":{"rendered":"https:\/\/towerrush.eu\/?page_id=58"},"modified":"2026-01-20T16:02:50","modified_gmt":"2026-01-20T16:02:50","slug":"home1","status":"publish","type":"page","link":"https:\/\/towerrush.eu\/sl\/","title":{"rendered":"home1"},"content":{"rendered":"<section class=\"gb-element-c0819d6c banner\">\n<div class=\"gb-element-0659d418\">\n<div class=\"wp-block-columns is-layout-flex wp-container-core-columns-is-layout-9d6595d7 wp-block-columns-is-layout-flex\">\n<div class=\"wp-block-column is-layout-flow wp-block-column-is-layout-flow\">\n<h2 class=\"gb-text gb-text-155ce4c1\">TOWER RUSH CASINO: sodelujte v igri trikov tiktok<\/h2>\n\n\n\n<p class=\"has-text-align-center has-base-3-color has-text-color has-link-color wp-elements-9fa386176fcb4b4f3cddaf06d17d756b\"><strong>Sedaj igrajte igro Stolpi, v kateri morate le zlagati hi\u0161e in osvojiti denar! Bonus 5000 za prijavo<\/strong><\/p>\n\n\n\n<div class=\"wp-block-columns is-layout-flex wp-container-core-columns-is-layout-9d6595d7 wp-block-columns-is-layout-flex\">\n<div class=\"wp-block-column is-layout-flow wp-block-column-is-layout-flow\" style=\"flex-basis:20px\"><\/div>\n\n\n\n<div class=\"wp-block-column is-layout-flow wp-block-column-is-layout-flow\">\n<a class=\"gb-text gb-text-50c1af7c\" href=\"\/play\/\">IGRAJTE ZDAJ (DEMO)<\/a>\n<\/div>\n\n\n\n<div class=\"wp-block-column is-layout-flow wp-block-column-is-layout-flow\">\n<a class=\"gb-text gb-text-6d7e1e7e\" href=\"\/play\/\">IGRANJE S PRAVIM DENARJEM<\/a>\n<\/div>\n\n\n\n<div class=\"wp-block-column is-layout-flow wp-block-column-is-layout-flow\" style=\"flex-basis:20px\"><\/div>\n<\/div>\n<\/div>\n<\/div>\n<\/div>\n<\/section>\n\n\n\n<div class=\"gb-element-cebc5281\">\n<h2 class=\"wp-block-heading\">Tower Rush Casino: mnenja in strategije za leto 2026<\/h2>\n\n\n\n<p>Ste utrujeni od gledanja vrtenja kolutov, ne da bi lahko vplivali na usodo svoje stave? V igralnici Tower Rush Casino to izku\u0161njo na novo izumite, saj vam omogo\u010da popoln nadzor nad potekom vrtenja in vsak klik spremeni v strate\u0161ko dilemo med takoj\u0161njo zmago in premi\u0161ljenim tveganjem. Tukaj vam razkrivamo natan\u010dne \u0161tevilke in posebne bonusne nasvete, ki vam bodo pomagali izogniti se pastem te visoko volatilne igre.<\/p>\n\n\n\n<ol class=\"wp-block-list\">\n<li><a href=\"#tower-rush-bien-plus-quun-simple-jeu-de-crash\">Tower Rush, veliko ve\u010d kot le igra nesre\u010de<\/a><\/li>\n\n\n\n<li><a href=\"#la-mecanique-de-jeu-entre-construction-et-prise-de-risque\">Mehanike iger: med gradnjo in prevzemanjem tveganja<\/a><\/li>\n\n\n\n<li><a href=\"#les-bonus-et-malus-qui-pimentent-chaque-partie\">Bonusi in kazni za popestritev vsake igre<\/a><\/li>\n\n\n\n<li><a href=\"#tower-rush-face-aux-autres-jeux-lapproche-strategique\">Tower Rush v primerjavi z drugimi igrami: strate\u0161ki pristop<\/a><\/li>\n<\/ol>\n\n\n\n<h2 class=\"wp-block-heading\" id=\"tower-rush-bien-plus-quun-simple-jeu-de-crash\">Tower Rush, veliko ve\u010d kot le igra nesre\u010de<\/h2>\n\n\n\n<h3 class=\"wp-block-heading\">Zdru\u017eitev gradbeni\u0161tva in iger na sre\u010do<\/h3>\n\n\n\n<p>Pozabite na igralne avtomate, kjer pasivno prena\u0161ate rezultat. Z igralnico Tower Rush Casino, <strong>postanete arhitekt svoje sre\u010de.<\/strong>opeko za opeko. To je izdelek podjetja Galaxsys, ki spreminja pravila igre. Stolp gradite dobesedno v realnem \u010dasu, nadstropje za nadstropjem.<\/p>\n\n\n\n<p>Na\u010delo je dobro: vsaka dokon\u010dana stopnja pove\u010da mno\u017eitelj dobitka. Toda pazite, struktura se lahko ob najmanj\u0161i napaki brez opozorila zru\u0161i. To je <strong>strupena me\u0161anica zaznanih spretnosti in brutalnega naklju\u010dja<\/strong>.<\/p>\n\n\n\n<p>Tak\u0161na dinamika pokoplje stare namizne igre. Za enkrat se boste po\u010dutili, kot da ste pravkar <strong>roke na volanu svoje usode<\/strong>.<\/p>\n\n\n\n<h3 class=\"wp-block-heading\">Klju\u010dne \u0161tevilke, ki jih morate poznati<\/h3>\n\n\n\n<p>Zamisel je privla\u010dna, vendar ali se res izpla\u010da? Poglejmo hladno matematiko za zaveso. Ti neobdelani podatki so bistveni za <strong>ocenite, ali je igra vredna va\u0161ega denarja.<\/strong>.<\/p>\n\n\n\n<p>Tukaj je list s tehni\u010dnimi podatki <strong>lo\u010duje amaterje od profesionalcev<\/strong> tega naslova.<\/p>\n\n\n\n<figure class=\"wp-block-table\"><table class=\"has-fixed-layout\"><thead><tr><th>Zna\u010dilnosti<\/th><th>Vrednost<\/th><\/tr><\/thead><tbody><tr><td>Razvijalec<\/td><td>Galaxsys<\/td><\/tr><tr><td>Vrsta igre<\/td><td>Turbo igra \/ Mini gradbena igra<\/td><\/tr><tr><td>RTP (stopnja donosa igralca)<\/td><td>96.12% do 97%<\/td><\/tr><tr><td>Najmanj\u0161i vlo\u017eek<\/td><td>0.01 \u20ac<\/td><\/tr><tr><td>Najvi\u0161ji vlo\u017eek<\/td><td>100 \u20ac<\/td><\/tr><tr><td>Zdru\u017eljivost<\/td><td>Mobilni telefon (HTML5), ra\u010dunalnik<\/td><\/tr><\/tbody><\/table><\/figure>\n\n\n\n<h3 class=\"wp-block-heading\">Cilj: zaslu\u017eiti denar pred zlomom<\/h3>\n\n\n\n<p>Va\u0161 cilj ni dotakniti se neba, verjemite mi. Cilj je, da <strong>zagotovite si svoj zaslu\u017eek.<\/strong> preden se vse razblini. Pri tej izku\u0161nji je \u010das edina stvar, ki zares \u0161teje.<\/p>\n\n\n\n<p>Vsako nadaljnje nadstropje vas kar kli\u010de, naj nadaljujete, to je miselna past. Nenehno ste razpeta med vabo vi\u0161jega mno\u017eitelja in strahom, da boste v sekundi izgubili vse. To je <strong>slastno psiholo\u0161ko mu\u010denje<\/strong>.<\/p>\n\n\n\n<p>S pritiskom na gumb \"Cash Out\" imate edini pravi nadzor. Takrat in samo takrat lahko zmagate proti stroju.<\/p>\n\n\n\n<h2 class=\"wp-block-heading\" id=\"la-mecanique-de-jeu-entre-construction-et-prise-de-risque\">Mehanike iger: med gradnjo in prevzemanjem tveganja<\/h2>\n\n\n\n<p>Zdaj, ko smo pripravili prizori\u0161\u010de, si oglejmo, kako in zakaj se igra igra v igralnici Tower Rush Casino. <strong>preizku\u0161a va\u0161e \u017eivce<\/strong>.<\/p>\n\n\n\n<h3 class=\"wp-block-heading\">Na\u010delo zlaganja<\/h3>\n\n\n\n<p>Pritisnite gumb \"BUILD\", da polo\u017eite prvi kamen. Va\u0161i negotovi zgradbi se doda blok. Tu se ni\u010d ne obrne samo od sebe - vi ste upravitelj gradbi\u0161\u010da. Za vsako dodatno nadstropje je potrebna va\u0161a ro\u010dna odobritev.<\/p>\n\n\n\n<p>Vsak uspe\u0161en klik utrdi va\u0161 obrat in <strong>pove\u010da va\u0161 potencialni zaslu\u017eek.<\/strong>. Vmesnik je pregleden, tako da vas nikoli ne ovira. Ne glede na to, ali uporabljate mobilni ali osebni ra\u010dunalnik, se vse odziva takoj.<\/p>\n\n\n\n<p>Zahvaljujo\u010d tehnologiji HTML5 je igra <strong>za\u010denja brez prenosa<\/strong>. Izku\u0161nja je popolnoma teko\u010da ne glede na napravo.<\/p>\n\n\n\n<h3 class=\"wp-block-heading\">Multiplikator: dvojna nagrada<\/h3>\n\n\n\n<p>Multiplikator zaslu\u017eka ne sledi gladki krivulji. <strong>Dobesedno eksplodira<\/strong> \u010dim vi\u0161je se vzpenjate. Njegova vrednost je odvisna le od vrtoglave vi\u0161ine, ki vam jo uspe dose\u010di. Je eksponentna.<\/p>\n\n\n\n<p>To je klasi\u010dna miselna past, ki pre\u017ei na igralce. Vi\u0161ji ko je va\u0161 obrat, bolj mamljive postajajo \u0161tevilke. Toda pazite, <strong>verjetnost, da se vse sesuje, se drasti\u010dno pove\u010da.<\/strong> na vsaki novi ravni.<\/p>\n\n\n\n<p>To razmerje med tveganjem in donosnostjo vsako sekundo ustvarja ob\u010dutno napetost. Vsak klik postane igra na sre\u010do z daljnose\u017enimi posledicami. Va\u0161 utrip se pospe\u0161i, ko <strong>ena napaka izbri\u0161e vse<\/strong>.<\/p>\n\n\n\n<h3 class=\"wp-block-heading\">Cash out: umetnost, kako vedeti, kdaj se ustaviti<\/h3>\n\n\n\n<p>Gumb \"CASH OUT\" je tu va\u0161 edini pravi zaveznik. To je edini ukaz, ki ustavi neposredno nevarnost. To je . <strong>v trenutku pretvori va\u0161e virtualne \u0161tevilke v pravi denar.<\/strong>.<\/p>\n\n\n\n<p>V va\u0161i glavi se nato odigra silovit notranji konflikt. \u010ce prehitro unov\u010dite denar, se jezite zaradi zamujenih dobi\u010dkov. \u010ce \u010dakate sekundo predolgo, se stolp zru\u0161i. Na spletni strani <strong>izgubite popolnoma ves svoj denar.<\/strong>.<\/p>\n\n\n\n<p>Obvladovanje \u017eivcev pri sprejemanju te odlo\u010ditve je \u0161e vedno edina koristna ve\u0161\u010dina. Tu je treba <strong>razlika med zmago in porazom<\/strong>.<\/p>\n\n\n\n<h2 class=\"wp-block-heading\" id=\"les-bonus-et-malus-qui-pimentent-chaque-partie\">Bonusi in kazni za popestritev vsake igre<\/h2>\n\n\n\n<p>Toda osnovna konstrukcija je \u0161ele za\u010detek. Resni\u010dno navdu\u0161enje prina\u0161a <strong>naklju\u010dni dogodki, ki vas lahko re\u0161ijo ali ote\u017eijo va\u0161o nalogo.<\/strong>.<\/p>\n\n\n\n<h3 class=\"wp-block-heading\">Trije bonusi, ki lahko spremenijo vse<\/h3>\n\n\n\n<p>Pozabite na monotono rutino preprostega zlaganja opek ena na drugo. V\u010dasih se zgodi, da naklju\u010dje brez opozorila preme\u0161a karte. Takrat <strong>stolp rush casino postane res zloben<\/strong>.<\/p>\n\n\n\n<p>Ti \u0161aljivci niso le vizualni triki, temve\u010d tudi <strong>strate\u0161ko oro\u017eje za va\u0161 bankroll<\/strong> :<\/p>\n\n\n\n<ul class=\"wp-block-list\">\n<li>Zamrznjena tla: \"Zamrznjena\" tla, ki <strong>zagotavlja uspe\u0161no gradnjo naslednjega bloka.<\/strong>. To je za\u010dasno zavarovanje, ki vas spodbuja k ve\u010djemu tveganju.<\/li>\n\n\n\n<li>Tempeljska tla: Posebna tla, ki uporabljajo <strong>znaten mno\u017eitelj bonusa<\/strong> va\u0161emu trenutnemu zaslu\u017eku, kar eksponentno pove\u010da nagrado.<\/li>\n\n\n\n<li><strong>Trojna sestava<\/strong> Omogo\u010da gradnjo treh nadstropij v enem zamahu, kar mo\u010dno pospe\u0161i napredovanje stolpa in dobi\u010dke, vendar pove\u010da tveganje.<\/li>\n<\/ul>\n\n\n\n<h3 class=\"wp-block-heading\">Past negativnih multiplikatorjev<\/h3>\n\n\n\n<p>Toda pozor, 90 % igralcev pozablja, da vzpon ni vedno linearen in varen. Obi\u0161\u010dite spletno stran . <strong>sistem skriva zvite pasti<\/strong> za katere mnogi ne vedo. Morda boste naleteli na prekleta tla z negativnimi mno\u017eitelji, kot je stra\u0161ni x0,5.<\/p>\n\n\n\n<p>V praksi je va\u0161e zbrano premo\u017eenje <strong>takoj se zmanj\u0161a na polovico.<\/strong> brez opozorila. To je kot hladen tu\u0161. Vsa va\u0161a prej\u0161nja prizadevanja se v del\u010dku sekunde razblinijo v dim.<\/p>\n\n\n\n<p>Ta nevidna gro\u017enja vam gre na \u017eivce in dodaja stra\u0161no negotovost. Strah, da bi s preprostim matemati\u010dnim deljenjem izgubili vse, vas ohromi. Obotavljate se, trepetate in takrat naredite napako. <strong>usodna napaka<\/strong>.<\/p>\n\n\n\n<h3 class=\"wp-block-heading\">Kako te funkcije spreminjajo strategijo<\/h3>\n\n\n\n<p>Te nevarnosti popolnoma prekinejo monotonost ponavljajo\u010dega se klikanja in prepre\u010dijo, da bi se uveljavila rutina. Nemogo\u010de je slediti togemu na\u010drtu. Vsaka seja postane <strong>nepredvidljiva zver, ki jo je treba ukrotiti.<\/strong> na delovnem mestu.<\/p>\n\n\n\n<p>Zamrznjena tla nenadoma spremenijo srame\u017eljivega igralca v vro\u010dekrvne\u017ea, ki je pripravljen na vse. Nasprotno pa preprost strah pred negativnim mno\u017eiteljem prisili igralce z visokimi vlo\u017eki, da si pred\u010dasno zagotovijo svoj dobitek. <strong>Sr\u010dni utrip narekuje klik<\/strong>. Brutalno je.<\/p>\n\n\n\n<p>Skratka, za pre\u017eivetje tukaj potrebujete <strong>nenehno prilagajanje kaosu<\/strong>. Zato je izku\u0161nja veliko bolj intenzivna kot pri klasi\u010dni igri na sre\u010do.<\/p>\n\n\n\n<h2 class=\"wp-block-heading\" id=\"tower-rush-face-aux-autres-jeux-lapproche-strategique\">Tower Rush v primerjavi z drugimi igrami: strate\u0161ki pristop<\/h2>\n\n\n\n<h3 class=\"wp-block-heading\">Bolj kot igra trkov je igra \u010dasa<\/h3>\n\n\n\n<p>Pozabite na pasivno \u010dakanje na vzlet letala v nedogled, kot je to bilo v filmu Aviator. V igralnici Tower Rush Casino niste le gledalec, <strong>ste aktiven graditelj<\/strong>. Vi ste tisti, ki polagate vsako opeko, nadstropje za nadstropjem, in jo ro\u010dno dvigujete. Ta razlika spremeni celotno psiholo\u0161ko dinamiko igre.<\/p>\n\n\n\n<p>Ta mehanizem konstrukcije ponuja veliko bolj intenziven ob\u010dutek nadzora kot konkurenca. \u010ce se stolp zru\u0161i, ste osebno jezni nase, ker ste bili preve\u010d pohlepni s tem klikom. Resni\u010dno \u010dutite <strong>soavtor kon\u010dnega rezultata<\/strong>.<\/p>\n\n\n\n<p>Kon\u010dno smo se oddaljili od klasi\u010dne \"igre s pi\u0161\u010dancem\" in pre\u0161li k bistvu zadeve. <strong>spretnostna igra<\/strong>. To je skoraj igra ritma, kjer je vse odvisno od trenutka odlo\u010ditve.<\/p>\n\n\n\n<h3 class=\"wp-block-heading\">Pomen demo razli\u010dice<\/h3>\n\n\n\n<p>Bilo bi noro, \u010de bi stavili svoj denar, ne da bi najprej preizkusili teren. Obi\u0161\u010dite <strong>brezpla\u010dna demo razli\u010dica je na voljo takoj<\/strong>Prenos ni potreben. To je obvezen pripomo\u010dek za vsakega igralca, ki spo\u0161tuje samega sebe.<\/p>\n\n\n\n<p>Za razumevanje dejanske pogostosti nesre\u010d vam ponuja 10.000 virtualnih kreditov. Ob\u010dutiti morate razo\u010daranje, ko stolp pade na 2. stopnjo, ne da bi vas to stalo en cent. Bolje je izgubiti la\u017eni denar za <strong>nau\u010dite se lekcije<\/strong>.<\/p>\n\n\n\n<p>Kmalu boste ugotovili, ali bodo va\u0161i \u017eivci kos pritisku. <strong>Preizkusite svoje meje<\/strong> ne da bi pri tem tvegali svojo pla\u010do, saj je to preprosto.<\/p>\n\n\n\n<h3 class=\"wp-block-heading\">Obvladovanje tveganja: nekaj predlogov za razmislek<\/h3>\n\n\n\n<p>Naj bo jasno, da nobena \u010dude\u017ena metoda ne preka\u0161a naklju\u010dnosti, ki so jo programirali razvijalci sistema Galaxsys. <strong>Igra je po svoji naravi nepredvidljiva<\/strong>Ne glede na to, kako nadarjeni ste. Edina stvar, ki jo zares nadzorujete, je, kako upravljate svoj portfelj.<\/p>\n\n\n\n<p>Da ne boste ostali brez denarja, vam svetujemo <strong>kar veterani vestno uporabljajo za zadnje<\/strong> :<\/p>\n\n\n\n<ul class=\"wp-block-list\">\n<li>Pred klikom dolo\u010dite trdni cilj umika, na primer <strong>sistemati\u010dno ustavite pri mno\u017eitelju x3<\/strong>.<\/li>\n\n\n\n<li>Dolo\u010dite strog prora\u010dun seje in <strong>zapreti zavihek, ko je omejitev dose\u017eena.<\/strong>brez izjeme.<\/li>\n\n\n\n<li><strong>Samo reinvestiranje dobi\u010dkov<\/strong> prej\u0161njih krogov, da bi poskusili z velikimi nadstropji, ne da bi se dotaknili za\u010detnega kapitala.<\/li>\n<\/ul>\n\n\n\n<p>Tower Rush <strong>na novo izumlja igro tr\u010denja<\/strong> zaradi interaktivne gradbene mehanike, ki jo je zasnovalo podjetje Galaxsys. To je ve\u010d kot le stava, saj zahteva zbranost in pravo\u010dasnost, da <strong>Zagotovite si dobi\u010dek pred zlomom<\/strong>. Preizkusite demo razli\u010dico in se seznanite s tem navpi\u010dnim izzivom, kjer vsako novo nadstropje niha med <strong>\u010disti adrenalin in premi\u0161ljena strategija<\/strong>.<\/p>\n<\/div>\n\n\n\n<p><\/p>","protected":false},"excerpt":{"rendered":"<p>TOWER RUSH CASINO : JOuer au jeu des tours de tiktok Jouez maintenant au jeu des tours o\u00f9 ils suffit d&#8217;empiler des maisons pour gagner de l&rsquo;argent ! Bonus de 5000\u20ac \u00e0 l&rsquo;inscription JOUER MAINTENANT (DEMO) JOUER AVEC DE l&rsquo;argent r\u00e9el Tower Rush Casino : avis et strat\u00e9gies pour 2026 \u00cates-vous lass\u00e9 de regarder les &#8230; <a title=\"home1\" class=\"read-more\" href=\"https:\/\/towerrush.eu\/sl\/\" aria-label=\"Read more about home1\">Read more<\/a><\/p>","protected":false},"author":1,"featured_media":0,"parent":0,"menu_order":0,"comment_status":"closed","ping_status":"closed","template":"","meta":{"footnotes":""},"class_list":["post-58","page","type-page","status-publish"],"_links":{"self":[{"href":"https:\/\/towerrush.eu\/sl\/wp-json\/wp\/v2\/pages\/58","targetHints":{"allow":["GET"]}}],"collection":[{"href":"https:\/\/towerrush.eu\/sl\/wp-json\/wp\/v2\/pages"}],"about":[{"href":"https:\/\/towerrush.eu\/sl\/wp-json\/wp\/v2\/types\/page"}],"author":[{"embeddable":true,"href":"https:\/\/towerrush.eu\/sl\/wp-json\/wp\/v2\/users\/1"}],"replies":[{"embeddable":true,"href":"https:\/\/towerrush.eu\/sl\/wp-json\/wp\/v2\/comments?post=58"}],"version-history":[{"count":59,"href":"https:\/\/towerrush.eu\/sl\/wp-json\/wp\/v2\/pages\/58\/revisions"}],"predecessor-version":[{"id":265,"href":"https:\/\/towerrush.eu\/sl\/wp-json\/wp\/v2\/pages\/58\/revisions\/265"}],"wp:attachment":[{"href":"https:\/\/towerrush.eu\/sl\/wp-json\/wp\/v2\/media?parent=58"}],"curies":[{"name":"wp","href":"https:\/\/api.w.org\/{rel}","templated":true}]}}